{"id":893,"date":"2021-11-22T10:09:53","date_gmt":"2021-11-22T10:09:53","guid":{"rendered":"https:\/\/cvoriscec.com\/cvoriscec-ordinacija-dentalne-medicine\/"},"modified":"2021-12-30T09:11:01","modified_gmt":"2021-12-30T09:11:01","slug":"cvoriscec-ordinacija-dentalne-medicine","status":"publish","type":"page","link":"https:\/\/cvoriscec.com\/en\/","title":{"rendered":"\u010cvori\u0161\u0107ec &#8211; The dental office"},"content":{"rendered":"<p>[vc_row full_width=&#8221;stretch_row_content_no_spaces&#8221;][vc_column]<div class=\"relative\"><div id=\"cz_109599\" class=\"cz_sep2 cz_sep2_6 cz_sep_bottom\"><svg preserveAspectRatio=\"none\" xmlns=\"http:\/\/www.w3.org\/2000\/svg\" width=\"100%\"  viewBox=\"0 0 1600 172\">\n\t\t\t\t\t\t  <path style=\"fill:rgba(255,255,255,0.25)\" d=\"M-3,0V203H1603V0S799.951,160.451,799.951,160.5C800,160.658-3,0-3,0Z\"\/>\n\t\t\t\t\t\t  <path style=\"fill:rgba(255,255,255,0.25)\" d=\"M-3,27V230H1603V27S799.951,160.451,799.951,160.5C800,160.658-3,27-3,27Z\"\/>\n\t\t\t\t\t\t  <path style=\"fill:#ffffff\" d=\"M799.951,160.5C799.951,160.451,1603,57,1603,57V260H-3V57\"\/>\n\t\t\t\t\t\t<\/svg><\/div><\/div>[\/vc_column][\/vc_row][vc_row][vc_column]<div class=\"cz_gap clr  hide_on_tablet hide_on_mobile\" style=\"height: 140px\"><\/div><div class=\"cz_gap show_on_tablet clr \" style=\"height: 40px\"><\/div>[\/vc_column][\/vc_row][vc_row][vc_column offset=&#8221;vc_col-lg-6 vc_col-md-5&#8243;]<div class=\"cz_eqh cz_content_box_parent_fx  \"><div id=\"cz_102363\" class=\"cz_102363 cz_content_box clr\"><div class=\"cz_box_front clr\"><div class=\"cz_box_front_inner clr \"><span><\/span><div><div id=\"cz_42138\" class=\"cz_42138 cz_title clr cz_smart_fs cz_title_ba_line cz_title_pos_inline\"><div class=\"cz_title_content\"><div class=\"cz_wpe_content\"><h3 style=\"text-align: left; color: #333;\"><span style=\"font-size: 42px; font-weight: 300;\">The dental office<br \/>\nM.sc. <span style=\"color: #8eb1ba;\">\u010cvori\u0161\u0107ec<\/span> Dr.Med.Dent. <\/span><\/h3>\n<\/div><div class=\"cz_title_line cz_line_after_title\"><span>_<\/span><\/div><\/div><\/div><div class=\"cz_gap clr \" style=\"height: 30px\"><\/div>[vc_column_text]The dental office M.Sc.\u010cvori\u0161\u0107ec Dr.Med.Dent. was registered in 1998. Since 2012 we practice in a new, more spacious office, at Ulica grada Mainza 28.<\/p>\n<p>Our employees are educated continuously and apply the latest therapy methods and technologies in the field of dentistry.<\/p>\n<p>The dental office is appointed with modern and worldwide known equipment.[\/vc_column_text]<\/div><\/div><\/div><\/div><\/div>[\/vc_column][vc_column width=&#8221;1\/2&#8243; offset=&#8221;vc_hidden-sm vc_hidden-xs&#8221;]<div class=\"cz_eqh cz_content_box_parent_fx  \"><div id=\"cz_109183\" class=\"cz_109183 cz_content_box clr\"><div class=\"cz_box_front clr\"><div class=\"cz_box_front_inner clr cz_content_box_full_after\"><span><\/span><div><div id=\"cz_13535\" class=\"cz_13535 cz_group_parallax\"><div class=\"cz_layer_parallax\" style=\"width:370px;top:-154px;left:230px\"><div class=\"clr cz_parallax_v_5\"><div style=\"box-shadow:0px 0px 30px 0px rgba(0,0,0,0.25)\"><img width=\"600\" height=\"561\" src=\"data:image\/svg+xml,%3Csvg%20xmlns%3D&#39;http%3A%2F%2Fwww.w3.org%2F2000%2Fsvg&#39;%20width=&#39;600&#39;%20height=&#39;561&#39;%20viewBox%3D&#39;0%200%20600%20561&#39;%2F%3E\" data-czlz data-src=\"https:\/\/cvoriscec.com\/wp-content\/uploads\/2021\/11\/cvoriscec-ordinacija-par-003.jpg\" class=\"attachment-full\" alt=\"\" title=\"cvoriscec-ordinacija-par-003\" data-srcset=\"https:\/\/cvoriscec.com\/wp-content\/uploads\/2021\/11\/cvoriscec-ordinacija-par-003.jpg 600w, https:\/\/cvoriscec.com\/wp-content\/uploads\/2021\/11\/cvoriscec-ordinacija-par-003-300x281.jpg 300w\" data-sizes=\"(max-width: 600px) 100vw, 600px\" \/><\/div><\/div><\/div><div class=\"cz_layer_parallax\" style=\"width:320px;top:-10px;left:-125px\"><div class=\"clr cz_parallax_v_-5\"><div style=\"box-shadow:0px 0px 30px 0px rgba(0,0,0,0.25)\"><img width=\"400\" height=\"600\" src=\"data:image\/svg+xml,%3Csvg%20xmlns%3D&#39;http%3A%2F%2Fwww.w3.org%2F2000%2Fsvg&#39;%20width=&#39;400&#39;%20height=&#39;600&#39;%20viewBox%3D&#39;0%200%20400%20600&#39;%2F%3E\" data-czlz data-src=\"https:\/\/cvoriscec.com\/wp-content\/uploads\/2021\/11\/cvoriscec-ordinacija-par-001.jpg\" class=\"attachment-full\" alt=\"\" title=\"cvoriscec-ordinacija-par-001\" data-srcset=\"https:\/\/cvoriscec.com\/wp-content\/uploads\/2021\/11\/cvoriscec-ordinacija-par-001.jpg 400w, https:\/\/cvoriscec.com\/wp-content\/uploads\/2021\/11\/cvoriscec-ordinacija-par-001-200x300.jpg 200w\" data-sizes=\"(max-width: 400px) 100vw, 400px\" \/><\/div><\/div><\/div><div class=\"cz_layer_parallax\" style=\"width:320px;top:200px;left:230px\"><div class=\"clr cz_parallax_v_5\"><div style=\"box-shadow:0px 0px 30px 0px rgba(0,0,0,0.25)\"><img width=\"438\" height=\"600\" src=\"data:image\/svg+xml,%3Csvg%20xmlns%3D&#39;http%3A%2F%2Fwww.w3.org%2F2000%2Fsvg&#39;%20width=&#39;438&#39;%20height=&#39;600&#39;%20viewBox%3D&#39;0%200%20438%20600&#39;%2F%3E\" data-czlz data-src=\"https:\/\/cvoriscec.com\/wp-content\/uploads\/2021\/11\/cvoriscec-ordinacija-par-004.jpg\" class=\"attachment-full\" alt=\"\" title=\"cvoriscec-ordinacija-par-004\" data-srcset=\"https:\/\/cvoriscec.com\/wp-content\/uploads\/2021\/11\/cvoriscec-ordinacija-par-004.jpg 438w, https:\/\/cvoriscec.com\/wp-content\/uploads\/2021\/11\/cvoriscec-ordinacija-par-004-219x300.jpg 219w\" data-sizes=\"(max-width: 438px) 100vw, 438px\" \/><\/div><\/div><\/div><\/div><\/div><\/div><\/div><\/div><\/div>[\/vc_column][\/vc_row][vc_row][vc_column]<div class=\"cz_gap clr  hide_on_tablet hide_on_mobile\" style=\"height: 200px\"><\/div><div class=\"cz_gap show_on_tablet clr \" style=\"height: 80px\"><\/div>[\/vc_column][\/vc_row][vc_row][vc_column]<div class=\"cz_eqh cz_content_box_parent_fx  \"><div id=\"cz_36695\" class=\"cz_36695 cz_content_box clr\"><div class=\"cz_box_front clr\"><div class=\"cz_box_front_inner clr cz_content_box_full_before\"><span><\/span><div>[vc_row_inner content_placement=&#8221;middle&#8221; css=&#8221;.vc_custom_1569765420890{padding-top: 50px !important;padding-bottom: 50px !important;}&#8221;][vc_column_inner offset=&#8221;vc_col-lg-8 vc_col-md-6&#8243;]<div id=\"cz_108088\" class=\"cz_108088 cz_title clr cz_smart_fs cz_title_ba_line cz_title_pos_inline\"><div class=\"cz_title_content\"><div class=\"cz_wpe_content\"><h3 style=\"text-align: left; color: #333;\"><span style=\"font-size: 42px; font-weight: 300;\">Why <span style=\"color: #fff;\">\u010cvori\u0161\u0107ec<\/span>?<\/span><\/h3>\n<\/div><div class=\"cz_title_line cz_line_after_title\"><span>_<\/span><\/div><\/div><\/div><div id=\"cz_76683\" class=\"cz_76683 cz_title clr cz_smart_fs cz_title_pos_inline\"><div class=\"cz_title_content\"><div class=\"cz_wpe_content\"><p><span style=\"color: #eaeaea; font-size: 20px; font-weight: 300;\">We insist on extensive evaluation of the patient as a person, with complete care for his health and beautiful smile that builds up his self-confidence as precondition for a successful professional and private life.<\/span><\/p>\n<\/div><\/div><\/div>[\/vc_column_inner][vc_column_inner offset=&#8221;vc_col-md-4 vc_col-xs-12&#8243;]<div class=\"cz_gap clr  hide_on_tablet hide_on_mobile\" style=\"height: 0px\"><\/div><div class=\"cz_gap show_on_tablet clr \" style=\"height: 50px\"><\/div><div class=\"cz_btn_center\"><div class=\"cz_89111_p\"><a id=\"cz_89111\" class=\"cz_89111 cz_btn cz_btn_txt_no_fx cz_btn_shine\" href=\"https:\/\/cvoriscec.com\/en\/contact\/\"><span><strong>Contact us<\/strong><\/span><b class=\"cz_btn_onhover\"><strong>Contact us<\/strong><\/b><\/a><\/div><\/div>[\/vc_column_inner][\/vc_row_inner]<\/div><\/div><\/div><\/div><\/div>[\/vc_column][\/vc_row][vc_row][vc_column]<div class=\"cz_gap clr \" style=\"height: 100px\"><\/div>[\/vc_column][\/vc_row][vc_row][vc_column]<div id=\"cz_16846\" class=\"cz_16846 cz_title clr cz_smart_fs cz_title_ba_line cz_title_pos_inline tac\"><div class=\"cz_title_content\"><div class=\"cz_wpe_content\"><h3 style=\"text-align: center; color: #333;\"><span style=\"font-size: 48px; font-weight: 300;\">Our <span style=\"color: #8eb1ba;\">services<\/span><\/span><\/h3>\n<\/div><div class=\"cz_title_line cz_line_after_title\"><span>_<\/span><\/div><\/div><\/div>[\/vc_column][\/vc_row][vc_row][vc_column]<div class=\"cz_gap clr \" style=\"height: 50px\"><\/div>[\/vc_column][\/vc_row][vc_row][vc_column]<div class=\"cz_eqh cz_content_box_parent_fx  \"><div class=\"fx_shine_hover\"><div id=\"cz_46910\" class=\"cz_46910 cz_content_box clr cz_split_box_right\"><div class=\"cz_box_front clr\"><div class=\"cz_box_front_inner clr \"><span><\/span><div><div class=\"cz_gap clr \" style=\"height: 50px\"><\/div><div id=\"cz_105197\" class=\"cz_105197 cz_title clr cz_smart_fs cz_title_ba_line cz_title_pos_inline tac\"><div class=\"cz_title_content\"><div class=\"cz_wpe_content\"><h3 style=\"text-align: center; color: #333;\"><span style=\"font-size: 36px; font-weight: 300;\">ESTHETIC DENTISTRY<\/span><\/h3>\n<\/div><div class=\"cz_title_line cz_line_after_title\"><span>_<\/span><\/div><\/div><\/div><div class=\"cz_gap clr \" style=\"height: 30px\"><\/div>[vc_column_text]Includes teeth whitening, veneers, metal-free crowns and bridges which provide an absolutely natural color and form, whereby ensure an excellent esthetic effect\u2026[\/vc_column_text]<div class=\"cz_gap clr \" style=\"height: 30px\"><\/div><div class=\"cz_btn_center\"><div class=\"cz_68918_p\"><a id=\"cz_68918\" class=\"cz_68918 cz_btn cz_btn_txt_no_fx cz_btn_fill_right cz_btn_icon_after\" href=\"https:\/\/cvoriscec.com\/en\/services\/esthetic-dentistry\/\"><span><strong>Read more<\/strong><i class=\"fa fa-long-arrow-right\"><\/i><\/span><b class=\"cz_btn_onhover\"><strong>Read more<\/strong><i class=\"fa fa-long-arrow-right\"><\/i><\/b><\/a><\/div><\/div><div class=\"cz_gap clr \" style=\"height: 50px\"><\/div><\/div><\/div><\/div><div class=\"cz_split_box\" style=\"background-image: url(https:\/\/cvoriscec.com\/wp-content\/uploads\/2021\/11\/estetska-stomatologija-2-1.jpg)\"><\/div><\/div><\/div><\/div><div class=\"cz_gap clr \" style=\"height: 50px\"><\/div><div class=\"cz_eqh cz_content_box_parent_fx  \"><div class=\"fx_shine_hover\"><div id=\"cz_88667\" class=\"cz_88667 cz_content_box clr cz_split_box_left\"><div class=\"cz_split_box\" style=\"background-image: url(https:\/\/cvoriscec.com\/wp-content\/uploads\/2021\/11\/endodoncij-2a.jpg)\"><\/div><div class=\"cz_box_front clr\"><div class=\"cz_box_front_inner clr \"><span><\/span><div><div class=\"cz_gap clr \" style=\"height: 50px\"><\/div><div id=\"cz_83749\" class=\"cz_83749 cz_title clr cz_smart_fs cz_title_ba_line cz_title_pos_inline tac\"><div class=\"cz_title_content\"><div class=\"cz_wpe_content\"><h3 style=\"text-align: center; color: #333;\"><span style=\"font-size: 36px; font-weight: 300;\">ENDODONTOLOGY<\/span><\/h3>\n<\/div><div class=\"cz_title_line cz_line_after_title\"><span>_<\/span><\/div><\/div><\/div><div class=\"cz_gap clr \" style=\"height: 30px\"><\/div>[vc_column_text]Conservative dentistry is a basic treatment with the objective of preserving the tooth, respectively its root. For the purpose of improvement and best possible services we use most modern materials and equipment for endodontic treatments.\u2026[\/vc_column_text]<div class=\"cz_gap clr \" style=\"height: 30px\"><\/div><div class=\"cz_btn_center\"><div class=\"cz_95372_p\"><a id=\"cz_95372\" class=\"cz_95372 cz_btn cz_btn_txt_no_fx cz_btn_fill_right cz_btn_icon_after\" href=\"https:\/\/cvoriscec.com\/en\/services\/endodontology\/\"><span><strong>Read more<\/strong><i class=\"fa fa-long-arrow-right\"><\/i><\/span><b class=\"cz_btn_onhover\"><strong>Read more<\/strong><i class=\"fa fa-long-arrow-right\"><\/i><\/b><\/a><\/div><\/div><div class=\"cz_gap clr \" style=\"height: 50px\"><\/div><\/div><\/div><\/div><\/div><\/div><\/div>[\/vc_column][\/vc_row][vc_row][vc_column]<div class=\"cz_gap clr \" style=\"height: 50px\"><\/div><div class=\"cz_eqh cz_content_box_parent_fx  \"><div class=\"fx_shine_hover\"><div id=\"cz_70082\" class=\"cz_70082 cz_content_box clr cz_split_box_right\"><div class=\"cz_box_front clr\"><div class=\"cz_box_front_inner clr \"><span><\/span><div><div class=\"cz_gap clr \" style=\"height: 50px\"><\/div><div id=\"cz_27182\" class=\"cz_27182 cz_title clr cz_smart_fs cz_title_ba_line cz_title_pos_inline tac\"><div class=\"cz_title_content\"><div class=\"cz_wpe_content\"><h3 style=\"text-align: center; color: #333;\"><span style=\"font-size: 36px; font-weight: 300;\">IMPLANTOLOGY<\/span><\/h3>\n<\/div><div class=\"cz_title_line cz_line_after_title\"><span>_<\/span><\/div><\/div><\/div><div class=\"cz_gap clr \" style=\"height: 30px\"><\/div>[vc_column_text]Titanium screws replace the root of the missing tooth. Implants are not only used for one missing tooth but also by completely toothless jaws, where they can be used as carriers of bridges or anchoring of complete dentures. There are numerous indications for implants\u2026[\/vc_column_text]<div class=\"cz_gap clr \" style=\"height: 30px\"><\/div><div class=\"cz_btn_center\"><div class=\"cz_91652_p\"><a id=\"cz_91652\" class=\"cz_91652 cz_btn cz_btn_txt_no_fx cz_btn_fill_right cz_btn_icon_after\" href=\"https:\/\/cvoriscec.com\/en\/services\/implants\/\"><span><strong>Read more<\/strong><i class=\"fa fa-long-arrow-right\"><\/i><\/span><b class=\"cz_btn_onhover\"><strong>Read more<\/strong><i class=\"fa fa-long-arrow-right\"><\/i><\/b><\/a><\/div><\/div><div class=\"cz_gap clr \" style=\"height: 50px\"><\/div><\/div><\/div><\/div><div class=\"cz_split_box\" style=\"background-image: url(https:\/\/cvoriscec.com\/wp-content\/uploads\/2021\/11\/implantologija.jpg)\"><\/div><\/div><\/div><\/div>[\/vc_column][\/vc_row][vc_row][vc_column]<div class=\"cz_gap clr \" style=\"height: 50px\"><\/div>[\/vc_column][\/vc_row]<\/p>\n","protected":false},"excerpt":{"rendered":"<p>[vc_row full_width=&#8221;stretch_row_content_no_spaces&#8221;][vc_column][\/vc_column][\/vc_row][vc_row][vc_column][\/vc_column][\/vc_row][vc_row][vc_column offset=&#8221;vc_col-lg-6 vc_col-md-5&#8243;][\/vc_column][vc_column width=&#8221;1\/2&#8243; offset=&#8221;vc_hidden-sm vc_hidden-xs&#8221;][\/vc_column][\/vc_row][vc_row][vc_column][\/vc_column][\/vc_row][vc_row][vc_column][\/vc_column][\/vc_row][vc_row][vc_column][\/vc_column][\/vc_row][vc_row][vc_column][\/vc_column][\/vc_row][vc_row][vc_column][\/vc_column][\/vc_row][vc_row][vc_column][\/vc_column][\/vc_row][vc_row][vc_column][\/vc_column][\/vc_row][vc_row][vc_column][\/vc_column][\/vc_row] &#8230; <\/p>\n","protected":false},"author":1,"featured_media":0,"parent":0,"menu_order":0,"comment_status":"closed","ping_status":"closed","template":"","meta":[],"yoast_head":"<!-- This site is optimized with the Yoast SEO plugin v17.8 - https:\/\/yoast.com\/wordpress\/plugins\/seo\/ -->\n<title>\u010cvori\u0161\u0107ec - The dental office - Zagreb<\/title>\n<meta name=\"description\" content=\"We insist on extensive evaluation of the patient as a person, with complete care for his health and beautiful smile that builds up his self-confidence\" \/>\n<meta name=\"robots\" content=\"index, follow, max-snippet:-1, max-image-preview:large, max-video-preview:-1\" \/>\n<link rel=\"canonical\" href=\"https:\/\/cvoriscec.com\/en\/\" \/>\n<meta property=\"og:locale\" content=\"en_US\" \/>\n<meta property=\"og:type\" content=\"article\" \/>\n<meta property=\"og:title\" content=\"\u010cvori\u0161\u0107ec - The dental office - Zagreb\" \/>\n<meta property=\"og:description\" content=\"We insist on extensive evaluation of the patient as a person, with complete care for his health and beautiful smile that builds up his self-confidence\" \/>\n<meta property=\"og:url\" content=\"https:\/\/cvoriscec.com\/en\/\" \/>\n<meta property=\"og:site_name\" content=\"\u010cvori\u0161\u0107ec - Ordinacija dentalne medicine\" \/>\n<meta property=\"article:modified_time\" content=\"2021-12-30T09:11:01+00:00\" \/>\n<meta name=\"twitter:card\" content=\"summary_large_image\" \/>\n<meta name=\"twitter:label1\" content=\"Est. reading time\" \/>\n\t<meta name=\"twitter:data1\" content=\"6 minutes\" \/>\n<script type=\"application\/ld+json\" class=\"yoast-schema-graph\">{\"@context\":\"https:\/\/schema.org\",\"@graph\":[{\"@type\":\"WebSite\",\"@id\":\"https:\/\/cvoriscec.com\/#website\",\"url\":\"https:\/\/cvoriscec.com\/\",\"name\":\"\\u010cvori\\u0161\\u0107ec - Ordinacija dentalne medicine\",\"description\":\"\",\"potentialAction\":[{\"@type\":\"SearchAction\",\"target\":{\"@type\":\"EntryPoint\",\"urlTemplate\":\"https:\/\/cvoriscec.com\/?s={search_term_string}\"},\"query-input\":\"required name=search_term_string\"}],\"inLanguage\":\"en-US\"},{\"@type\":\"WebPage\",\"@id\":\"https:\/\/cvoriscec.com\/en\/#webpage\",\"url\":\"https:\/\/cvoriscec.com\/en\/\",\"name\":\"\\u010cvori\\u0161\\u0107ec - The dental office - Zagreb\",\"isPartOf\":{\"@id\":\"https:\/\/cvoriscec.com\/#website\"},\"datePublished\":\"2021-11-22T10:09:53+00:00\",\"dateModified\":\"2021-12-30T09:11:01+00:00\",\"description\":\"We insist on extensive evaluation of the patient as a person, with complete care for his health and beautiful smile that builds up his self-confidence\",\"breadcrumb\":{\"@id\":\"https:\/\/cvoriscec.com\/en\/#breadcrumb\"},\"inLanguage\":\"en-US\",\"potentialAction\":[{\"@type\":\"ReadAction\",\"target\":[\"https:\/\/cvoriscec.com\/en\/\"]}]},{\"@type\":\"BreadcrumbList\",\"@id\":\"https:\/\/cvoriscec.com\/en\/#breadcrumb\",\"itemListElement\":[{\"@type\":\"ListItem\",\"position\":1,\"name\":\"Po\\u010detna stranica\",\"item\":\"https:\/\/cvoriscec.com\/en\/\"},{\"@type\":\"ListItem\",\"position\":2,\"name\":\"\\u010cvori\\u0161\\u0107ec &#8211; The dental office\"}]}]}<\/script>\n<!-- \/ Yoast SEO plugin. -->","yoast_head_json":{"title":"\u010cvori\u0161\u0107ec - The dental office - Zagreb","description":"We insist on extensive evaluation of the patient as a person, with complete care for his health and beautiful smile that builds up his self-confidence","robots":{"index":"index","follow":"follow","max-snippet":"max-snippet:-1","max-image-preview":"max-image-preview:large","max-video-preview":"max-video-preview:-1"},"canonical":"https:\/\/cvoriscec.com\/en\/","og_locale":"en_US","og_type":"article","og_title":"\u010cvori\u0161\u0107ec - The dental office - Zagreb","og_description":"We insist on extensive evaluation of the patient as a person, with complete care for his health and beautiful smile that builds up his self-confidence","og_url":"https:\/\/cvoriscec.com\/en\/","og_site_name":"\u010cvori\u0161\u0107ec - Ordinacija dentalne medicine","article_modified_time":"2021-12-30T09:11:01+00:00","twitter_card":"summary_large_image","twitter_misc":{"Est. reading time":"6 minutes"},"schema":{"@context":"https:\/\/schema.org","@graph":[{"@type":"WebSite","@id":"https:\/\/cvoriscec.com\/#website","url":"https:\/\/cvoriscec.com\/","name":"\u010cvori\u0161\u0107ec - Ordinacija dentalne medicine","description":"","potentialAction":[{"@type":"SearchAction","target":{"@type":"EntryPoint","urlTemplate":"https:\/\/cvoriscec.com\/?s={search_term_string}"},"query-input":"required name=search_term_string"}],"inLanguage":"en-US"},{"@type":"WebPage","@id":"https:\/\/cvoriscec.com\/en\/#webpage","url":"https:\/\/cvoriscec.com\/en\/","name":"\u010cvori\u0161\u0107ec - The dental office - Zagreb","isPartOf":{"@id":"https:\/\/cvoriscec.com\/#website"},"datePublished":"2021-11-22T10:09:53+00:00","dateModified":"2021-12-30T09:11:01+00:00","description":"We insist on extensive evaluation of the patient as a person, with complete care for his health and beautiful smile that builds up his self-confidence","breadcrumb":{"@id":"https:\/\/cvoriscec.com\/en\/#breadcrumb"},"inLanguage":"en-US","potentialAction":[{"@type":"ReadAction","target":["https:\/\/cvoriscec.com\/en\/"]}]},{"@type":"BreadcrumbList","@id":"https:\/\/cvoriscec.com\/en\/#breadcrumb","itemListElement":[{"@type":"ListItem","position":1,"name":"Po\u010detna stranica","item":"https:\/\/cvoriscec.com\/en\/"},{"@type":"ListItem","position":2,"name":"\u010cvori\u0161\u0107ec &#8211; The dental office"}]}]}},"_links":{"self":[{"href":"https:\/\/cvoriscec.com\/en\/wp-json\/wp\/v2\/pages\/893"}],"collection":[{"href":"https:\/\/cvoriscec.com\/en\/wp-json\/wp\/v2\/pages"}],"about":[{"href":"https:\/\/cvoriscec.com\/en\/wp-json\/wp\/v2\/types\/page"}],"author":[{"embeddable":true,"href":"https:\/\/cvoriscec.com\/en\/wp-json\/wp\/v2\/users\/1"}],"replies":[{"embeddable":true,"href":"https:\/\/cvoriscec.com\/en\/wp-json\/wp\/v2\/comments?post=893"}],"version-history":[{"count":2,"href":"https:\/\/cvoriscec.com\/en\/wp-json\/wp\/v2\/pages\/893\/revisions"}],"predecessor-version":[{"id":895,"href":"https:\/\/cvoriscec.com\/en\/wp-json\/wp\/v2\/pages\/893\/revisions\/895"}],"wp:attachment":[{"href":"https:\/\/cvoriscec.com\/en\/wp-json\/wp\/v2\/media?parent=893"}],"curies":[{"name":"wp","href":"https:\/\/api.w.org\/{rel}","templated":true}]}}