{"id":874,"date":"2021-11-23T05:28:00","date_gmt":"2021-11-23T05:28:00","guid":{"rendered":"https:\/\/cvoriscec.com\/services\/estetska-stomatologija\/"},"modified":"2021-12-13T15:21:35","modified_gmt":"2021-12-13T15:21:35","slug":"esthetic-dentistry","status":"publish","type":"page","link":"https:\/\/cvoriscec.com\/en\/services\/esthetic-dentistry\/","title":{"rendered":"Esthetic dentistry"},"content":{"rendered":"<p>[vc_row gap=&#8221;15&#8243; content_placement=&#8221;middle&#8221; css=&#8221;.vc_custom_1637646892597{padding-top: 30px !important;padding-bottom: 80px !important;}&#8221;][vc_column offset=&#8221;vc_col-md-6&#8243;]<div id=\"cz_107046\" class=\"cz_107046 cz_image clr cz_image_no_fx center_on_mobile\"><div class=\"cz_svg_bg\" ><div class=\"cz_image_in\"><div class=\"cz_main_image\"><img width=\"760\" height=\"600\" src=\"data:image\/svg+xml,%3Csvg%20xmlns%3D&#39;http%3A%2F%2Fwww.w3.org%2F2000%2Fsvg&#39;%20width=&#39;760&#39;%20height=&#39;600&#39;%20viewBox%3D&#39;0%200%20760%20600&#39;%2F%3E\" data-czlz data-src=\"https:\/\/cvoriscec.com\/wp-content\/uploads\/2021\/11\/estetska-stomatologija-2-1.jpg\" class=\"attachment-full\" alt=\"\" title=\"estetska-stomatologija-2\" data-srcset=\"https:\/\/cvoriscec.com\/wp-content\/uploads\/2021\/11\/estetska-stomatologija-2-1.jpg 760w, https:\/\/cvoriscec.com\/wp-content\/uploads\/2021\/11\/estetska-stomatologija-2-1-300x237.jpg 300w, https:\/\/cvoriscec.com\/wp-content\/uploads\/2021\/11\/estetska-stomatologija-2-1-600x474.jpg 600w\" data-sizes=\"(max-width: 760px) 100vw, 760px\" \/><\/div><\/div><\/div><\/div><div class=\"cz_gap clr  hide_on_tablet hide_on_mobile\" style=\"height: 0px\"><\/div><div class=\"cz_gap show_on_tablet clr \" style=\"height: 80px\"><\/div>[\/vc_column][vc_column offset=&#8221;vc_col-md-6&#8243;]<div id=\"cz_58668\" class=\"cz_58668 cz_title clr cz_smart_fs cz_title_ba_line cz_title_pos_inline\"><div class=\"cz_title_content\"><div class=\"cz_wpe_content\"><h3 style=\"color: #333;\"><span style=\"font-size: 38px; font-weight: 300;\">Esthetic <span style=\"color: #8eb1ba;\">dentistry<\/span><\/span><\/h3>\n<\/div><div class=\"cz_title_line cz_line_after_title\"><span>_<\/span><\/div><\/div><\/div><div class=\"cz_gap clr \" style=\"height: 35px\"><\/div>[vc_column_text]Today at our disposal we have a wide array of dental procedures, which enable us to achieve not only oral health but also the attraction and beauty of a smile. The esthetic dentistry is not neglecting its primary task \u2013 the harmonious functioning of the masticatory system, but nowadays is also pursuing the need for esthetics. This part of dentistry, besides good prevention, diagnostics and repair of oral structures is also focusing on the smile esthetics, healthy and beautiful white teeth.<\/p>\n<p>The esthetic dentistry includes teeth whitening, veneers, metal-free crowns (provide an absolutely natural color and form because they contain no metal, whereby ensure an excellent esthetic effect.[\/vc_column_text][\/vc_column][\/vc_row][vc_row full_width=&#8221;stretch_row&#8221; gap=&#8221;15&#8243; content_placement=&#8221;middle&#8221; css=&#8221;.vc_custom_1637646899978{padding-top: 80px !important;padding-bottom: 80px !important;background-color: #eaeaea !important;}&#8221;][vc_column offset=&#8221;vc_col-md-6&#8243;]<div id=\"cz_24891\" class=\"cz_24891 cz_title clr cz_smart_fs cz_title_ba_line cz_title_pos_inline\"><div class=\"cz_title_content\"><div class=\"cz_wpe_content\"><h3 style=\"color: #333;\"><span style=\"font-size: 38px; font-weight: 300;\">Teeth <span style=\"color: #8eb1ba;\">whitening<\/span><\/span><\/h3>\n<\/div><div class=\"cz_title_line cz_line_after_title\"><span>_<\/span><\/div><\/div><\/div><div class=\"cz_gap clr \" style=\"height: 35px\"><\/div>[vc_column_text]In the course of time, because of aging and under the influence of numerous habits, the dental enamel loses whiteness and becomes grayish or yellowish, full of pigmentation, which can not be removed by tooth polishing. In that case we use the removal of teeth pigmentation by whitening, which includes the use of media, on the basis of oxidation process of urea or hydrogen peroxide with the tooth surface.<\/p>\n<p>With today&#8217;s methods only one visit to the dentist is needed whereby an optimal result is achieved. After the cleaning of hard and soft plaque a gel is applied on the teeth and activated chemically, thermally or by light, depending on the method. The methods differ in activation kind and also in the accumulation of the active ingredient. Generally each of these methods takes less than an hour. The procedure is fast and painless, and the only side effect is the appearance of tooth hypersensitivity, which normally disappears within one or two days. After the teeth whitening it is necessary to avoid colored food and drinks at least 48 hours (coffee, cigarettes, red wine, colored juices, black tea\u2026). Before teeth whitening the teeth are examined to detect potential contraindications like crowns and fillings on anterior teeth, dead teeth, smoking.[\/vc_column_text][\/vc_column][vc_column offset=&#8221;vc_col-md-6&#8243;]<div id=\"cz_25647\" class=\"cz_25647 cz_image clr cz_image_no_fx center_on_mobile\"><div class=\"cz_svg_bg\" ><div class=\"cz_image_in\"><div class=\"cz_main_image\"><img width=\"800\" height=\"534\" src=\"data:image\/svg+xml,%3Csvg%20xmlns%3D&#39;http%3A%2F%2Fwww.w3.org%2F2000%2Fsvg&#39;%20width=&#39;800&#39;%20height=&#39;534&#39;%20viewBox%3D&#39;0%200%20800%20534&#39;%2F%3E\" data-czlz data-src=\"https:\/\/cvoriscec.com\/wp-content\/uploads\/2021\/11\/izbjeljivanje-zuba.jpg\" class=\"attachment-full\" alt=\"\" title=\"Izbjeljivanje zuba\" data-srcset=\"https:\/\/cvoriscec.com\/wp-content\/uploads\/2021\/11\/izbjeljivanje-zuba.jpg 800w, https:\/\/cvoriscec.com\/wp-content\/uploads\/2021\/11\/izbjeljivanje-zuba-300x200.jpg 300w, https:\/\/cvoriscec.com\/wp-content\/uploads\/2021\/11\/izbjeljivanje-zuba-768x513.jpg 768w, https:\/\/cvoriscec.com\/wp-content\/uploads\/2021\/11\/izbjeljivanje-zuba-600x401.jpg 600w\" data-sizes=\"(max-width: 800px) 100vw, 800px\" \/><\/div><\/div><\/div><\/div>[\/vc_column][\/vc_row][vc_row gap=&#8221;15&#8243; content_placement=&#8221;middle&#8221; css=&#8221;.vc_custom_1637652533734{padding-top: 80px !important;padding-bottom: 80px !important;}&#8221;][vc_column offset=&#8221;vc_col-md-6&#8243;]<div id=\"cz_27240\" class=\"cz_27240 cz_image clr cz_image_no_fx center_on_mobile\"><div class=\"cz_svg_bg\" ><div class=\"cz_image_in\"><div class=\"cz_main_image\"><img width=\"800\" height=\"491\" src=\"data:image\/svg+xml,%3Csvg%20xmlns%3D&#39;http%3A%2F%2Fwww.w3.org%2F2000%2Fsvg&#39;%20width=&#39;800&#39;%20height=&#39;491&#39;%20viewBox%3D&#39;0%200%20800%20491&#39;%2F%3E\" data-czlz data-src=\"https:\/\/cvoriscec.com\/wp-content\/uploads\/2021\/11\/keramicke-ljuskice.jpg\" class=\"attachment-full\" alt=\"\" title=\"Kerami\u010dke ljuskice\" data-srcset=\"https:\/\/cvoriscec.com\/wp-content\/uploads\/2021\/11\/keramicke-ljuskice.jpg 800w, https:\/\/cvoriscec.com\/wp-content\/uploads\/2021\/11\/keramicke-ljuskice-300x184.jpg 300w, https:\/\/cvoriscec.com\/wp-content\/uploads\/2021\/11\/keramicke-ljuskice-768x471.jpg 768w, https:\/\/cvoriscec.com\/wp-content\/uploads\/2021\/11\/keramicke-ljuskice-600x368.jpg 600w\" data-sizes=\"(max-width: 800px) 100vw, 800px\" \/><\/div><\/div><\/div><\/div>[\/vc_column][vc_column offset=&#8221;vc_col-md-6&#8243;]<div class=\"cz_gap clr  hide_on_tablet hide_on_mobile\" style=\"height: 0px\"><\/div><div class=\"cz_gap show_on_tablet clr \" style=\"height: 80px\"><\/div><div id=\"cz_60206\" class=\"cz_60206 cz_title clr cz_smart_fs cz_title_ba_line cz_title_pos_inline\"><div class=\"cz_title_content\"><div class=\"cz_wpe_content\"><h3 style=\"color: #333;\"><span style=\"font-size: 38px; font-weight: 300;\">Veneers<\/span><\/h3>\n<\/div><div class=\"cz_title_line cz_line_after_title\"><span>_<\/span><\/div><\/div><\/div><div class=\"cz_gap clr \" style=\"height: 35px\"><\/div>[vc_column_text]Veneers are custom-made ceramic facets, cemented to the prepared tooth surface. Today\u2019s materials respectively particularly translucent and transparent ceramic (porcelain), used for the preparation of such restorations, make the veneers look completely natural. Ceramic veneers can solve the majority of problems in dental medicine, but only after a detailed examination and correct indication.<\/p>\n<p>Veneers can successfully solve problems such as damages or discolorations of dental enamel, enlarged teeth gap (diastema), some rotations as well as damaged teeth through teeth grinding and pressing (bruxism). Veneers are a permanent solution that can change the tooth color considerably, as well as correct their shape and position and they are custom-made in the laboratory. Therefore, two or more dentist visits are needed. The duration of veneers is approx. 10-15 years, depending on the biological factor, tooth care and other oral structures. Veneers offer excellent esthetic results and present with a minimal invasion a fast, effective and permanent solution for a nice smile.[\/vc_column_text][\/vc_column][\/vc_row][vc_row full_width=&#8221;stretch_row&#8221; gap=&#8221;15&#8243; content_placement=&#8221;middle&#8221; css=&#8221;.vc_custom_1637646899978{padding-top: 80px !important;padding-bottom: 80px !important;background-color: #eaeaea !important;}&#8221;][vc_column offset=&#8221;vc_col-md-6&#8243;]<div id=\"cz_94643\" class=\"cz_94643 cz_title clr cz_smart_fs cz_title_ba_line cz_title_pos_inline\"><div class=\"cz_title_content\"><div class=\"cz_wpe_content\"><h3 style=\"color: #333;\"><span style=\"font-size: 38px; font-weight: 300;\">Crowns<\/span><\/h3>\n<\/div><div class=\"cz_title_line cz_line_after_title\"><span>_<\/span><\/div><\/div><\/div><div class=\"cz_gap clr \" style=\"height: 35px\"><\/div>[vc_column_text]Crowns are prosthetic replacements that restore the function and esthetics of the damaged tooth (dead teeth, teeth damaged by large cavities, big lack of dental tissues, replacement of old degraded crowns). Materials that are used these days for the fabrication of crowns are metal ceramics (under the porcelain is a frame made of semiprecious and high noble alloys) as well as metal-free ceramics with high fatigue strength (zirconium oxide, aluminium oxide). Metal ceramics have extremely good functional capability, although they are not considered as completely esthetic solution, because of the possible shine through of the metal frame, in case of a gingival recession.<\/p>\n<p>Metal-free ceramics represent an esthetic replacement for crowns with a metal core. Mechanical properties and the duration of the metal-free crown are the same as for metal ceramics, with a higher esthetic level. Grinding of the tooth for a metal-free crown is less extensive.<\/p>\n<p>The elimination of the metal core enables light to pass through ceramics and achieve better optical quality, which has also an effect on the esthetic appearance of the crown.[\/vc_column_text][\/vc_column][vc_column offset=&#8221;vc_col-md-6&#8243;]<div id=\"cz_59399\" class=\"cz_59399 cz_image clr cz_image_no_fx center_on_mobile\"><div class=\"cz_svg_bg\" ><div class=\"cz_image_in\"><div class=\"cz_main_image\"><img width=\"800\" height=\"634\" src=\"data:image\/svg+xml,%3Csvg%20xmlns%3D&#39;http%3A%2F%2Fwww.w3.org%2F2000%2Fsvg&#39;%20width=&#39;800&#39;%20height=&#39;634&#39;%20viewBox%3D&#39;0%200%20800%20634&#39;%2F%3E\" data-czlz data-src=\"https:\/\/cvoriscec.com\/wp-content\/uploads\/2021\/11\/krunice.jpg\" class=\"attachment-full\" alt=\"\" title=\"Krunice\" data-srcset=\"https:\/\/cvoriscec.com\/wp-content\/uploads\/2021\/11\/krunice.jpg 800w, https:\/\/cvoriscec.com\/wp-content\/uploads\/2021\/11\/krunice-300x238.jpg 300w, https:\/\/cvoriscec.com\/wp-content\/uploads\/2021\/11\/krunice-768x609.jpg 768w, https:\/\/cvoriscec.com\/wp-content\/uploads\/2021\/11\/krunice-600x476.jpg 600w\" data-sizes=\"(max-width: 800px) 100vw, 800px\" \/><\/div><\/div><\/div><\/div>[\/vc_column][\/vc_row][vc_row gap=&#8221;15&#8243; content_placement=&#8221;middle&#8221; css=&#8221;.vc_custom_1637652533734{padding-top: 80px !important;padding-bottom: 80px !important;}&#8221;][vc_column offset=&#8221;vc_col-md-6&#8243;]<div id=\"cz_28195\" class=\"cz_28195 cz_image clr cz_image_no_fx center_on_mobile\"><div class=\"cz_svg_bg\" ><div class=\"cz_image_in\"><div class=\"cz_main_image\"><img width=\"800\" height=\"600\" src=\"data:image\/svg+xml,%3Csvg%20xmlns%3D&#39;http%3A%2F%2Fwww.w3.org%2F2000%2Fsvg&#39;%20width=&#39;800&#39;%20height=&#39;600&#39;%20viewBox%3D&#39;0%200%20800%20600&#39;%2F%3E\" data-czlz data-src=\"https:\/\/cvoriscec.com\/wp-content\/uploads\/2021\/11\/mostovi.jpg\" class=\"attachment-full\" alt=\"\" title=\"Mostovi\" data-srcset=\"https:\/\/cvoriscec.com\/wp-content\/uploads\/2021\/11\/mostovi.jpg 800w, https:\/\/cvoriscec.com\/wp-content\/uploads\/2021\/11\/mostovi-300x225.jpg 300w, https:\/\/cvoriscec.com\/wp-content\/uploads\/2021\/11\/mostovi-768x576.jpg 768w, https:\/\/cvoriscec.com\/wp-content\/uploads\/2021\/11\/mostovi-600x450.jpg 600w\" data-sizes=\"(max-width: 800px) 100vw, 800px\" \/><\/div><\/div><\/div><\/div><div class=\"cz_gap clr  hide_on_tablet hide_on_mobile\" style=\"height: 0px\"><\/div><div class=\"cz_gap show_on_tablet clr \" style=\"height: 80px\"><\/div>[\/vc_column][vc_column offset=&#8221;vc_col-md-6&#8243;]<div id=\"cz_47297\" class=\"cz_47297 cz_title clr cz_smart_fs cz_title_ba_line cz_title_pos_inline\"><div class=\"cz_title_content\"><div class=\"cz_wpe_content\"><h3 style=\"color: #333;\"><span style=\"font-size: 38px; font-weight: 300;\">Bridges<\/span><\/h3>\n<\/div><div class=\"cz_title_line cz_line_after_title\"><span>_<\/span><\/div><\/div><\/div><div class=\"cz_gap clr \" style=\"height: 35px\"><\/div>[vc_column_text]Bridges are prosthetic, functional and esthetic replacements for one or more teeth. Missing teeth can lead to pathological changes in the bite, shifting and bending of teeth, damages of the temporomandibular joint, development of periodontal diseases and beginning of new caries. By the preparation of bridges it is necessary to grind the surrounding teeth, which will serve as piers for the bridge.<\/p>\n<p>The bridge is composed of crowns-piers and the bridge body which stretches across the missing teeth and replaces them. Materials used for the fabrication of bridges are metal ceramics and metal-free ceramics. After the grinding of teeth, a dental impression is made, used by the technician in the laboratory to make a customized restoration. The duration of bridges, as well as crowns, depends on the patient\u2019s health and especially on a good hygiene. Regular check-ups are also necessary.[\/vc_column_text][\/vc_column][\/vc_row][vc_row full_width=&#8221;stretch_row&#8221; gap=&#8221;15&#8243; content_placement=&#8221;middle&#8221; css=&#8221;.vc_custom_1637646899978{padding-top: 80px !important;padding-bottom: 80px !important;background-color: #eaeaea !important;}&#8221;][vc_column offset=&#8221;vc_col-md-6&#8243;]<div id=\"cz_104421\" class=\"cz_104421 cz_title clr cz_smart_fs cz_title_ba_line cz_title_pos_inline\"><div class=\"cz_title_content\"><div class=\"cz_wpe_content\"><h3 style=\"color: #333;\"><span style=\"font-size: 38px; font-weight: 300;\">Filling <\/span><\/h3>\n<\/div><div class=\"cz_title_line cz_line_after_title\"><span>_<\/span><\/div><\/div><\/div><div class=\"cz_gap clr \" style=\"height: 35px\"><\/div>[vc_column_text]Fillings are used to replace the lost tooth structure (caused by caries or fracture) in cases when the tooth damage is not too big.<\/p>\n<p>Nowadays materials used for fillings are esthetical, have excellent mechanical properties and connect well with the tooth structure (if used correctly).<\/p>\n<p>Fillings are made in this way that they reproduce the look of the tooth faithfully. This means that the filling forms every bump and every dent like on a natural tooth and the transition from tooth to filling must be invisible. It is insisted on the forming of bumps not only for esthetic but also for functional reasons. Every filling must truly reproduce the look of the natural tooth for a reason. If this is not taken into account a dysfunction of natural bite force distribution takes place, which causes serious complications in the oral cavity. Bad fillings can also be the reason for remaining of food between the teeth, bleeding of the gums, bad breath and development of pockets.[\/vc_column_text][\/vc_column][vc_column offset=&#8221;vc_col-md-6&#8243;]<div id=\"cz_107561\" class=\"cz_107561 cz_image clr cz_image_no_fx center_on_mobile\"><div class=\"cz_svg_bg\" ><div class=\"cz_image_in\"><div class=\"cz_main_image\"><img width=\"800\" height=\"510\" src=\"data:image\/svg+xml,%3Csvg%20xmlns%3D&#39;http%3A%2F%2Fwww.w3.org%2F2000%2Fsvg&#39;%20width=&#39;800&#39;%20height=&#39;510&#39;%20viewBox%3D&#39;0%200%20800%20510&#39;%2F%3E\" data-czlz data-src=\"https:\/\/cvoriscec.com\/wp-content\/uploads\/2021\/11\/ispuni.jpg\" class=\"attachment-full\" alt=\"\" title=\"Ispuni\" data-srcset=\"https:\/\/cvoriscec.com\/wp-content\/uploads\/2021\/11\/ispuni.jpg 800w, https:\/\/cvoriscec.com\/wp-content\/uploads\/2021\/11\/ispuni-300x191.jpg 300w, https:\/\/cvoriscec.com\/wp-content\/uploads\/2021\/11\/ispuni-768x490.jpg 768w, https:\/\/cvoriscec.com\/wp-content\/uploads\/2021\/11\/ispuni-600x383.jpg 600w\" data-sizes=\"(max-width: 800px) 100vw, 800px\" \/><\/div><\/div><\/div><\/div>[\/vc_column][\/vc_row]<\/p>\n","protected":false},"excerpt":{"rendered":"<p>[vc_row gap=&#8221;15&#8243; content_placement=&#8221;middle&#8221; css=&#8221;.vc_custom_1637646892597{padding-top: 30px !important;padding-bottom: 80px !important;}&#8221;][vc_column offset=&#8221;vc_col-md-6&#8243;][\/vc_column][vc_column offset=&#8221;vc_col-md-6&#8243;][vc_column_text]Today at &#8230; <\/p>\n","protected":false},"author":1,"featured_media":0,"parent":859,"menu_order":0,"comment_status":"closed","ping_status":"closed","template":"","meta":[],"yoast_head":"<!-- This site is optimized with the Yoast SEO plugin v17.8 - https:\/\/yoast.com\/wordpress\/plugins\/seo\/ -->\n<title>Esthetic dentistry - \u010cvori\u0161\u0107ec - Ordinacija dentalne medicine<\/title>\n<meta name=\"robots\" content=\"index, follow, max-snippet:-1, max-image-preview:large, max-video-preview:-1\" \/>\n<link rel=\"canonical\" href=\"https:\/\/cvoriscec.com\/en\/services\/esthetic-dentistry\/\" \/>\n<meta property=\"og:locale\" content=\"en_US\" \/>\n<meta property=\"og:type\" content=\"article\" \/>\n<meta property=\"og:title\" content=\"Esthetic dentistry - \u010cvori\u0161\u0107ec - Ordinacija dentalne medicine\" \/>\n<meta property=\"og:description\" content=\"[vc_row gap=&#8221;15&#8243; content_placement=&#8221;middle&#8221; css=&#8221;.vc_custom_1637646892597{padding-top: 30px !important;padding-bottom: 80px !important;}&#8221;][vc_column offset=&#8221;vc_col-md-6&#8243;][\/vc_column][vc_column offset=&#8221;vc_col-md-6&#8243;][vc_column_text]Today at ...\" \/>\n<meta property=\"og:url\" content=\"https:\/\/cvoriscec.com\/en\/services\/esthetic-dentistry\/\" \/>\n<meta property=\"og:site_name\" content=\"\u010cvori\u0161\u0107ec - Ordinacija dentalne medicine\" \/>\n<meta property=\"article:modified_time\" content=\"2021-12-13T15:21:35+00:00\" \/>\n<meta name=\"twitter:card\" content=\"summary_large_image\" \/>\n<meta name=\"twitter:label1\" content=\"Est. reading time\" \/>\n\t<meta name=\"twitter:data1\" content=\"8 minutes\" \/>\n<script type=\"application\/ld+json\" class=\"yoast-schema-graph\">{\"@context\":\"https:\/\/schema.org\",\"@graph\":[{\"@type\":\"WebSite\",\"@id\":\"https:\/\/cvoriscec.com\/#website\",\"url\":\"https:\/\/cvoriscec.com\/\",\"name\":\"\\u010cvori\\u0161\\u0107ec - Ordinacija dentalne medicine\",\"description\":\"\",\"potentialAction\":[{\"@type\":\"SearchAction\",\"target\":{\"@type\":\"EntryPoint\",\"urlTemplate\":\"https:\/\/cvoriscec.com\/?s={search_term_string}\"},\"query-input\":\"required name=search_term_string\"}],\"inLanguage\":\"en-US\"},{\"@type\":\"WebPage\",\"@id\":\"https:\/\/cvoriscec.com\/en\/services\/esthetic-dentistry\/#webpage\",\"url\":\"https:\/\/cvoriscec.com\/en\/services\/esthetic-dentistry\/\",\"name\":\"Esthetic dentistry - \\u010cvori\\u0161\\u0107ec - Ordinacija dentalne medicine\",\"isPartOf\":{\"@id\":\"https:\/\/cvoriscec.com\/#website\"},\"datePublished\":\"2021-11-23T05:28:00+00:00\",\"dateModified\":\"2021-12-13T15:21:35+00:00\",\"breadcrumb\":{\"@id\":\"https:\/\/cvoriscec.com\/en\/services\/esthetic-dentistry\/#breadcrumb\"},\"inLanguage\":\"en-US\",\"potentialAction\":[{\"@type\":\"ReadAction\",\"target\":[\"https:\/\/cvoriscec.com\/en\/services\/esthetic-dentistry\/\"]}]},{\"@type\":\"BreadcrumbList\",\"@id\":\"https:\/\/cvoriscec.com\/en\/services\/esthetic-dentistry\/#breadcrumb\",\"itemListElement\":[{\"@type\":\"ListItem\",\"position\":1,\"name\":\"Po\\u010detna stranica\",\"item\":\"https:\/\/cvoriscec.com\/en\/\"},{\"@type\":\"ListItem\",\"position\":2,\"name\":\"Services\",\"item\":\"https:\/\/cvoriscec.com\/en\/services\/\"},{\"@type\":\"ListItem\",\"position\":3,\"name\":\"Esthetic dentistry\"}]}]}<\/script>\n<!-- \/ Yoast SEO plugin. -->","yoast_head_json":{"title":"Esthetic dentistry - \u010cvori\u0161\u0107ec - Ordinacija dentalne medicine","robots":{"index":"index","follow":"follow","max-snippet":"max-snippet:-1","max-image-preview":"max-image-preview:large","max-video-preview":"max-video-preview:-1"},"canonical":"https:\/\/cvoriscec.com\/en\/services\/esthetic-dentistry\/","og_locale":"en_US","og_type":"article","og_title":"Esthetic dentistry - \u010cvori\u0161\u0107ec - Ordinacija dentalne medicine","og_description":"[vc_row gap=&#8221;15&#8243; content_placement=&#8221;middle&#8221; css=&#8221;.vc_custom_1637646892597{padding-top: 30px !important;padding-bottom: 80px !important;}&#8221;][vc_column offset=&#8221;vc_col-md-6&#8243;][\/vc_column][vc_column offset=&#8221;vc_col-md-6&#8243;][vc_column_text]Today at ...","og_url":"https:\/\/cvoriscec.com\/en\/services\/esthetic-dentistry\/","og_site_name":"\u010cvori\u0161\u0107ec - Ordinacija dentalne medicine","article_modified_time":"2021-12-13T15:21:35+00:00","twitter_card":"summary_large_image","twitter_misc":{"Est. reading time":"8 minutes"},"schema":{"@context":"https:\/\/schema.org","@graph":[{"@type":"WebSite","@id":"https:\/\/cvoriscec.com\/#website","url":"https:\/\/cvoriscec.com\/","name":"\u010cvori\u0161\u0107ec - Ordinacija dentalne medicine","description":"","potentialAction":[{"@type":"SearchAction","target":{"@type":"EntryPoint","urlTemplate":"https:\/\/cvoriscec.com\/?s={search_term_string}"},"query-input":"required name=search_term_string"}],"inLanguage":"en-US"},{"@type":"WebPage","@id":"https:\/\/cvoriscec.com\/en\/services\/esthetic-dentistry\/#webpage","url":"https:\/\/cvoriscec.com\/en\/services\/esthetic-dentistry\/","name":"Esthetic dentistry - \u010cvori\u0161\u0107ec - Ordinacija dentalne medicine","isPartOf":{"@id":"https:\/\/cvoriscec.com\/#website"},"datePublished":"2021-11-23T05:28:00+00:00","dateModified":"2021-12-13T15:21:35+00:00","breadcrumb":{"@id":"https:\/\/cvoriscec.com\/en\/services\/esthetic-dentistry\/#breadcrumb"},"inLanguage":"en-US","potentialAction":[{"@type":"ReadAction","target":["https:\/\/cvoriscec.com\/en\/services\/esthetic-dentistry\/"]}]},{"@type":"BreadcrumbList","@id":"https:\/\/cvoriscec.com\/en\/services\/esthetic-dentistry\/#breadcrumb","itemListElement":[{"@type":"ListItem","position":1,"name":"Po\u010detna stranica","item":"https:\/\/cvoriscec.com\/en\/"},{"@type":"ListItem","position":2,"name":"Services","item":"https:\/\/cvoriscec.com\/en\/services\/"},{"@type":"ListItem","position":3,"name":"Esthetic dentistry"}]}]}},"_links":{"self":[{"href":"https:\/\/cvoriscec.com\/en\/wp-json\/wp\/v2\/pages\/874"}],"collection":[{"href":"https:\/\/cvoriscec.com\/en\/wp-json\/wp\/v2\/pages"}],"about":[{"href":"https:\/\/cvoriscec.com\/en\/wp-json\/wp\/v2\/types\/page"}],"author":[{"embeddable":true,"href":"https:\/\/cvoriscec.com\/en\/wp-json\/wp\/v2\/users\/1"}],"replies":[{"embeddable":true,"href":"https:\/\/cvoriscec.com\/en\/wp-json\/wp\/v2\/comments?post=874"}],"version-history":[{"count":2,"href":"https:\/\/cvoriscec.com\/en\/wp-json\/wp\/v2\/pages\/874\/revisions"}],"predecessor-version":[{"id":877,"href":"https:\/\/cvoriscec.com\/en\/wp-json\/wp\/v2\/pages\/874\/revisions\/877"}],"up":[{"embeddable":true,"href":"https:\/\/cvoriscec.com\/en\/wp-json\/wp\/v2\/pages\/859"}],"wp:attachment":[{"href":"https:\/\/cvoriscec.com\/en\/wp-json\/wp\/v2\/media?parent=874"}],"curies":[{"name":"wp","href":"https:\/\/api.w.org\/{rel}","templated":true}]}}