{"id":870,"date":"2021-11-23T09:02:03","date_gmt":"2021-11-23T09:02:03","guid":{"rendered":"https:\/\/cvoriscec.com\/services\/implantologija\/"},"modified":"2021-12-13T15:17:19","modified_gmt":"2021-12-13T15:17:19","slug":"implants","status":"publish","type":"page","link":"https:\/\/cvoriscec.com\/en\/services\/implants\/","title":{"rendered":"Implants"},"content":{"rendered":"<p>[vc_row gap=&#8221;15&#8243; content_placement=&#8221;middle&#8221; css=&#8221;.vc_custom_1637646892597{padding-top: 30px !important;padding-bottom: 80px !important;}&#8221;][vc_column offset=&#8221;vc_col-md-6&#8243;]<div id=\"cz_72586\" class=\"cz_72586 cz_image clr cz_image_no_fx center_on_mobile\"><div class=\"cz_svg_bg\" ><div class=\"cz_image_in\"><div class=\"cz_main_image\"><img width=\"800\" height=\"600\" src=\"data:image\/svg+xml,%3Csvg%20xmlns%3D&#39;http%3A%2F%2Fwww.w3.org%2F2000%2Fsvg&#39;%20width=&#39;800&#39;%20height=&#39;600&#39;%20viewBox%3D&#39;0%200%20800%20600&#39;%2F%3E\" data-czlz data-src=\"https:\/\/cvoriscec.com\/wp-content\/uploads\/2021\/11\/implantologija-1.jpg\" class=\"attachment-full\" alt=\"\" title=\"Implantologija\" data-srcset=\"https:\/\/cvoriscec.com\/wp-content\/uploads\/2021\/11\/implantologija-1.jpg 800w, https:\/\/cvoriscec.com\/wp-content\/uploads\/2021\/11\/implantologija-1-300x225.jpg 300w, https:\/\/cvoriscec.com\/wp-content\/uploads\/2021\/11\/implantologija-1-768x576.jpg 768w, https:\/\/cvoriscec.com\/wp-content\/uploads\/2021\/11\/implantologija-1-600x450.jpg 600w\" data-sizes=\"(max-width: 800px) 100vw, 800px\" \/><\/div><\/div><\/div><\/div><div class=\"cz_gap clr  hide_on_tablet hide_on_mobile\" style=\"height: 0px\"><\/div><div class=\"cz_gap show_on_tablet clr \" style=\"height: 80px\"><\/div>[\/vc_column][vc_column offset=&#8221;vc_col-md-6&#8243;]<div id=\"cz_88651\" class=\"cz_88651 cz_title clr cz_smart_fs cz_title_ba_line cz_title_pos_inline\"><div class=\"cz_title_content\"><div class=\"cz_wpe_content\"><h3 style=\"color: #333;\"><span style=\"font-size: 38px; font-weight: 300;\">Implants<\/span><\/h3>\n<\/div><div class=\"cz_title_line cz_line_after_title\"><span>_<\/span><\/div><\/div><\/div><div class=\"cz_gap clr \" style=\"height: 35px\"><\/div>[vc_column_text]Implants are replacements made of titanium, which replace the root of the missing tooth. Already one missing tooth disturbs the function of the whole masticatory system and can have a significant impact on esthetics. Implants solve both problems and it is not necessary to grind the surrounding teeth. Although there are numerous techniques to replace a missing tooth, none of them is so functional and permanent like the implant. The implant assures the most natural transfer of forces and keeps the bone from disappearing at the place of the missing tooth (which usually occurs after a tooth loss). Implants are not only used for one missing tooth but also in combination with other prosthodontics solutions. They are successfully used by completely toothless jaws, where they can be used as carriers of bridges, by patients that would otherwise need to use mobile dentures.<\/p>\n<p>Implants can also be used for anchoring of complete dentures, which assures their stability and provides the patient a pleasant and secure functioning. There are numerous indications for implants; however, an individual approach to each patient is necessary.<\/p>\n<p>We use implantology products \u201cNobel Biocare\u201d and \u201cAstra\u201d, which are among the world leaders of dental implantology.[\/vc_column_text][\/vc_column][\/vc_row][vc_row full_width=&#8221;stretch_row&#8221; gap=&#8221;15&#8243; content_placement=&#8221;top&#8221; css=&#8221;.vc_custom_1637656942470{padding-top: 80px !important;padding-bottom: 80px !important;background-color: #eaeaea !important;}&#8221;][vc_column offset=&#8221;vc_col-md-6&#8243;]<div id=\"cz_81890\" class=\"cz_81890 cz_title clr cz_smart_fs cz_title_ba_line cz_title_pos_inline\"><div class=\"cz_title_content\"><div class=\"cz_wpe_content\"><h4 style=\"color: #333;\"><span style=\"font-size: 32px; font-weight: 300;\">Installation of implants<\/span><\/h4>\n<\/div><div class=\"cz_title_line cz_line_after_title\"><span>_<\/span><\/div><\/div><\/div><div class=\"cz_gap clr \" style=\"height: 35px\"><\/div>[vc_column_text]Installation of implants is carried out under local anesthesia and the procedure is completely painless. A titanium screw is installed into the selected place in the bone and left 3-6 months to grow together with the bone. The procedure is called osseointegration and is necessary for the stability and duration of the implant.<\/p>\n<p>After the period of osseointegration the implant is opened and the gums are formed through a special gingiva former, which makes it look natural.[\/vc_column_text][\/vc_column][vc_column offset=&#8221;vc_col-md-6&#8243;][vc_column_text]This process takes 2-4 weeks, followed by a fabrication of permanent parts (crowns, bridges).<\/p>\n<p>Immediately after the installation of implant it is often possible to start the fabrication of teeth, first provisional and than permanent.<\/p>\n<p>It is important to know that not every missing tooth is an indication for an implant (bone deficiency, systemic diseases).<\/p>\n<p>The installation of implants is one of the most secure procedures in dental medicine, with a success rate between 90-95%.[\/vc_column_text][\/vc_column][\/vc_row]<\/p>\n","protected":false},"excerpt":{"rendered":"<p>[vc_row gap=&#8221;15&#8243; content_placement=&#8221;middle&#8221; css=&#8221;.vc_custom_1637646892597{padding-top: 30px !important;padding-bottom: 80px !important;}&#8221;][vc_column offset=&#8221;vc_col-md-6&#8243;][\/vc_column][vc_column offset=&#8221;vc_col-md-6&#8243;][vc_column_text]Implants are &#8230; <\/p>\n","protected":false},"author":1,"featured_media":0,"parent":859,"menu_order":0,"comment_status":"closed","ping_status":"closed","template":"","meta":[],"yoast_head":"<!-- This site is optimized with the Yoast SEO plugin v17.8 - https:\/\/yoast.com\/wordpress\/plugins\/seo\/ -->\n<title>Implants - \u010cvori\u0161\u0107ec - Ordinacija dentalne medicine<\/title>\n<meta name=\"robots\" content=\"index, follow, max-snippet:-1, max-image-preview:large, max-video-preview:-1\" \/>\n<link rel=\"canonical\" href=\"https:\/\/cvoriscec.com\/en\/services\/implants\/\" \/>\n<meta property=\"og:locale\" content=\"en_US\" \/>\n<meta property=\"og:type\" content=\"article\" \/>\n<meta property=\"og:title\" content=\"Implants - \u010cvori\u0161\u0107ec - Ordinacija dentalne medicine\" \/>\n<meta property=\"og:description\" content=\"[vc_row gap=&#8221;15&#8243; content_placement=&#8221;middle&#8221; css=&#8221;.vc_custom_1637646892597{padding-top: 30px !important;padding-bottom: 80px !important;}&#8221;][vc_column offset=&#8221;vc_col-md-6&#8243;][\/vc_column][vc_column offset=&#8221;vc_col-md-6&#8243;][vc_column_text]Implants are ...\" \/>\n<meta property=\"og:url\" content=\"https:\/\/cvoriscec.com\/en\/services\/implants\/\" \/>\n<meta property=\"og:site_name\" content=\"\u010cvori\u0161\u0107ec - Ordinacija dentalne medicine\" \/>\n<meta property=\"article:modified_time\" content=\"2021-12-13T15:17:19+00:00\" \/>\n<meta name=\"twitter:card\" content=\"summary_large_image\" \/>\n<meta name=\"twitter:label1\" content=\"Est. reading time\" \/>\n\t<meta name=\"twitter:data1\" content=\"3 minutes\" \/>\n<script type=\"application\/ld+json\" class=\"yoast-schema-graph\">{\"@context\":\"https:\/\/schema.org\",\"@graph\":[{\"@type\":\"WebSite\",\"@id\":\"https:\/\/cvoriscec.com\/#website\",\"url\":\"https:\/\/cvoriscec.com\/\",\"name\":\"\\u010cvori\\u0161\\u0107ec - Ordinacija dentalne medicine\",\"description\":\"\",\"potentialAction\":[{\"@type\":\"SearchAction\",\"target\":{\"@type\":\"EntryPoint\",\"urlTemplate\":\"https:\/\/cvoriscec.com\/?s={search_term_string}\"},\"query-input\":\"required name=search_term_string\"}],\"inLanguage\":\"en-US\"},{\"@type\":\"WebPage\",\"@id\":\"https:\/\/cvoriscec.com\/en\/services\/implants\/#webpage\",\"url\":\"https:\/\/cvoriscec.com\/en\/services\/implants\/\",\"name\":\"Implants - \\u010cvori\\u0161\\u0107ec - Ordinacija dentalne medicine\",\"isPartOf\":{\"@id\":\"https:\/\/cvoriscec.com\/#website\"},\"datePublished\":\"2021-11-23T09:02:03+00:00\",\"dateModified\":\"2021-12-13T15:17:19+00:00\",\"breadcrumb\":{\"@id\":\"https:\/\/cvoriscec.com\/en\/services\/implants\/#breadcrumb\"},\"inLanguage\":\"en-US\",\"potentialAction\":[{\"@type\":\"ReadAction\",\"target\":[\"https:\/\/cvoriscec.com\/en\/services\/implants\/\"]}]},{\"@type\":\"BreadcrumbList\",\"@id\":\"https:\/\/cvoriscec.com\/en\/services\/implants\/#breadcrumb\",\"itemListElement\":[{\"@type\":\"ListItem\",\"position\":1,\"name\":\"Po\\u010detna stranica\",\"item\":\"https:\/\/cvoriscec.com\/en\/\"},{\"@type\":\"ListItem\",\"position\":2,\"name\":\"Services\",\"item\":\"https:\/\/cvoriscec.com\/en\/services\/\"},{\"@type\":\"ListItem\",\"position\":3,\"name\":\"Implants\"}]}]}<\/script>\n<!-- \/ Yoast SEO plugin. -->","yoast_head_json":{"title":"Implants - \u010cvori\u0161\u0107ec - Ordinacija dentalne medicine","robots":{"index":"index","follow":"follow","max-snippet":"max-snippet:-1","max-image-preview":"max-image-preview:large","max-video-preview":"max-video-preview:-1"},"canonical":"https:\/\/cvoriscec.com\/en\/services\/implants\/","og_locale":"en_US","og_type":"article","og_title":"Implants - \u010cvori\u0161\u0107ec - Ordinacija dentalne medicine","og_description":"[vc_row gap=&#8221;15&#8243; content_placement=&#8221;middle&#8221; css=&#8221;.vc_custom_1637646892597{padding-top: 30px !important;padding-bottom: 80px !important;}&#8221;][vc_column offset=&#8221;vc_col-md-6&#8243;][\/vc_column][vc_column offset=&#8221;vc_col-md-6&#8243;][vc_column_text]Implants are ...","og_url":"https:\/\/cvoriscec.com\/en\/services\/implants\/","og_site_name":"\u010cvori\u0161\u0107ec - Ordinacija dentalne medicine","article_modified_time":"2021-12-13T15:17:19+00:00","twitter_card":"summary_large_image","twitter_misc":{"Est. reading time":"3 minutes"},"schema":{"@context":"https:\/\/schema.org","@graph":[{"@type":"WebSite","@id":"https:\/\/cvoriscec.com\/#website","url":"https:\/\/cvoriscec.com\/","name":"\u010cvori\u0161\u0107ec - Ordinacija dentalne medicine","description":"","potentialAction":[{"@type":"SearchAction","target":{"@type":"EntryPoint","urlTemplate":"https:\/\/cvoriscec.com\/?s={search_term_string}"},"query-input":"required name=search_term_string"}],"inLanguage":"en-US"},{"@type":"WebPage","@id":"https:\/\/cvoriscec.com\/en\/services\/implants\/#webpage","url":"https:\/\/cvoriscec.com\/en\/services\/implants\/","name":"Implants - \u010cvori\u0161\u0107ec - Ordinacija dentalne medicine","isPartOf":{"@id":"https:\/\/cvoriscec.com\/#website"},"datePublished":"2021-11-23T09:02:03+00:00","dateModified":"2021-12-13T15:17:19+00:00","breadcrumb":{"@id":"https:\/\/cvoriscec.com\/en\/services\/implants\/#breadcrumb"},"inLanguage":"en-US","potentialAction":[{"@type":"ReadAction","target":["https:\/\/cvoriscec.com\/en\/services\/implants\/"]}]},{"@type":"BreadcrumbList","@id":"https:\/\/cvoriscec.com\/en\/services\/implants\/#breadcrumb","itemListElement":[{"@type":"ListItem","position":1,"name":"Po\u010detna stranica","item":"https:\/\/cvoriscec.com\/en\/"},{"@type":"ListItem","position":2,"name":"Services","item":"https:\/\/cvoriscec.com\/en\/services\/"},{"@type":"ListItem","position":3,"name":"Implants"}]}]}},"_links":{"self":[{"href":"https:\/\/cvoriscec.com\/en\/wp-json\/wp\/v2\/pages\/870"}],"collection":[{"href":"https:\/\/cvoriscec.com\/en\/wp-json\/wp\/v2\/pages"}],"about":[{"href":"https:\/\/cvoriscec.com\/en\/wp-json\/wp\/v2\/types\/page"}],"author":[{"embeddable":true,"href":"https:\/\/cvoriscec.com\/en\/wp-json\/wp\/v2\/users\/1"}],"replies":[{"embeddable":true,"href":"https:\/\/cvoriscec.com\/en\/wp-json\/wp\/v2\/comments?post=870"}],"version-history":[{"count":2,"href":"https:\/\/cvoriscec.com\/en\/wp-json\/wp\/v2\/pages\/870\/revisions"}],"predecessor-version":[{"id":872,"href":"https:\/\/cvoriscec.com\/en\/wp-json\/wp\/v2\/pages\/870\/revisions\/872"}],"up":[{"embeddable":true,"href":"https:\/\/cvoriscec.com\/en\/wp-json\/wp\/v2\/pages\/859"}],"wp:attachment":[{"href":"https:\/\/cvoriscec.com\/en\/wp-json\/wp\/v2\/media?parent=870"}],"curies":[{"name":"wp","href":"https:\/\/api.w.org\/{rel}","templated":true}]}}