{"id":866,"date":"2021-11-23T08:12:23","date_gmt":"2021-11-23T08:12:23","guid":{"rendered":"https:\/\/cvoriscec.com\/services\/endodoncija\/"},"modified":"2021-12-13T15:14:27","modified_gmt":"2021-12-13T15:14:27","slug":"endodontology","status":"publish","type":"page","link":"https:\/\/cvoriscec.com\/en\/services\/endodontology\/","title":{"rendered":"Endodontology"},"content":{"rendered":"<p>[vc_row gap=&#8221;15&#8243; content_placement=&#8221;middle&#8221; css=&#8221;.vc_custom_1637646892597{padding-top: 30px !important;padding-bottom: 80px !important;}&#8221;][vc_column offset=&#8221;vc_col-md-6&#8243;]<div id=\"cz_12834\" class=\"cz_12834 cz_image clr cz_image_no_fx center_on_mobile\"><div class=\"cz_svg_bg\" ><div class=\"cz_image_in\"><div class=\"cz_main_image\"><img width=\"800\" height=\"430\" src=\"data:image\/svg+xml,%3Csvg%20xmlns%3D&#39;http%3A%2F%2Fwww.w3.org%2F2000%2Fsvg&#39;%20width=&#39;800&#39;%20height=&#39;430&#39;%20viewBox%3D&#39;0%200%20800%20430&#39;%2F%3E\" data-czlz data-src=\"https:\/\/cvoriscec.com\/wp-content\/uploads\/2021\/11\/endodoncija-01.jpg\" class=\"attachment-full\" alt=\"\" title=\"Endodoncija\" data-srcset=\"https:\/\/cvoriscec.com\/wp-content\/uploads\/2021\/11\/endodoncija-01.jpg 800w, https:\/\/cvoriscec.com\/wp-content\/uploads\/2021\/11\/endodoncija-01-300x161.jpg 300w, https:\/\/cvoriscec.com\/wp-content\/uploads\/2021\/11\/endodoncija-01-768x413.jpg 768w, https:\/\/cvoriscec.com\/wp-content\/uploads\/2021\/11\/endodoncija-01-600x323.jpg 600w\" data-sizes=\"(max-width: 800px) 100vw, 800px\" \/><\/div><\/div><\/div><\/div><div class=\"cz_gap clr  hide_on_tablet hide_on_mobile\" style=\"height: 0px\"><\/div><div class=\"cz_gap show_on_tablet clr \" style=\"height: 80px\"><\/div>[\/vc_column][vc_column offset=&#8221;vc_col-md-6&#8243;]<div id=\"cz_109876\" class=\"cz_109876 cz_title clr cz_smart_fs cz_title_ba_line cz_title_pos_inline\"><div class=\"cz_title_content\"><div class=\"cz_wpe_content\"><h3 style=\"color: #333;\"><span style=\"font-size: 38px; font-weight: 300;\">Endodontology <\/span><\/h3>\n<\/div><div class=\"cz_title_line cz_line_after_title\"><span>_<\/span><\/div><\/div><\/div><div class=\"cz_gap clr \" style=\"height: 35px\"><\/div>[vc_column_text]Spreading of bacteria into the interior of the tooth leads to an inflammation of the dental pulp (nerve), which often results in strong toothache. Sometimes the nerve dies slowly and painless, due to a slowly developing infection. The bacteria spread through root canal to the bone and cause there an inflammation (abscess or granuloma). This condition requires an endodontic therapy, which prevents the infection from spreading into the bone. Thus, the tooth and root are protected. The treatment is completely painless and we tend to make the treatment duration as short as possible.<\/p>\n<p>The modern treatment of the root canal is a kind of microsurgical procedure and requires a sterile working environment. The infected tissue is removed by sterile hand instruments or mechanical aids. The infected root canals are rinsed with disinfection liquids, dried and filled with bioinert material.<\/p>\n<p>(We are equipped with most modern materials and instrumentation for endodontic treatments)[\/vc_column_text][\/vc_column][\/vc_row][vc_row full_width=&#8221;stretch_row&#8221; gap=&#8221;15&#8243; content_placement=&#8221;top&#8221; css=&#8221;.vc_custom_1637656942470{padding-top: 80px !important;padding-bottom: 80px !important;background-color: #eaeaea !important;}&#8221;][vc_column offset=&#8221;vc_col-md-6&#8243;][vc_column_text]At the next dentist visit a composite filling or post and core for a crown is done on the treated tooth, depending on the damage of the tooth crown.<\/p>\n<p>Small pain and tooth sensitivity in the duration of two weeks till one month are a normal reaction after an endodontic treatment. In that period possibly remaining microorganisms are killed by the immune system of the body.[\/vc_column_text][\/vc_column][vc_column offset=&#8221;vc_col-md-6&#8243;][vc_column_text]An endodontically treated tooth usually last as long as a \u201cliving\u201d one, but is more fragile and breaks easier under pressure. In some cases an endodontic treatment can not be carried out successfully because the canals are very distorted and thin, previously poorly done endodontic treatments and the like. Some of these cases are successfully solved with an endodontic retreatment (repeated cleaning and disinfection of the canals) or apicectomy (surgical removal of the root tip).[\/vc_column_text][\/vc_column][\/vc_row]<\/p>\n","protected":false},"excerpt":{"rendered":"<p>[vc_row gap=&#8221;15&#8243; content_placement=&#8221;middle&#8221; css=&#8221;.vc_custom_1637646892597{padding-top: 30px !important;padding-bottom: 80px !important;}&#8221;][vc_column offset=&#8221;vc_col-md-6&#8243;][\/vc_column][vc_column offset=&#8221;vc_col-md-6&#8243;][vc_column_text]Spreading of &#8230; <\/p>\n","protected":false},"author":1,"featured_media":0,"parent":859,"menu_order":0,"comment_status":"closed","ping_status":"closed","template":"","meta":[],"yoast_head":"<!-- This site is optimized with the Yoast SEO plugin v17.8 - https:\/\/yoast.com\/wordpress\/plugins\/seo\/ -->\n<title>Endodontology - \u010cvori\u0161\u0107ec - Ordinacija dentalne medicine<\/title>\n<meta name=\"robots\" content=\"index, follow, max-snippet:-1, max-image-preview:large, max-video-preview:-1\" \/>\n<link rel=\"canonical\" href=\"https:\/\/cvoriscec.com\/en\/services\/endodontology\/\" \/>\n<meta property=\"og:locale\" content=\"en_US\" \/>\n<meta property=\"og:type\" content=\"article\" \/>\n<meta property=\"og:title\" content=\"Endodontology - \u010cvori\u0161\u0107ec - Ordinacija dentalne medicine\" \/>\n<meta property=\"og:description\" content=\"[vc_row gap=&#8221;15&#8243; content_placement=&#8221;middle&#8221; css=&#8221;.vc_custom_1637646892597{padding-top: 30px !important;padding-bottom: 80px !important;}&#8221;][vc_column offset=&#8221;vc_col-md-6&#8243;][\/vc_column][vc_column offset=&#8221;vc_col-md-6&#8243;][vc_column_text]Spreading of ...\" \/>\n<meta property=\"og:url\" content=\"https:\/\/cvoriscec.com\/en\/services\/endodontology\/\" \/>\n<meta property=\"og:site_name\" content=\"\u010cvori\u0161\u0107ec - Ordinacija dentalne medicine\" \/>\n<meta property=\"article:modified_time\" content=\"2021-12-13T15:14:27+00:00\" \/>\n<meta name=\"twitter:card\" content=\"summary_large_image\" \/>\n<meta name=\"twitter:label1\" content=\"Est. reading time\" \/>\n\t<meta name=\"twitter:data1\" content=\"2 minutes\" \/>\n<script type=\"application\/ld+json\" class=\"yoast-schema-graph\">{\"@context\":\"https:\/\/schema.org\",\"@graph\":[{\"@type\":\"WebSite\",\"@id\":\"https:\/\/cvoriscec.com\/#website\",\"url\":\"https:\/\/cvoriscec.com\/\",\"name\":\"\\u010cvori\\u0161\\u0107ec - Ordinacija dentalne medicine\",\"description\":\"\",\"potentialAction\":[{\"@type\":\"SearchAction\",\"target\":{\"@type\":\"EntryPoint\",\"urlTemplate\":\"https:\/\/cvoriscec.com\/?s={search_term_string}\"},\"query-input\":\"required name=search_term_string\"}],\"inLanguage\":\"en-US\"},{\"@type\":\"WebPage\",\"@id\":\"https:\/\/cvoriscec.com\/en\/services\/endodontology\/#webpage\",\"url\":\"https:\/\/cvoriscec.com\/en\/services\/endodontology\/\",\"name\":\"Endodontology - \\u010cvori\\u0161\\u0107ec - Ordinacija dentalne medicine\",\"isPartOf\":{\"@id\":\"https:\/\/cvoriscec.com\/#website\"},\"datePublished\":\"2021-11-23T08:12:23+00:00\",\"dateModified\":\"2021-12-13T15:14:27+00:00\",\"breadcrumb\":{\"@id\":\"https:\/\/cvoriscec.com\/en\/services\/endodontology\/#breadcrumb\"},\"inLanguage\":\"en-US\",\"potentialAction\":[{\"@type\":\"ReadAction\",\"target\":[\"https:\/\/cvoriscec.com\/en\/services\/endodontology\/\"]}]},{\"@type\":\"BreadcrumbList\",\"@id\":\"https:\/\/cvoriscec.com\/en\/services\/endodontology\/#breadcrumb\",\"itemListElement\":[{\"@type\":\"ListItem\",\"position\":1,\"name\":\"Po\\u010detna stranica\",\"item\":\"https:\/\/cvoriscec.com\/en\/\"},{\"@type\":\"ListItem\",\"position\":2,\"name\":\"Services\",\"item\":\"https:\/\/cvoriscec.com\/en\/services\/\"},{\"@type\":\"ListItem\",\"position\":3,\"name\":\"Endodontology\"}]}]}<\/script>\n<!-- \/ Yoast SEO plugin. -->","yoast_head_json":{"title":"Endodontology - \u010cvori\u0161\u0107ec - Ordinacija dentalne medicine","robots":{"index":"index","follow":"follow","max-snippet":"max-snippet:-1","max-image-preview":"max-image-preview:large","max-video-preview":"max-video-preview:-1"},"canonical":"https:\/\/cvoriscec.com\/en\/services\/endodontology\/","og_locale":"en_US","og_type":"article","og_title":"Endodontology - \u010cvori\u0161\u0107ec - Ordinacija dentalne medicine","og_description":"[vc_row gap=&#8221;15&#8243; content_placement=&#8221;middle&#8221; css=&#8221;.vc_custom_1637646892597{padding-top: 30px !important;padding-bottom: 80px !important;}&#8221;][vc_column offset=&#8221;vc_col-md-6&#8243;][\/vc_column][vc_column offset=&#8221;vc_col-md-6&#8243;][vc_column_text]Spreading of ...","og_url":"https:\/\/cvoriscec.com\/en\/services\/endodontology\/","og_site_name":"\u010cvori\u0161\u0107ec - Ordinacija dentalne medicine","article_modified_time":"2021-12-13T15:14:27+00:00","twitter_card":"summary_large_image","twitter_misc":{"Est. reading time":"2 minutes"},"schema":{"@context":"https:\/\/schema.org","@graph":[{"@type":"WebSite","@id":"https:\/\/cvoriscec.com\/#website","url":"https:\/\/cvoriscec.com\/","name":"\u010cvori\u0161\u0107ec - Ordinacija dentalne medicine","description":"","potentialAction":[{"@type":"SearchAction","target":{"@type":"EntryPoint","urlTemplate":"https:\/\/cvoriscec.com\/?s={search_term_string}"},"query-input":"required name=search_term_string"}],"inLanguage":"en-US"},{"@type":"WebPage","@id":"https:\/\/cvoriscec.com\/en\/services\/endodontology\/#webpage","url":"https:\/\/cvoriscec.com\/en\/services\/endodontology\/","name":"Endodontology - \u010cvori\u0161\u0107ec - Ordinacija dentalne medicine","isPartOf":{"@id":"https:\/\/cvoriscec.com\/#website"},"datePublished":"2021-11-23T08:12:23+00:00","dateModified":"2021-12-13T15:14:27+00:00","breadcrumb":{"@id":"https:\/\/cvoriscec.com\/en\/services\/endodontology\/#breadcrumb"},"inLanguage":"en-US","potentialAction":[{"@type":"ReadAction","target":["https:\/\/cvoriscec.com\/en\/services\/endodontology\/"]}]},{"@type":"BreadcrumbList","@id":"https:\/\/cvoriscec.com\/en\/services\/endodontology\/#breadcrumb","itemListElement":[{"@type":"ListItem","position":1,"name":"Po\u010detna stranica","item":"https:\/\/cvoriscec.com\/en\/"},{"@type":"ListItem","position":2,"name":"Services","item":"https:\/\/cvoriscec.com\/en\/services\/"},{"@type":"ListItem","position":3,"name":"Endodontology"}]}]}},"_links":{"self":[{"href":"https:\/\/cvoriscec.com\/en\/wp-json\/wp\/v2\/pages\/866"}],"collection":[{"href":"https:\/\/cvoriscec.com\/en\/wp-json\/wp\/v2\/pages"}],"about":[{"href":"https:\/\/cvoriscec.com\/en\/wp-json\/wp\/v2\/types\/page"}],"author":[{"embeddable":true,"href":"https:\/\/cvoriscec.com\/en\/wp-json\/wp\/v2\/users\/1"}],"replies":[{"embeddable":true,"href":"https:\/\/cvoriscec.com\/en\/wp-json\/wp\/v2\/comments?post=866"}],"version-history":[{"count":2,"href":"https:\/\/cvoriscec.com\/en\/wp-json\/wp\/v2\/pages\/866\/revisions"}],"predecessor-version":[{"id":868,"href":"https:\/\/cvoriscec.com\/en\/wp-json\/wp\/v2\/pages\/866\/revisions\/868"}],"up":[{"embeddable":true,"href":"https:\/\/cvoriscec.com\/en\/wp-json\/wp\/v2\/pages\/859"}],"wp:attachment":[{"href":"https:\/\/cvoriscec.com\/en\/wp-json\/wp\/v2\/media?parent=866"}],"curies":[{"name":"wp","href":"https:\/\/api.w.org\/{rel}","templated":true}]}}