{"id":841,"date":"2018-05-29T11:14:04","date_gmt":"2018-05-29T11:14:04","guid":{"rendered":"https:\/\/cvoriscec.com\/kontakt\/"},"modified":"2021-12-21T08:25:22","modified_gmt":"2021-12-21T08:25:22","slug":"contact","status":"publish","type":"page","link":"https:\/\/cvoriscec.com\/en\/contact\/","title":{"rendered":"Contact"},"content":{"rendered":"<p>[vc_row][vc_column el_id=&#8221;kontakt_col&#8221;]<div class=\"cz_eqh cz_content_box_parent_fx  \"><div id=\"cz_95588\" class=\"cz_95588 cz_content_box clr\"><div class=\"cz_box_front clr\"><div class=\"cz_box_front_inner clr \"><span><\/span><div>[vc_row_inner equal_height=&#8221;yes&#8221; content_placement=&#8221;middle&#8221;][vc_column_inner css=&#8221;.vc_custom_1637669472740{margin-left: 15px !important;padding-right: 50px !important;padding-left: 50px !important;background-color: #8eb1ba !important;}&#8221; offset=&#8221;vc_col-lg-2\/5&#8243; el_id=&#8221;kontakt_lijevo&#8221;]<div class=\"cz_gap clr \" style=\"height: 60px\"><\/div><div id=\"cz_20150\" class=\"cz_20150 cz_title clr cz_smart_fs cz_mobile_text_center cz_title_ba_line cz_title_pos_inline\"><div class=\"cz_title_content\"><div class=\"cz_wpe_content\"><h3 style=\"text-align: left; color: #333;\"><span style=\"font-size: 30px; font-weight: 300;\">The dental office<br \/>\n<span style=\"font-weight: 400;\">M.Sc.\u010cvori\u0161\u0107ec Dr.Med.Dent. <\/span><\/span><\/h3>\n<\/div><div class=\"cz_title_line cz_line_after_title\"><span>_<\/span><\/div><\/div><\/div><div class=\"cz_gap clr \" style=\"height: 25px\"><\/div><div id=\"cz_43795\" class=\"cz_43795 services clr style1 cz_sbi_fx_9a left\"><div class=\"service_custom\"><i class=\"fa czico-069-home-1\"><\/i><\/div><div class=\"service_text\"><h3>ADDRESS<\/h3><div class=\"cz_wpe_content\">Ul. grada Mainza 28<br class=\"clr\" \/>HR-10000 Zagreb<\/div><\/div><\/div><a href=\"tel:+38513700447\"><div id=\"cz_91437\" class=\"cz_91437 services clr style1 cz_sbi_fx_9a left\"><div class=\"service_custom\"><i class=\"fa czico-122-phone-call\"><\/i><\/div><div class=\"service_text\"><h3>PHONE<\/h3><div class=\"cz_wpe_content\">+385 1 3700 447<\/div><\/div><\/div><\/a><a href=\"mailto:info@cvoriscec.com\"><div id=\"cz_72041\" class=\"cz_72041 services clr style1 cz_sbi_fx_9a left\"><div class=\"service_custom\"><i class=\"fa czico-092-mail\"><\/i><\/div><div class=\"service_text\"><h3>E-MAIL<\/h3><div class=\"cz_wpe_content\">info@cvoriscec.com<\/div><\/div><\/div><\/a><div id=\"cz_55761\" class=\"cz_55761 services clr style1 cz_sbi_fx_9a left\"><div class=\"service_custom\"><i class=\"fa czico-111-clock\"><\/i><\/div><div class=\"service_text\"><h3>WORKING HOURS<\/h3><div class=\"cz_wpe_content\">Even dates: 8:00-15:00 h<br class=\"clr\" \/>Odd dates: 13:30-21:00 h<br class=\"clr\" \/>Other dates by appointment<\/div><\/div><\/div><div class=\"cz_gap clr  hide_on_tablet hide_on_mobile\" style=\"height: 50px\"><\/div><div class=\"cz_gap show_on_tablet clr \" style=\"height: 50px\"><\/div>[\/vc_column_inner][vc_column_inner css=&#8221;.vc_custom_1637669491083{padding-right: 75px !important;padding-left: 40px !important;}&#8221; offset=&#8221;vc_col-lg-3\/5&#8243; el_id=&#8221;kontakt_desno&#8221;]<div class=\"cz_gap clr \" style=\"height: 40px\"><\/div><div id=\"cz_99363\" class=\"cz_99363 cz_title clr cz_smart_fs cz_mobile_text_center cz_title_ba_line cz_title_pos_inline\"><div class=\"cz_title_content\"><div class=\"cz_wpe_content\"><h3 style=\"font-weight: 300; font-size: 30px;\">Contact<span style=\"color: #8eb1ba;\"> us<\/span><\/h3>\n<\/div><div class=\"cz_title_line cz_line_after_title\"><span>_<\/span><\/div><\/div><\/div><div id=\"cz_27664\" class=\"cz_27664 cz_title clr cz_mobile_text_center cz_title_pos_inline\"><div class=\"cz_title_content\"><div class=\"cz_wpe_content\"><p><span style=\"font-size: 18px;\">We are at your disposal for any additional questions and appointment reservations.<\/span><\/p>\n<\/div><\/div><\/div><div id=\"cz_68104\" class=\"cz_68104 cz_cf7 clr\"><div><div role=\"form\" class=\"wpcf7\" id=\"wpcf7-f829-o1\" lang=\"hr\" dir=\"ltr\">\n<div class=\"screen-reader-response\"><p role=\"status\" aria-live=\"polite\" aria-atomic=\"true\"><\/p> <ul><\/ul><\/div>\n<form action=\"\/en\/wp-json\/wp\/v2\/pages\/841#wpcf7-f829-o1\" method=\"post\" class=\"wpcf7-form init\" novalidate=\"novalidate\" data-status=\"init\">\n<div style=\"display: none;\">\n<input type=\"hidden\" name=\"_wpcf7\" value=\"829\" \/>\n<input type=\"hidden\" name=\"_wpcf7_version\" value=\"5.5.3\" \/>\n<input type=\"hidden\" name=\"_wpcf7_locale\" value=\"hr\" \/>\n<input type=\"hidden\" name=\"_wpcf7_unit_tag\" value=\"wpcf7-f829-o1\" \/>\n<input type=\"hidden\" name=\"_wpcf7_container_post\" value=\"0\" \/>\n<input type=\"hidden\" name=\"_wpcf7_posted_data_hash\" value=\"\" \/>\n<\/div>\n<p><span class=\"wpcf7-form-control-wrap your-name\"><input type=\"text\" name=\"your-name\" value=\"\" size=\"40\" class=\"wpcf7-form-control wpcf7-text wpcf7-validates-as-required\" aria-required=\"true\" aria-invalid=\"false\" placeholder=\"Your name\" \/><\/span><\/p>\n<p><span class=\"wpcf7-form-control-wrap your-email\"><input type=\"email\" name=\"your-email\" value=\"\" size=\"40\" class=\"wpcf7-form-control wpcf7-text wpcf7-email wpcf7-validates-as-required wpcf7-validates-as-email\" aria-required=\"true\" aria-invalid=\"false\" placeholder=\"Your e-mail\" \/><\/span><\/p>\n<p><span class=\"wpcf7-form-control-wrap your-subject\"><input type=\"text\" name=\"your-subject\" value=\"\" size=\"40\" class=\"wpcf7-form-control wpcf7-text wpcf7-validates-as-required\" aria-required=\"true\" aria-invalid=\"false\" placeholder=\"Your phone\" \/><\/span><\/p>\n<p><span class=\"wpcf7-form-control-wrap your-message\"><textarea name=\"your-message\" cols=\"40\" rows=\"10\" class=\"wpcf7-form-control wpcf7-textarea\" aria-invalid=\"false\" placeholder=\"Message\"><\/textarea><\/span><\/p>\n<p><span class=\"wpcf7-form-control-wrap your-consent\"><span class=\"wpcf7-form-control wpcf7-acceptance\"><span class=\"wpcf7-list-item\"><label><input type=\"checkbox\" name=\"your-consent\" value=\"1\" aria-invalid=\"false\" \/><span class=\"wpcf7-list-item-label\">I accept that my data is stored so that my inquiry can be answered.<\/span><\/label><\/span><\/span><\/span><\/p>\n<p>You can read our Privacy statement <a href='https:\/\/cvoriscec.com\/en\/privacy-statement\/'>here<\/a>.<\/p>\n<p><input type=\"submit\" value=\"Send\" class=\"wpcf7-form-control has-spinner wpcf7-submit\" \/><\/p>\n<div class=\"wpcf7-response-output\" aria-hidden=\"true\"><\/div><\/form><\/div><\/div><\/div><div class=\"cz_gap clr  hide_on_tablet hide_on_mobile\" style=\"height: 0px\"><\/div><div class=\"cz_gap show_on_tablet clr \" style=\"height: 40px\"><\/div>[\/vc_column_inner][\/vc_row_inner]<\/div><\/div><\/div><\/div><\/div>[\/vc_column][\/vc_row][vc_row full_width=&#8221;stretch_row_content_no_spaces&#8221;][vc_column]<div id=\"cz_104106\" class=\"cz_104106 gmap\" data-api-key=\"AIzaSyAG85YivDMJAisuMkujCYlbWczIPy-PwkM\"> <\/div><div ><\/div><script type=\"text\/javascript\">\n\t\t\tfunction mapfucntion_cz_104106() {\n\n\t\t\t\tgoogle.maps.Map.prototype.setCenterWithOffset= function(latlng, offsetX, offsetY) {\n\t\t\t\t    var map = this;\n\t\t\t\t    var ov = new google.maps.OverlayView();\n\t\t\t\t    ov.onAdd = function() {\n\t\t\t\t        var proj = this.getProjection();\n\t\t\t\t        var aPoint = proj.fromLatLngToContainerPixel(latlng);\n\t\t\t\t        aPoint.x = aPoint.x+offsetX;\n\t\t\t\t        aPoint.y = aPoint.y+offsetY;\n\t\t\t\t        map.setCenter(proj.fromContainerPixelToLatLng(aPoint));\n\t\t\t\t    }; \n\t\t\t\t    ov.draw = function() {}; \n\t\t\t\t    ov.setMap(this); \n\t\t\t\t};\n\n\t\t\t\tvar windx = jQuery(window), \n\n\t\t\t\t\tlatlng = new google.maps.LatLng(45.811490, 15.949520),\n\n\t\t\t\t\tmyOptions = {\n\t\t\t\t\t\tzoom: 14,\n\t\t\t\t\t\tscrollwheel: false,\n\t\t\t\t\t\tdisableDefaultUI: false,\n\t\t\t\t\t\tcenter: latlng\n\t\t\t\t\t},\n\n\t\t\t\t\tcz_104106 = new google.maps.Map(document.getElementById(\"cz_104106\"),\n\t\t\t\t\tmyOptions),\n\n\t\t\t\t\tsetCenterOffset = function() {\n\n\t\t\t\t\t\tif ( windx.width() < 768 ) {\n\t\t\t\t\t\t\tcz_104106.setCenterWithOffset( latlng, 0, 0 );\n\t\t\t\t\t\t} else {\n\t\t\t\t\t\t\tcz_104106.setCenterWithOffset( latlng, 0, 0 );\n\t\t\t\t\t\t}\n\n\t\t\t\t\t};\n\n\t\t\t\tsetCenterOffset();\n\n\t\t\t\twindx.on( \"resize\", function() {\n\t\t\t\t\tsetCenterOffset();\n\t\t\t\t});\n\t\t\tvar image = \"https:\/\/cvoriscec.com\/wp-content\/uploads\/2021\/11\/map-pin.png\";var marker = new google.maps.Marker({map: cz_104106,icon: image,position: cz_104106.getCenter()});}<\/script>[\/vc_column][\/vc_row]<\/p>\n","protected":false},"excerpt":{"rendered":"<p>[vc_row][vc_column el_id=&#8221;kontakt_col&#8221;][\/vc_column][\/vc_row][vc_row full_width=&#8221;stretch_row_content_no_spaces&#8221;][vc_column][\/vc_column][\/vc_row] &#8230; <\/p>\n","protected":false},"author":1,"featured_media":0,"parent":0,"menu_order":0,"comment_status":"closed","ping_status":"closed","template":"","meta":[],"yoast_head":"<!-- This site is optimized with the Yoast SEO plugin v17.8 - https:\/\/yoast.com\/wordpress\/plugins\/seo\/ -->\n<title>Contact - \u010cvori\u0161\u0107ec - Ordinacija dentalne medicine<\/title>\n<meta name=\"robots\" content=\"index, follow, max-snippet:-1, max-image-preview:large, max-video-preview:-1\" \/>\n<link rel=\"canonical\" href=\"https:\/\/cvoriscec.com\/en\/contact\/\" \/>\n<meta property=\"og:locale\" content=\"en_US\" \/>\n<meta property=\"og:type\" content=\"article\" \/>\n<meta property=\"og:title\" content=\"Contact - \u010cvori\u0161\u0107ec - Ordinacija dentalne medicine\" \/>\n<meta property=\"og:description\" content=\"[vc_row][vc_column el_id=&#8221;kontakt_col&#8221;][\/vc_column][\/vc_row][vc_row full_width=&#8221;stretch_row_content_no_spaces&#8221;][vc_column][\/vc_column][\/vc_row] ...\" \/>\n<meta property=\"og:url\" content=\"https:\/\/cvoriscec.com\/en\/contact\/\" \/>\n<meta property=\"og:site_name\" content=\"\u010cvori\u0161\u0107ec - Ordinacija dentalne medicine\" \/>\n<meta property=\"article:modified_time\" content=\"2021-12-21T08:25:22+00:00\" \/>\n<meta name=\"twitter:card\" content=\"summary_large_image\" \/>\n<meta name=\"twitter:label1\" content=\"Est. reading time\" \/>\n\t<meta name=\"twitter:data1\" content=\"4 minutes\" \/>\n<script type=\"application\/ld+json\" class=\"yoast-schema-graph\">{\"@context\":\"https:\/\/schema.org\",\"@graph\":[{\"@type\":\"WebSite\",\"@id\":\"https:\/\/cvoriscec.com\/#website\",\"url\":\"https:\/\/cvoriscec.com\/\",\"name\":\"\\u010cvori\\u0161\\u0107ec - Ordinacija dentalne medicine\",\"description\":\"\",\"potentialAction\":[{\"@type\":\"SearchAction\",\"target\":{\"@type\":\"EntryPoint\",\"urlTemplate\":\"https:\/\/cvoriscec.com\/?s={search_term_string}\"},\"query-input\":\"required name=search_term_string\"}],\"inLanguage\":\"en-US\"},{\"@type\":\"WebPage\",\"@id\":\"https:\/\/cvoriscec.com\/en\/contact\/#webpage\",\"url\":\"https:\/\/cvoriscec.com\/en\/contact\/\",\"name\":\"Contact - \\u010cvori\\u0161\\u0107ec - Ordinacija dentalne medicine\",\"isPartOf\":{\"@id\":\"https:\/\/cvoriscec.com\/#website\"},\"datePublished\":\"2018-05-29T11:14:04+00:00\",\"dateModified\":\"2021-12-21T08:25:22+00:00\",\"breadcrumb\":{\"@id\":\"https:\/\/cvoriscec.com\/en\/contact\/#breadcrumb\"},\"inLanguage\":\"en-US\",\"potentialAction\":[{\"@type\":\"ReadAction\",\"target\":[\"https:\/\/cvoriscec.com\/en\/contact\/\"]}]},{\"@type\":\"BreadcrumbList\",\"@id\":\"https:\/\/cvoriscec.com\/en\/contact\/#breadcrumb\",\"itemListElement\":[{\"@type\":\"ListItem\",\"position\":1,\"name\":\"Po\\u010detna stranica\",\"item\":\"https:\/\/cvoriscec.com\/en\/\"},{\"@type\":\"ListItem\",\"position\":2,\"name\":\"Contact\"}]}]}<\/script>\n<!-- \/ Yoast SEO plugin. -->","yoast_head_json":{"title":"Contact - \u010cvori\u0161\u0107ec - Ordinacija dentalne medicine","robots":{"index":"index","follow":"follow","max-snippet":"max-snippet:-1","max-image-preview":"max-image-preview:large","max-video-preview":"max-video-preview:-1"},"canonical":"https:\/\/cvoriscec.com\/en\/contact\/","og_locale":"en_US","og_type":"article","og_title":"Contact - \u010cvori\u0161\u0107ec - Ordinacija dentalne medicine","og_description":"[vc_row][vc_column el_id=&#8221;kontakt_col&#8221;][\/vc_column][\/vc_row][vc_row full_width=&#8221;stretch_row_content_no_spaces&#8221;][vc_column][\/vc_column][\/vc_row] ...","og_url":"https:\/\/cvoriscec.com\/en\/contact\/","og_site_name":"\u010cvori\u0161\u0107ec - Ordinacija dentalne medicine","article_modified_time":"2021-12-21T08:25:22+00:00","twitter_card":"summary_large_image","twitter_misc":{"Est. reading time":"4 minutes"},"schema":{"@context":"https:\/\/schema.org","@graph":[{"@type":"WebSite","@id":"https:\/\/cvoriscec.com\/#website","url":"https:\/\/cvoriscec.com\/","name":"\u010cvori\u0161\u0107ec - Ordinacija dentalne medicine","description":"","potentialAction":[{"@type":"SearchAction","target":{"@type":"EntryPoint","urlTemplate":"https:\/\/cvoriscec.com\/?s={search_term_string}"},"query-input":"required name=search_term_string"}],"inLanguage":"en-US"},{"@type":"WebPage","@id":"https:\/\/cvoriscec.com\/en\/contact\/#webpage","url":"https:\/\/cvoriscec.com\/en\/contact\/","name":"Contact - \u010cvori\u0161\u0107ec - Ordinacija dentalne medicine","isPartOf":{"@id":"https:\/\/cvoriscec.com\/#website"},"datePublished":"2018-05-29T11:14:04+00:00","dateModified":"2021-12-21T08:25:22+00:00","breadcrumb":{"@id":"https:\/\/cvoriscec.com\/en\/contact\/#breadcrumb"},"inLanguage":"en-US","potentialAction":[{"@type":"ReadAction","target":["https:\/\/cvoriscec.com\/en\/contact\/"]}]},{"@type":"BreadcrumbList","@id":"https:\/\/cvoriscec.com\/en\/contact\/#breadcrumb","itemListElement":[{"@type":"ListItem","position":1,"name":"Po\u010detna stranica","item":"https:\/\/cvoriscec.com\/en\/"},{"@type":"ListItem","position":2,"name":"Contact"}]}]}},"_links":{"self":[{"href":"https:\/\/cvoriscec.com\/en\/wp-json\/wp\/v2\/pages\/841"}],"collection":[{"href":"https:\/\/cvoriscec.com\/en\/wp-json\/wp\/v2\/pages"}],"about":[{"href":"https:\/\/cvoriscec.com\/en\/wp-json\/wp\/v2\/types\/page"}],"author":[{"embeddable":true,"href":"https:\/\/cvoriscec.com\/en\/wp-json\/wp\/v2\/users\/1"}],"replies":[{"embeddable":true,"href":"https:\/\/cvoriscec.com\/en\/wp-json\/wp\/v2\/comments?post=841"}],"version-history":[{"count":4,"href":"https:\/\/cvoriscec.com\/en\/wp-json\/wp\/v2\/pages\/841\/revisions"}],"predecessor-version":[{"id":953,"href":"https:\/\/cvoriscec.com\/en\/wp-json\/wp\/v2\/pages\/841\/revisions\/953"}],"wp:attachment":[{"href":"https:\/\/cvoriscec.com\/en\/wp-json\/wp\/v2\/media?parent=841"}],"curies":[{"name":"wp","href":"https:\/\/api.w.org\/{rel}","templated":true}]}}