{"id":813,"date":"2021-11-23T09:17:49","date_gmt":"2021-11-23T09:17:49","guid":{"rendered":"https:\/\/cvoriscec.com\/cjenik\/"},"modified":"2021-12-13T13:34:52","modified_gmt":"2021-12-13T13:34:52","slug":"price-list","status":"publish","type":"page","link":"https:\/\/cvoriscec.com\/en\/price-list\/","title":{"rendered":"Price list"},"content":{"rendered":"<p>[vc_row css=&#8221;.vc_custom_1637660377386{padding-bottom: 60px !important;}&#8221;][vc_column]<div id=\"cz_54271\" class=\"cz_54271 cz_title clr cz_smart_fs cz_title_ba_line cz_title_pos_inline\"><div class=\"cz_title_content\"><div class=\"cz_wpe_content\"><h3 style=\"color: #333;\"><span style=\"font-size: 34px; font-weight: 300;\">RESTORATIVE DENTISTRY AND ENDODONTOLOGY<\/span><\/h3>\n<\/div><div class=\"cz_title_line cz_line_after_title\"><span>_<\/span><\/div><\/div><\/div><div class=\"cz_gap clr \" style=\"height: 35px\"><\/div><div id=\"cz_54078\" class=\"cz_54078 cz_wh\"><div class=\"mb10 last0 clr\"><div class=\"clr\"><span class=\"cz_wh_left\"><b>Esthetic filling of class I <\/b><\/span><span class=\"cz_wh_right\">300 HRK<\/span><\/div><div class=\"cz_wh_line\"><\/div><\/div><div class=\"mb10 last0 clr\"><div class=\"clr\"><span class=\"cz_wh_left\"><b>Esthetic filling (MO)<\/b><\/span><span class=\"cz_wh_right\">350 HRK<\/span><\/div><div class=\"cz_wh_line\"><\/div><\/div><div class=\"mb10 last0 clr\"><div class=\"clr\"><span class=\"cz_wh_left\"><b>Esthetic filling (MOD)<\/b><\/span><span class=\"cz_wh_right\">400 HRK<\/span><\/div><div class=\"cz_wh_line\"><\/div><\/div><div class=\"mb10 last0 clr\"><div class=\"clr\"><span class=\"cz_wh_left\"><b>Filling of deciduous teeth<\/b><\/span><span class=\"cz_wh_right\">200 HRK<\/span><\/div><div class=\"cz_wh_line\"><\/div><\/div><div class=\"mb10 last0 clr\"><div class=\"clr\"><span class=\"cz_wh_left\"><b>Glass Ionomer base<\/b><\/span><span class=\"cz_wh_right\">100 HRK<\/span><\/div><div class=\"cz_wh_line\"><\/div><\/div><div class=\"mb10 last0 clr\"><div class=\"clr\"><span class=\"cz_wh_left\"><b>Covering dental pulp<\/b><\/span><span class=\"cz_wh_right\">100 HRK<\/span><\/div><div class=\"cz_wh_line\"><\/div><\/div><div class=\"mb10 last0 clr\"><div class=\"clr\"><span class=\"cz_wh_left\"><b>Placement of remedy<\/b><\/span><span class=\"cz_wh_right\">100 HRK<\/span><\/div><div class=\"cz_wh_line\"><\/div><\/div><div class=\"mb10 last0 clr\"><div class=\"clr\"><span class=\"cz_wh_left\"><b>Devitalisation paste<\/b><\/span><span class=\"cz_wh_right\">100 HRK<\/span><\/div><div class=\"cz_wh_line\"><\/div><\/div><div class=\"mb10 last0 clr\"><div class=\"clr\"><span class=\"cz_wh_left\"><b>Endodontic tooth therapy (per canal)<\/b><\/span><span class=\"cz_wh_right\">300 HRK<\/span><\/div><div class=\"cz_wh_line\"><\/div><\/div><div class=\"mb10 last0 clr\"><div class=\"clr\"><span class=\"cz_wh_left\"><b>Canal filling revision (per canal)<\/b><\/span><span class=\"cz_wh_right\">400 HRK<\/span><\/div><div class=\"cz_wh_line\"><\/div><\/div><div class=\"mb10 last0 clr\"><div class=\"clr\"><span class=\"cz_wh_left\"><b>Esthetic post and core<\/b><\/span><span class=\"cz_wh_right\">450 HRK<\/span><\/div><div class=\"cz_wh_line\"><\/div><\/div><div class=\"mb10 last0 clr\"><div class=\"clr\"><span class=\"cz_wh_left\"><b>Teeth whitening in the dental office (ultraviolet lamp)<\/b><\/span><span class=\"cz_wh_right\">2500 HRK<\/span><\/div><div class=\"cz_wh_line\"><\/div><\/div><div class=\"mb10 last0 clr\"><div class=\"clr\"><span class=\"cz_wh_left\"><b>Teeth whitening with splints<\/b><\/span><span class=\"cz_wh_right\">1800 HRK<\/span><\/div><div class=\"cz_wh_line\"><\/div><\/div><div class=\"mb10 last0 clr\"><div class=\"clr\"><span class=\"cz_wh_left\"><b>Teeth whitening of a dead tooth<\/b><\/span><span class=\"cz_wh_right\">700 HRK<\/span><\/div><div class=\"cz_wh_line\"><\/div><\/div><div class=\"mb10 last0 clr\"><div class=\"clr\"><span class=\"cz_wh_left\"><b>Removing of dental calculus and teeth polishing<\/b><\/span><span class=\"cz_wh_right\">400 HRK<\/span><\/div><div class=\"cz_wh_line\"><\/div><\/div><div class=\"mb10 last0 clr\"><div class=\"clr\"><span class=\"cz_wh_left\"><b>Teeth sandblasting <\/b><\/span><span class=\"cz_wh_right\">300 HRK<\/span><\/div><div class=\"cz_wh_line\"><\/div><\/div><div class=\"mb10 last0 clr\"><div class=\"clr\"><span class=\"cz_wh_left\"><b>Tooth fluoridation <\/b><\/span><span class=\"cz_wh_right\">100 HRK<\/span><\/div><div class=\"cz_wh_line\"><\/div><\/div><\/div>[\/vc_column][\/vc_row][vc_row full_width=&#8221;stretch_row&#8221; css=&#8221;.vc_custom_1637660366360{padding-top: 60px !important;padding-bottom: 60px !important;background-color: #eaeaea !important;}&#8221;][vc_column]<div id=\"cz_109000\" class=\"cz_109000 cz_title clr cz_smart_fs cz_title_ba_line cz_title_pos_inline\"><div class=\"cz_title_content\"><div class=\"cz_wpe_content\"><h3 style=\"color: #333;\"><span style=\"font-size: 34px; font-weight: 300;\">ORAL SURGERY<\/span><\/h3>\n<\/div><div class=\"cz_title_line cz_line_after_title\"><span>_<\/span><\/div><\/div><\/div><div class=\"cz_gap clr \" style=\"height: 35px\"><\/div><div id=\"cz_19932\" class=\"cz_19932 cz_wh\"><div class=\"mb10 last0 clr\"><div class=\"clr\"><span class=\"cz_wh_left\"><b>Tooth extraction<\/b><\/span><span class=\"cz_wh_right\">400 HRK<\/span><\/div><div class=\"cz_wh_line\"><\/div><\/div><div class=\"mb10 last0 clr\"><div class=\"clr\"><span class=\"cz_wh_left\"><b>Complicated tooth extraction<\/b><\/span><span class=\"cz_wh_right\">600 HRK<\/span><\/div><div class=\"cz_wh_line\"><\/div><\/div><div class=\"mb10 last0 clr\"><div class=\"clr\"><span class=\"cz_wh_left\"><b>Operative tooth or root extraction (Alveotomy)<\/b><\/span><span class=\"cz_wh_right\">1000 HRK<\/span><\/div><div class=\"cz_wh_line\"><\/div><\/div><div class=\"mb10 last0 clr\"><div class=\"clr\"><span class=\"cz_wh_left\"><b>Therapy dolor post ex<\/b><\/span><span class=\"cz_wh_right\">150 HRK<\/span><\/div><div class=\"cz_wh_line\"><\/div><\/div><div class=\"mb10 last0 clr\"><div class=\"clr\"><span class=\"cz_wh_left\"><b>Gingivectomy per quadrant<\/b><\/span><span class=\"cz_wh_right\">1500 HRK<\/span><\/div><div class=\"cz_wh_line\"><\/div><\/div><\/div>[\/vc_column][\/vc_row][vc_row css=&#8221;.vc_custom_1637660518615{padding-top: 60px !important;padding-bottom: 60px !important;}&#8221;][vc_column]<div id=\"cz_18541\" class=\"cz_18541 cz_title clr cz_smart_fs cz_title_ba_line cz_title_pos_inline\"><div class=\"cz_title_content\"><div class=\"cz_wpe_content\"><h3 style=\"color: #333;\"><span style=\"font-size: 34px; font-weight: 300;\">IMPLANTOLOGY<\/span><\/h3>\n<\/div><div class=\"cz_title_line cz_line_after_title\"><span>_<\/span><\/div><\/div><\/div><div class=\"cz_gap clr \" style=\"height: 35px\"><\/div><div id=\"cz_85716\" class=\"cz_85716 cz_wh\"><div class=\"mb10 last0 clr\"><div class=\"clr\"><span class=\"cz_wh_left\"><b>Implant placement<\/b><\/span><span class=\"cz_wh_right\">5500 HRK<\/span><\/div><div class=\"cz_wh_line\"><\/div><\/div><div class=\"mb10 last0 clr\"><div class=\"clr\"><span class=\"cz_wh_left\"><b>Metal-ceramic crown on implant<\/b><\/span><span class=\"cz_wh_right\">3000 HRK<\/span><\/div><div class=\"cz_wh_line\"><\/div><\/div><div class=\"mb10 last0 clr\"><div class=\"clr\"><span class=\"cz_wh_left\"><b>Provisional crown on implant<\/b><\/span><span class=\"cz_wh_right\">1000 HRK<\/span><\/div><div class=\"cz_wh_line\"><\/div><\/div><div class=\"mb10 last0 clr\"><div class=\"clr\"><span class=\"cz_wh_left\"><b>Zirconia crown on implant (Titan-Abutments)<\/b><\/span><span class=\"cz_wh_right\">3800 HRK<\/span><\/div><div class=\"cz_wh_line\"><\/div><\/div><div class=\"mb10 last0 clr\"><div class=\"clr\"><span class=\"cz_wh_left\"><b>Pre-implantology preparation and bone replacements are charged separately<\/b><\/span><\/div><div class=\"cz_wh_line\"><\/div><\/div><\/div>[\/vc_column][\/vc_row][vc_row full_width=&#8221;stretch_row&#8221; css=&#8221;.vc_custom_1637660366360{padding-top: 60px !important;padding-bottom: 60px !important;background-color: #eaeaea !important;}&#8221;][vc_column]<div id=\"cz_75025\" class=\"cz_75025 cz_title clr cz_smart_fs cz_title_ba_line cz_title_pos_inline\"><div class=\"cz_title_content\"><div class=\"cz_wpe_content\"><h3 style=\"color: #333;\"><span style=\"font-size: 34px; font-weight: 300;\">PROSTHODONTICS<\/span><\/h3>\n<\/div><div class=\"cz_title_line cz_line_after_title\"><span>_<\/span><\/div><\/div><\/div><div class=\"cz_gap clr \" style=\"height: 35px\"><\/div><div id=\"cz_63525\" class=\"cz_63525 cz_wh\"><div class=\"mb10 last0 clr\"><div class=\"clr\"><span class=\"cz_wh_left\"><b>Provisional crown (dental office fabrication)<\/b><\/span><span class=\"cz_wh_right\">200 HRK<\/span><\/div><div class=\"cz_wh_line\"><\/div><\/div><div class=\"mb10 last0 clr\"><div class=\"clr\"><span class=\"cz_wh_left\"><b>Acrylic crown (laboratory fabrication)<\/b><\/span><span class=\"cz_wh_right\">300 HRK<\/span><\/div><div class=\"cz_wh_line\"><\/div><\/div><div class=\"mb10 last0 clr\"><div class=\"clr\"><span class=\"cz_wh_left\"><b>Veneer crown (Ivocron)<\/b><\/span><span class=\"cz_wh_right\">760 HRK<\/span><\/div><div class=\"cz_wh_line\"><\/div><\/div><div class=\"mb10 last0 clr\"><div class=\"clr\"><span class=\"cz_wh_left\"><b>Ceramic crown (metal)<\/b><\/span><span class=\"cz_wh_right\">1400 HRK<\/span><\/div><div class=\"cz_wh_line\"><\/div><\/div><div class=\"mb10 last0 clr\"><div class=\"clr\"><span class=\"cz_wh_left\"><b>Ceramic crown (Zirconia)<\/b><\/span><span class=\"cz_wh_right\">2800 HRK<\/span><\/div><div class=\"cz_wh_line\"><\/div><\/div><div class=\"mb10 last0 clr\"><div class=\"clr\"><span class=\"cz_wh_left\"><b>Porcelain crown (Empress)<\/b><\/span><span class=\"cz_wh_right\">2800 HRK<\/span><\/div><div class=\"cz_wh_line\"><\/div><\/div><div class=\"mb10 last0 clr\"><div class=\"clr\"><span class=\"cz_wh_left\"><b>Veneers<\/b><\/span><span class=\"cz_wh_right\">2200 HRK<\/span><\/div><div class=\"cz_wh_line\"><\/div><\/div><div class=\"mb10 last0 clr\"><div class=\"clr\"><span class=\"cz_wh_left\"><b>Custom post and core<\/b><\/span><span class=\"cz_wh_right\">650 HRK<\/span><\/div><div class=\"cz_wh_line\"><\/div><\/div><div class=\"mb10 last0 clr\"><div class=\"clr\"><span class=\"cz_wh_left\"><b>Custom-made metal-based partial denture (Wironit)<\/b><\/span><span class=\"cz_wh_right\">4000 HRK<\/span><\/div><div class=\"cz_wh_line\"><\/div><\/div><div class=\"mb10 last0 clr\"><div class=\"clr\"><span class=\"cz_wh_left\"><b>Acrylic denture <\/b><\/span><span class=\"cz_wh_right\">2800 HRK<\/span><\/div><div class=\"cz_wh_line\"><\/div><\/div><div class=\"mb10 last0 clr\"><div class=\"clr\"><span class=\"cz_wh_left\"><b>Dental prosthesis repair<\/b><\/span><span class=\"cz_wh_right\">400 HRK<\/span><\/div><div class=\"cz_wh_line\"><\/div><\/div><div class=\"mb10 last0 clr\"><div class=\"clr\"><span class=\"cz_wh_left\"><b>Denture relining<\/b><\/span><span class=\"cz_wh_right\">450 HRK<\/span><\/div><div class=\"cz_wh_line\"><\/div><\/div><div class=\"mb10 last0 clr\"><div class=\"clr\"><span class=\"cz_wh_left\"><b>Attachment per piece<\/b><\/span><span class=\"cz_wh_right\">1000 HRK<\/span><\/div><div class=\"cz_wh_line\"><\/div><\/div><\/div>[\/vc_column][\/vc_row][vc_row css=&#8221;.vc_custom_1637660518615{padding-top: 60px !important;padding-bottom: 60px !important;}&#8221;][vc_column]<div id=\"cz_86645\" class=\"cz_86645 cz_title clr cz_smart_fs cz_title_ba_line cz_title_pos_inline\"><div class=\"cz_title_content\"><div class=\"cz_wpe_content\"><h3 style=\"color: #333;\"><span style=\"font-size: 34px; font-weight: 300;\">SPLINTS<\/span><\/h3>\n<\/div><div class=\"cz_title_line cz_line_after_title\"><span>_<\/span><\/div><\/div><\/div><div class=\"cz_gap clr \" style=\"height: 35px\"><\/div><div id=\"cz_81376\" class=\"cz_81376 cz_wh\"><div class=\"mb10 last0 clr\"><div class=\"clr\"><span class=\"cz_wh_left\"><b>Splint<\/b><\/span><span class=\"cz_wh_right\">500 HRK<\/span><\/div><div class=\"cz_wh_line\"><\/div><\/div><\/div>[\/vc_column][\/vc_row][vc_row full_width=&#8221;stretch_row&#8221; css=&#8221;.vc_custom_1637660366360{padding-top: 60px !important;padding-bottom: 60px !important;background-color: #eaeaea !important;}&#8221;][vc_column][vc_column_text]5% discount for cash payments[\/vc_column_text][\/vc_column][\/vc_row]<\/p>\n","protected":false},"excerpt":{"rendered":"<p>[vc_row css=&#8221;.vc_custom_1637660377386{padding-bottom: 60px !important;}&#8221;][vc_column][\/vc_column][\/vc_row][vc_row full_width=&#8221;stretch_row&#8221; css=&#8221;.vc_custom_1637660366360{padding-top: 60px !important;padding-bottom: 60px !important;background-color: #eaeaea &#8230; <\/p>\n","protected":false},"author":1,"featured_media":0,"parent":0,"menu_order":0,"comment_status":"closed","ping_status":"closed","template":"","meta":[],"yoast_head":"<!-- This site is optimized with the Yoast SEO plugin v17.8 - https:\/\/yoast.com\/wordpress\/plugins\/seo\/ -->\n<title>Price list - \u010cvori\u0161\u0107ec - Ordinacija dentalne medicine<\/title>\n<meta name=\"robots\" content=\"index, follow, max-snippet:-1, max-image-preview:large, max-video-preview:-1\" \/>\n<link rel=\"canonical\" href=\"https:\/\/cvoriscec.com\/en\/price-list\/\" \/>\n<meta property=\"og:locale\" content=\"en_US\" \/>\n<meta property=\"og:type\" content=\"article\" \/>\n<meta property=\"og:title\" content=\"Price list - \u010cvori\u0161\u0107ec - Ordinacija dentalne medicine\" \/>\n<meta property=\"og:description\" content=\"[vc_row css=&#8221;.vc_custom_1637660377386{padding-bottom: 60px !important;}&#8221;][vc_column][\/vc_column][\/vc_row][vc_row full_width=&#8221;stretch_row&#8221; css=&#8221;.vc_custom_1637660366360{padding-top: 60px !important;padding-bottom: 60px !important;background-color: #eaeaea ...\" \/>\n<meta property=\"og:url\" content=\"https:\/\/cvoriscec.com\/en\/price-list\/\" \/>\n<meta property=\"og:site_name\" content=\"\u010cvori\u0161\u0107ec - Ordinacija dentalne medicine\" \/>\n<meta property=\"article:modified_time\" content=\"2021-12-13T13:34:52+00:00\" \/>\n<meta name=\"twitter:card\" content=\"summary_large_image\" \/>\n<meta name=\"twitter:label1\" content=\"Est. reading time\" \/>\n\t<meta name=\"twitter:data1\" content=\"5 minutes\" \/>\n<script type=\"application\/ld+json\" class=\"yoast-schema-graph\">{\"@context\":\"https:\/\/schema.org\",\"@graph\":[{\"@type\":\"WebSite\",\"@id\":\"https:\/\/cvoriscec.com\/#website\",\"url\":\"https:\/\/cvoriscec.com\/\",\"name\":\"\\u010cvori\\u0161\\u0107ec - Ordinacija dentalne medicine\",\"description\":\"\",\"potentialAction\":[{\"@type\":\"SearchAction\",\"target\":{\"@type\":\"EntryPoint\",\"urlTemplate\":\"https:\/\/cvoriscec.com\/?s={search_term_string}\"},\"query-input\":\"required name=search_term_string\"}],\"inLanguage\":\"en-US\"},{\"@type\":\"WebPage\",\"@id\":\"https:\/\/cvoriscec.com\/en\/price-list\/#webpage\",\"url\":\"https:\/\/cvoriscec.com\/en\/price-list\/\",\"name\":\"Price list - \\u010cvori\\u0161\\u0107ec - Ordinacija dentalne medicine\",\"isPartOf\":{\"@id\":\"https:\/\/cvoriscec.com\/#website\"},\"datePublished\":\"2021-11-23T09:17:49+00:00\",\"dateModified\":\"2021-12-13T13:34:52+00:00\",\"breadcrumb\":{\"@id\":\"https:\/\/cvoriscec.com\/en\/price-list\/#breadcrumb\"},\"inLanguage\":\"en-US\",\"potentialAction\":[{\"@type\":\"ReadAction\",\"target\":[\"https:\/\/cvoriscec.com\/en\/price-list\/\"]}]},{\"@type\":\"BreadcrumbList\",\"@id\":\"https:\/\/cvoriscec.com\/en\/price-list\/#breadcrumb\",\"itemListElement\":[{\"@type\":\"ListItem\",\"position\":1,\"name\":\"Po\\u010detna stranica\",\"item\":\"https:\/\/cvoriscec.com\/en\/\"},{\"@type\":\"ListItem\",\"position\":2,\"name\":\"Price list\"}]}]}<\/script>\n<!-- \/ Yoast SEO plugin. -->","yoast_head_json":{"title":"Price list - \u010cvori\u0161\u0107ec - Ordinacija dentalne medicine","robots":{"index":"index","follow":"follow","max-snippet":"max-snippet:-1","max-image-preview":"max-image-preview:large","max-video-preview":"max-video-preview:-1"},"canonical":"https:\/\/cvoriscec.com\/en\/price-list\/","og_locale":"en_US","og_type":"article","og_title":"Price list - \u010cvori\u0161\u0107ec - Ordinacija dentalne medicine","og_description":"[vc_row css=&#8221;.vc_custom_1637660377386{padding-bottom: 60px !important;}&#8221;][vc_column][\/vc_column][\/vc_row][vc_row full_width=&#8221;stretch_row&#8221; css=&#8221;.vc_custom_1637660366360{padding-top: 60px !important;padding-bottom: 60px !important;background-color: #eaeaea ...","og_url":"https:\/\/cvoriscec.com\/en\/price-list\/","og_site_name":"\u010cvori\u0161\u0107ec - Ordinacija dentalne medicine","article_modified_time":"2021-12-13T13:34:52+00:00","twitter_card":"summary_large_image","twitter_misc":{"Est. reading time":"5 minutes"},"schema":{"@context":"https:\/\/schema.org","@graph":[{"@type":"WebSite","@id":"https:\/\/cvoriscec.com\/#website","url":"https:\/\/cvoriscec.com\/","name":"\u010cvori\u0161\u0107ec - Ordinacija dentalne medicine","description":"","potentialAction":[{"@type":"SearchAction","target":{"@type":"EntryPoint","urlTemplate":"https:\/\/cvoriscec.com\/?s={search_term_string}"},"query-input":"required name=search_term_string"}],"inLanguage":"en-US"},{"@type":"WebPage","@id":"https:\/\/cvoriscec.com\/en\/price-list\/#webpage","url":"https:\/\/cvoriscec.com\/en\/price-list\/","name":"Price list - \u010cvori\u0161\u0107ec - Ordinacija dentalne medicine","isPartOf":{"@id":"https:\/\/cvoriscec.com\/#website"},"datePublished":"2021-11-23T09:17:49+00:00","dateModified":"2021-12-13T13:34:52+00:00","breadcrumb":{"@id":"https:\/\/cvoriscec.com\/en\/price-list\/#breadcrumb"},"inLanguage":"en-US","potentialAction":[{"@type":"ReadAction","target":["https:\/\/cvoriscec.com\/en\/price-list\/"]}]},{"@type":"BreadcrumbList","@id":"https:\/\/cvoriscec.com\/en\/price-list\/#breadcrumb","itemListElement":[{"@type":"ListItem","position":1,"name":"Po\u010detna stranica","item":"https:\/\/cvoriscec.com\/en\/"},{"@type":"ListItem","position":2,"name":"Price list"}]}]}},"_links":{"self":[{"href":"https:\/\/cvoriscec.com\/en\/wp-json\/wp\/v2\/pages\/813"}],"collection":[{"href":"https:\/\/cvoriscec.com\/en\/wp-json\/wp\/v2\/pages"}],"about":[{"href":"https:\/\/cvoriscec.com\/en\/wp-json\/wp\/v2\/types\/page"}],"author":[{"embeddable":true,"href":"https:\/\/cvoriscec.com\/en\/wp-json\/wp\/v2\/users\/1"}],"replies":[{"embeddable":true,"href":"https:\/\/cvoriscec.com\/en\/wp-json\/wp\/v2\/comments?post=813"}],"version-history":[{"count":6,"href":"https:\/\/cvoriscec.com\/en\/wp-json\/wp\/v2\/pages\/813\/revisions"}],"predecessor-version":[{"id":819,"href":"https:\/\/cvoriscec.com\/en\/wp-json\/wp\/v2\/pages\/813\/revisions\/819"}],"wp:attachment":[{"href":"https:\/\/cvoriscec.com\/en\/wp-json\/wp\/v2\/media?parent=813"}],"curies":[{"name":"wp","href":"https:\/\/api.w.org\/{rel}","templated":true}]}}