{"id":806,"date":"2021-11-23T04:39:05","date_gmt":"2021-11-23T04:39:05","guid":{"rendered":"https:\/\/cvoriscec.com\/ordinacija\/"},"modified":"2021-12-13T13:23:30","modified_gmt":"2021-12-13T13:23:30","slug":"dental-office","status":"publish","type":"page","link":"https:\/\/cvoriscec.com\/en\/dental-office\/","title":{"rendered":"Dental office"},"content":{"rendered":"<p>[vc_row full_width=&#8221;stretch_row&#8221; gap=&#8221;25&#8243; content_placement=&#8221;middle&#8221; css=&#8221;.vc_custom_1637643279794{padding-top: 60px !important;padding-bottom: 80px !important;background-color: #ffffff !important;}&#8221;][vc_column offset=&#8221;vc_col-lg-6 vc_col-md-6&#8243;]<div id=\"cz_27677\" class=\"cz_27677 cz_title clr cz_title_pos_inline\"><div class=\"cz_title_content\"><span class=\"cz_line_side_solo\">_<\/span><div class=\"cz_wpe_content\"><h2 style=\"text-align: left; font-weight: 300; font-size: 40px;\">mr. sc. <span style=\"color: #8eb1ba;\">\u010cvori\u0161\u0107ec<\/span> dr. med. dent.<\/h2>\n<h3 style=\"text-align: left;\"><span style=\"color: #999999; font-size: 30px; font-weight: 300;\">The dental office<\/span><\/h3>\n<\/div><\/div><\/div><div class=\"cz_gap clr \" style=\"height: 30px\"><\/div>[vc_column_text]The dental office M.Sc.\u010cvori\u0161\u0107ec Dr.Med.Dent. was registered in 1998. Since 2012 we practice in a new, more spacious office, at Ulica grada Mainza 28.<\/p>\n<p>Our employees are educated continuously and apply the latest therapy methods and technologies in the field of dentistry. <\/p>\n<p>The dental office is appointed with modern and worldwide known equipment. <\/p>\n<p>The dental chair \u201eKaVo\u201c gives the patient maximum comfort at different kinds of treatments, autoclave (class B sterilizers) meets all European standards and provides the patient complete security regarding the sterile working environment.<\/p>\n<p>All dental instruments are from the well-known German producer \u201eCarl Martin\u201c. <\/p>\n<p>Radiovisiography (RVG) \u201ePlanmeca\u201c enables to show the patient single steps of the work done in the mouth on a LCD monitor at any time, and make dental RVG with minimum radiation doses. [\/vc_column_text]<div class=\"cz_eqh cz_content_box_parent_fx  \"><div id=\"cz_11889\" class=\"cz_11889 cz_content_box clr\"><div class=\"cz_box_front clr\"><div class=\"cz_box_front_inner clr cz_content_box_full_before\"><span><\/span><div><div id=\"cz_80916\" class=\"cz_80916 cz_title clr cz_smart_fs cz_title_ba_line cz_title_pos_inline\"><div class=\"cz_title_content\"><div class=\"cz_wpe_content\"><h3 style=\"text-align: left; color: #333;\"><span style=\"font-size: 36px; font-weight: 300;\">Why <span style=\"color: #fff;\">\u010cvori\u0161\u0107ec<\/span>?<\/span><\/h3>\n<\/div><div class=\"cz_title_line cz_line_after_title\"><span>_<\/span><\/div><\/div><\/div><div id=\"cz_83422\" class=\"cz_83422 cz_title clr cz_smart_fs cz_title_pos_inline\"><div class=\"cz_title_content\"><div class=\"cz_wpe_content\"><p><span style=\"color: #eaeaea; font-size: 18px; font-weight: 300;\">We insist on extensive evaluation of the patient as a person, with complete care for his health and beautiful smile that builds up his self-confidence as precondition for a successful professional and private life.<\/span><\/p>\n<\/div><\/div><\/div><div class=\"cz_btn_center\"><div class=\"cz_71891_p\"><a id=\"cz_71891\" class=\"cz_71891 cz_btn cz_btn_txt_no_fx cz_btn_shine\" href=\"https:\/\/cvoriscec.com\/en\/contact\"><span><strong>Make an appointment<\/strong><\/span><b class=\"cz_btn_onhover\"><strong>Make an appointment<\/strong><\/b><\/a><\/div><\/div><\/div><\/div><\/div><\/div><\/div><div class=\"cz_gap clr  hide_on_tablet hide_on_mobile\" style=\"height: 0px\"><\/div><div class=\"cz_gap show_on_tablet clr  show_only_tablet\" style=\"height: 35px\"><\/div><div class=\"cz_gap show_on_mobile clr\" style=\"height: 25px\"><\/div>[\/vc_column][vc_column offset=&#8221;vc_col-lg-6 vc_col-md-6&#8243;]<div id=\"cz_86451\" class=\"cz_grid_p cz_86451\"><div class=\"cz_grid cz_grid_1 clr cz_metro_9 cz_grid_c6 cz_grid_1_no_title cz_grid_1_mid tac cz_grid_overlay_5px cz_grid_two_columns_on_mobile\"><div class=\"cz_grid_item cz_grid_first\"><\/div><div class=\"cz_grid_item \"><div><a class=\"cz_grid_link \" href=\"https:\/\/cvoriscec.com\/wp-content\/uploads\/2021\/11\/cvoriscec-ordinacija-dentalne-medicine-1.jpg\" data-xtra-lightbox data-xtra-lightbox><img width=\"600\" height=\"600\" src=\"data:image\/svg+xml,%3Csvg%20xmlns%3D&#39;http%3A%2F%2Fwww.w3.org%2F2000%2Fsvg&#39;%20width=&#39;600&#39;%20height=&#39;600&#39;%20viewBox%3D&#39;0%200%20600%20600&#39;%2F%3E\" data-czlz data-src=\"https:\/\/cvoriscec.com\/wp-content\/uploads\/2021\/11\/cvoriscec-ordinacija-dentalne-medicine-1-600x600.jpg\" class=\"attachment-codevz_600_600\" alt=\"\" title=\"\u010cvori\u0161\u0107ec - Ordinacija dentalne medicine\" data-srcset=\"https:\/\/cvoriscec.com\/wp-content\/uploads\/2021\/11\/cvoriscec-ordinacija-dentalne-medicine-1-600x600.jpg 600w, https:\/\/cvoriscec.com\/wp-content\/uploads\/2021\/11\/cvoriscec-ordinacija-dentalne-medicine-1-150x150.jpg 150w\" data-sizes=\"(max-width: 600px) 100vw, 600px\" \/><div class=\"cz_grid_details\"><i class=\"fa fa-search cz_grid_icon\"><\/i><\/div><\/a><\/div><\/div><div class=\"cz_grid_item \"><div><a class=\"cz_grid_link \" href=\"https:\/\/cvoriscec.com\/wp-content\/uploads\/2021\/11\/cvoriscec-ordinacija-dentalne-medicine-2.jpg\" data-xtra-lightbox data-xtra-lightbox><img width=\"600\" height=\"600\" src=\"data:image\/svg+xml,%3Csvg%20xmlns%3D&#39;http%3A%2F%2Fwww.w3.org%2F2000%2Fsvg&#39;%20width=&#39;600&#39;%20height=&#39;600&#39;%20viewBox%3D&#39;0%200%20600%20600&#39;%2F%3E\" data-czlz data-src=\"https:\/\/cvoriscec.com\/wp-content\/uploads\/2021\/11\/cvoriscec-ordinacija-dentalne-medicine-2-600x600.jpg\" class=\"attachment-codevz_600_600\" alt=\"\" title=\"\u010cvori\u0161\u0107ec - Ordinacija dentalne medicine\" data-srcset=\"https:\/\/cvoriscec.com\/wp-content\/uploads\/2021\/11\/cvoriscec-ordinacija-dentalne-medicine-2-600x600.jpg 600w, https:\/\/cvoriscec.com\/wp-content\/uploads\/2021\/11\/cvoriscec-ordinacija-dentalne-medicine-2-150x150.jpg 150w\" data-sizes=\"(max-width: 600px) 100vw, 600px\" \/><div class=\"cz_grid_details\"><i class=\"fa fa-search cz_grid_icon\"><\/i><\/div><\/a><\/div><\/div><div class=\"cz_grid_item \"><div><a class=\"cz_grid_link \" href=\"https:\/\/cvoriscec.com\/wp-content\/uploads\/2021\/11\/cvoriscec-ordinacija-dentalne-medicine-19.jpg\" data-xtra-lightbox data-xtra-lightbox><img width=\"600\" height=\"600\" src=\"data:image\/svg+xml,%3Csvg%20xmlns%3D&#39;http%3A%2F%2Fwww.w3.org%2F2000%2Fsvg&#39;%20width=&#39;600&#39;%20height=&#39;600&#39;%20viewBox%3D&#39;0%200%20600%20600&#39;%2F%3E\" data-czlz data-src=\"https:\/\/cvoriscec.com\/wp-content\/uploads\/2021\/11\/cvoriscec-ordinacija-dentalne-medicine-19-600x600.jpg\" class=\"attachment-codevz_600_600\" alt=\"\" title=\"\u010cvori\u0161\u0107ec - Ordinacija dentalne medicine\" data-srcset=\"https:\/\/cvoriscec.com\/wp-content\/uploads\/2021\/11\/cvoriscec-ordinacija-dentalne-medicine-19-600x600.jpg 600w, https:\/\/cvoriscec.com\/wp-content\/uploads\/2021\/11\/cvoriscec-ordinacija-dentalne-medicine-19-150x150.jpg 150w\" data-sizes=\"(max-width: 600px) 100vw, 600px\" \/><div class=\"cz_grid_details\"><i class=\"fa fa-search cz_grid_icon\"><\/i><\/div><\/a><\/div><\/div><div class=\"cz_grid_item \"><div><a class=\"cz_grid_link \" href=\"https:\/\/cvoriscec.com\/wp-content\/uploads\/2021\/11\/cvoriscec-ordinacija-dentalne-medicine-4.jpg\" data-xtra-lightbox data-xtra-lightbox><img width=\"600\" height=\"600\" src=\"data:image\/svg+xml,%3Csvg%20xmlns%3D&#39;http%3A%2F%2Fwww.w3.org%2F2000%2Fsvg&#39;%20width=&#39;600&#39;%20height=&#39;600&#39;%20viewBox%3D&#39;0%200%20600%20600&#39;%2F%3E\" data-czlz data-src=\"https:\/\/cvoriscec.com\/wp-content\/uploads\/2021\/11\/cvoriscec-ordinacija-dentalne-medicine-4-600x600.jpg\" class=\"attachment-codevz_600_600\" alt=\"\" title=\"\u010cvori\u0161\u0107ec - Ordinacija dentalne medicine\" data-srcset=\"https:\/\/cvoriscec.com\/wp-content\/uploads\/2021\/11\/cvoriscec-ordinacija-dentalne-medicine-4-600x600.jpg 600w, https:\/\/cvoriscec.com\/wp-content\/uploads\/2021\/11\/cvoriscec-ordinacija-dentalne-medicine-4-150x150.jpg 150w\" data-sizes=\"(max-width: 600px) 100vw, 600px\" \/><div class=\"cz_grid_details\"><i class=\"fa fa-search cz_grid_icon\"><\/i><\/div><\/a><\/div><\/div><div class=\"cz_grid_item \"><div><a class=\"cz_grid_link \" href=\"https:\/\/cvoriscec.com\/wp-content\/uploads\/2021\/11\/cvoriscec-ordinacija-dentalne-medicine-5.jpg\" data-xtra-lightbox data-xtra-lightbox><img width=\"600\" height=\"600\" src=\"data:image\/svg+xml,%3Csvg%20xmlns%3D&#39;http%3A%2F%2Fwww.w3.org%2F2000%2Fsvg&#39;%20width=&#39;600&#39;%20height=&#39;600&#39;%20viewBox%3D&#39;0%200%20600%20600&#39;%2F%3E\" data-czlz data-src=\"https:\/\/cvoriscec.com\/wp-content\/uploads\/2021\/11\/cvoriscec-ordinacija-dentalne-medicine-5-600x600.jpg\" class=\"attachment-codevz_600_600\" alt=\"\" title=\"\u010cvori\u0161\u0107ec - Ordinacija dentalne medicine\" data-srcset=\"https:\/\/cvoriscec.com\/wp-content\/uploads\/2021\/11\/cvoriscec-ordinacija-dentalne-medicine-5-600x600.jpg 600w, https:\/\/cvoriscec.com\/wp-content\/uploads\/2021\/11\/cvoriscec-ordinacija-dentalne-medicine-5-150x150.jpg 150w\" data-sizes=\"(max-width: 600px) 100vw, 600px\" \/><div class=\"cz_grid_details\"><i class=\"fa fa-search cz_grid_icon\"><\/i><\/div><\/a><\/div><\/div><div class=\"cz_grid_item \"><div><a class=\"cz_grid_link \" href=\"https:\/\/cvoriscec.com\/wp-content\/uploads\/2021\/11\/cvoriscec-ordinacija-dentalne-medicine-7.jpg\" data-xtra-lightbox data-xtra-lightbox><img width=\"600\" height=\"600\" src=\"data:image\/svg+xml,%3Csvg%20xmlns%3D&#39;http%3A%2F%2Fwww.w3.org%2F2000%2Fsvg&#39;%20width=&#39;600&#39;%20height=&#39;600&#39;%20viewBox%3D&#39;0%200%20600%20600&#39;%2F%3E\" data-czlz data-src=\"https:\/\/cvoriscec.com\/wp-content\/uploads\/2021\/11\/cvoriscec-ordinacija-dentalne-medicine-7-600x600.jpg\" class=\"attachment-codevz_600_600\" alt=\"\" title=\"\u010cvori\u0161\u0107ec - Ordinacija dentalne medicine\" data-srcset=\"https:\/\/cvoriscec.com\/wp-content\/uploads\/2021\/11\/cvoriscec-ordinacija-dentalne-medicine-7-600x600.jpg 600w, https:\/\/cvoriscec.com\/wp-content\/uploads\/2021\/11\/cvoriscec-ordinacija-dentalne-medicine-7-150x150.jpg 150w\" data-sizes=\"(max-width: 600px) 100vw, 600px\" \/><div class=\"cz_grid_details\"><i class=\"fa fa-search cz_grid_icon\"><\/i><\/div><\/a><\/div><\/div><div class=\"cz_grid_item \"><div><a class=\"cz_grid_link \" href=\"https:\/\/cvoriscec.com\/wp-content\/uploads\/2021\/11\/cvoriscec-ordinacija-dentalne-medicine-9.jpg\" data-xtra-lightbox data-xtra-lightbox><img width=\"600\" height=\"600\" src=\"data:image\/svg+xml,%3Csvg%20xmlns%3D&#39;http%3A%2F%2Fwww.w3.org%2F2000%2Fsvg&#39;%20width=&#39;600&#39;%20height=&#39;600&#39;%20viewBox%3D&#39;0%200%20600%20600&#39;%2F%3E\" data-czlz data-src=\"https:\/\/cvoriscec.com\/wp-content\/uploads\/2021\/11\/cvoriscec-ordinacija-dentalne-medicine-9-600x600.jpg\" class=\"attachment-codevz_600_600\" alt=\"\" title=\"\u010cvori\u0161\u0107ec - Ordinacija dentalne medicine\" data-srcset=\"https:\/\/cvoriscec.com\/wp-content\/uploads\/2021\/11\/cvoriscec-ordinacija-dentalne-medicine-9-600x600.jpg 600w, https:\/\/cvoriscec.com\/wp-content\/uploads\/2021\/11\/cvoriscec-ordinacija-dentalne-medicine-9-150x150.jpg 150w\" data-sizes=\"(max-width: 600px) 100vw, 600px\" \/><div class=\"cz_grid_details\"><i class=\"fa fa-search cz_grid_icon\"><\/i><\/div><\/a><\/div><\/div><div class=\"cz_grid_item \"><div><a class=\"cz_grid_link \" href=\"https:\/\/cvoriscec.com\/wp-content\/uploads\/2021\/11\/cvoriscec-ordinacija-dentalne-medicine-10.jpg\" data-xtra-lightbox data-xtra-lightbox><img width=\"600\" height=\"600\" src=\"data:image\/svg+xml,%3Csvg%20xmlns%3D&#39;http%3A%2F%2Fwww.w3.org%2F2000%2Fsvg&#39;%20width=&#39;600&#39;%20height=&#39;600&#39;%20viewBox%3D&#39;0%200%20600%20600&#39;%2F%3E\" data-czlz data-src=\"https:\/\/cvoriscec.com\/wp-content\/uploads\/2021\/11\/cvoriscec-ordinacija-dentalne-medicine-10-600x600.jpg\" class=\"attachment-codevz_600_600\" alt=\"\" title=\"\u010cvori\u0161\u0107ec - Ordinacija dentalne medicine\" data-srcset=\"https:\/\/cvoriscec.com\/wp-content\/uploads\/2021\/11\/cvoriscec-ordinacija-dentalne-medicine-10-600x600.jpg 600w, https:\/\/cvoriscec.com\/wp-content\/uploads\/2021\/11\/cvoriscec-ordinacija-dentalne-medicine-10-150x150.jpg 150w\" data-sizes=\"(max-width: 600px) 100vw, 600px\" \/><div class=\"cz_grid_details\"><i class=\"fa fa-search cz_grid_icon\"><\/i><\/div><\/a><\/div><\/div><div class=\"cz_grid_item \"><div><a class=\"cz_grid_link \" href=\"https:\/\/cvoriscec.com\/wp-content\/uploads\/2021\/11\/cvoriscec-ordinacija-dentalne-medicine-11.jpg\" data-xtra-lightbox data-xtra-lightbox><img width=\"600\" height=\"600\" src=\"data:image\/svg+xml,%3Csvg%20xmlns%3D&#39;http%3A%2F%2Fwww.w3.org%2F2000%2Fsvg&#39;%20width=&#39;600&#39;%20height=&#39;600&#39;%20viewBox%3D&#39;0%200%20600%20600&#39;%2F%3E\" data-czlz data-src=\"https:\/\/cvoriscec.com\/wp-content\/uploads\/2021\/11\/cvoriscec-ordinacija-dentalne-medicine-11-600x600.jpg\" class=\"attachment-codevz_600_600\" alt=\"\" title=\"\u010cvori\u0161\u0107ec - Ordinacija dentalne medicine\" data-srcset=\"https:\/\/cvoriscec.com\/wp-content\/uploads\/2021\/11\/cvoriscec-ordinacija-dentalne-medicine-11-600x600.jpg 600w, https:\/\/cvoriscec.com\/wp-content\/uploads\/2021\/11\/cvoriscec-ordinacija-dentalne-medicine-11-150x150.jpg 150w\" data-sizes=\"(max-width: 600px) 100vw, 600px\" \/><div class=\"cz_grid_details\"><i class=\"fa fa-search cz_grid_icon\"><\/i><\/div><\/a><\/div><\/div><div class=\"cz_grid_item \"><div><a class=\"cz_grid_link \" href=\"https:\/\/cvoriscec.com\/wp-content\/uploads\/2021\/11\/cvoriscec-ordinacija-dentalne-medicine-12.jpg\" data-xtra-lightbox data-xtra-lightbox><img width=\"600\" height=\"600\" src=\"data:image\/svg+xml,%3Csvg%20xmlns%3D&#39;http%3A%2F%2Fwww.w3.org%2F2000%2Fsvg&#39;%20width=&#39;600&#39;%20height=&#39;600&#39;%20viewBox%3D&#39;0%200%20600%20600&#39;%2F%3E\" data-czlz data-src=\"https:\/\/cvoriscec.com\/wp-content\/uploads\/2021\/11\/cvoriscec-ordinacija-dentalne-medicine-12-600x600.jpg\" class=\"attachment-codevz_600_600\" alt=\"\" title=\"\u010cvori\u0161\u0107ec - Ordinacija dentalne medicine\" data-srcset=\"https:\/\/cvoriscec.com\/wp-content\/uploads\/2021\/11\/cvoriscec-ordinacija-dentalne-medicine-12-600x600.jpg 600w, https:\/\/cvoriscec.com\/wp-content\/uploads\/2021\/11\/cvoriscec-ordinacija-dentalne-medicine-12-150x150.jpg 150w\" data-sizes=\"(max-width: 600px) 100vw, 600px\" \/><div class=\"cz_grid_details\"><i class=\"fa fa-search cz_grid_icon\"><\/i><\/div><\/a><\/div><\/div><div class=\"cz_grid_item \"><div><a class=\"cz_grid_link \" href=\"https:\/\/cvoriscec.com\/wp-content\/uploads\/2021\/11\/cvoriscec-ordinacija-dentalne-medicine-13.jpg\" data-xtra-lightbox data-xtra-lightbox><img width=\"600\" height=\"600\" src=\"data:image\/svg+xml,%3Csvg%20xmlns%3D&#39;http%3A%2F%2Fwww.w3.org%2F2000%2Fsvg&#39;%20width=&#39;600&#39;%20height=&#39;600&#39;%20viewBox%3D&#39;0%200%20600%20600&#39;%2F%3E\" data-czlz data-src=\"https:\/\/cvoriscec.com\/wp-content\/uploads\/2021\/11\/cvoriscec-ordinacija-dentalne-medicine-13-600x600.jpg\" class=\"attachment-codevz_600_600\" alt=\"\" title=\"\u010cvori\u0161\u0107ec - Ordinacija dentalne medicine\" data-srcset=\"https:\/\/cvoriscec.com\/wp-content\/uploads\/2021\/11\/cvoriscec-ordinacija-dentalne-medicine-13-600x600.jpg 600w, https:\/\/cvoriscec.com\/wp-content\/uploads\/2021\/11\/cvoriscec-ordinacija-dentalne-medicine-13-150x150.jpg 150w\" data-sizes=\"(max-width: 600px) 100vw, 600px\" \/><div class=\"cz_grid_details\"><i class=\"fa fa-search cz_grid_icon\"><\/i><\/div><\/a><\/div><\/div><div class=\"cz_grid_item \"><div><a class=\"cz_grid_link \" href=\"https:\/\/cvoriscec.com\/wp-content\/uploads\/2021\/11\/cvoriscec-ordinacija-dentalne-medicine-14.jpg\" data-xtra-lightbox data-xtra-lightbox><img width=\"600\" height=\"600\" src=\"data:image\/svg+xml,%3Csvg%20xmlns%3D&#39;http%3A%2F%2Fwww.w3.org%2F2000%2Fsvg&#39;%20width=&#39;600&#39;%20height=&#39;600&#39;%20viewBox%3D&#39;0%200%20600%20600&#39;%2F%3E\" data-czlz data-src=\"https:\/\/cvoriscec.com\/wp-content\/uploads\/2021\/11\/cvoriscec-ordinacija-dentalne-medicine-14-600x600.jpg\" class=\"attachment-codevz_600_600\" alt=\"\" title=\"\u010cvori\u0161\u0107ec - Ordinacija dentalne medicine\" data-srcset=\"https:\/\/cvoriscec.com\/wp-content\/uploads\/2021\/11\/cvoriscec-ordinacija-dentalne-medicine-14-600x600.jpg 600w, https:\/\/cvoriscec.com\/wp-content\/uploads\/2021\/11\/cvoriscec-ordinacija-dentalne-medicine-14-150x150.jpg 150w\" data-sizes=\"(max-width: 600px) 100vw, 600px\" \/><div class=\"cz_grid_details\"><i class=\"fa fa-search cz_grid_icon\"><\/i><\/div><\/a><\/div><\/div><div class=\"cz_grid_item \"><div><a class=\"cz_grid_link \" href=\"https:\/\/cvoriscec.com\/wp-content\/uploads\/2021\/11\/cvoriscec-ordinacija-dentalne-medicine-15.jpg\" data-xtra-lightbox data-xtra-lightbox><img width=\"600\" height=\"600\" src=\"data:image\/svg+xml,%3Csvg%20xmlns%3D&#39;http%3A%2F%2Fwww.w3.org%2F2000%2Fsvg&#39;%20width=&#39;600&#39;%20height=&#39;600&#39;%20viewBox%3D&#39;0%200%20600%20600&#39;%2F%3E\" data-czlz data-src=\"https:\/\/cvoriscec.com\/wp-content\/uploads\/2021\/11\/cvoriscec-ordinacija-dentalne-medicine-15-600x600.jpg\" class=\"attachment-codevz_600_600\" alt=\"\" title=\"\u010cvori\u0161\u0107ec - Ordinacija dentalne medicine\" data-srcset=\"https:\/\/cvoriscec.com\/wp-content\/uploads\/2021\/11\/cvoriscec-ordinacija-dentalne-medicine-15-600x600.jpg 600w, https:\/\/cvoriscec.com\/wp-content\/uploads\/2021\/11\/cvoriscec-ordinacija-dentalne-medicine-15-150x150.jpg 150w\" data-sizes=\"(max-width: 600px) 100vw, 600px\" \/><div class=\"cz_grid_details\"><i class=\"fa fa-search cz_grid_icon\"><\/i><\/div><\/a><\/div><\/div><div class=\"cz_grid_item \"><div><a class=\"cz_grid_link \" href=\"https:\/\/cvoriscec.com\/wp-content\/uploads\/2021\/11\/cvoriscec-ordinacija-dentalne-medicine-16.jpg\" data-xtra-lightbox data-xtra-lightbox><img width=\"600\" height=\"600\" src=\"data:image\/svg+xml,%3Csvg%20xmlns%3D&#39;http%3A%2F%2Fwww.w3.org%2F2000%2Fsvg&#39;%20width=&#39;600&#39;%20height=&#39;600&#39;%20viewBox%3D&#39;0%200%20600%20600&#39;%2F%3E\" data-czlz data-src=\"https:\/\/cvoriscec.com\/wp-content\/uploads\/2021\/11\/cvoriscec-ordinacija-dentalne-medicine-16-600x600.jpg\" class=\"attachment-codevz_600_600\" alt=\"\" title=\"\u010cvori\u0161\u0107ec - Ordinacija dentalne medicine\" data-srcset=\"https:\/\/cvoriscec.com\/wp-content\/uploads\/2021\/11\/cvoriscec-ordinacija-dentalne-medicine-16-600x600.jpg 600w, https:\/\/cvoriscec.com\/wp-content\/uploads\/2021\/11\/cvoriscec-ordinacija-dentalne-medicine-16-150x150.jpg 150w\" data-sizes=\"(max-width: 600px) 100vw, 600px\" \/><div class=\"cz_grid_details\"><i class=\"fa fa-search cz_grid_icon\"><\/i><\/div><\/a><\/div><\/div><div class=\"cz_grid_item \"><div><a class=\"cz_grid_link \" href=\"https:\/\/cvoriscec.com\/wp-content\/uploads\/2021\/11\/cvoriscec-ordinacija-dentalne-medicine-17.jpg\" data-xtra-lightbox data-xtra-lightbox><img width=\"600\" height=\"600\" src=\"data:image\/svg+xml,%3Csvg%20xmlns%3D&#39;http%3A%2F%2Fwww.w3.org%2F2000%2Fsvg&#39;%20width=&#39;600&#39;%20height=&#39;600&#39;%20viewBox%3D&#39;0%200%20600%20600&#39;%2F%3E\" data-czlz data-src=\"https:\/\/cvoriscec.com\/wp-content\/uploads\/2021\/11\/cvoriscec-ordinacija-dentalne-medicine-17-600x600.jpg\" class=\"attachment-codevz_600_600\" alt=\"\" title=\"\u010cvori\u0161\u0107ec - Ordinacija dentalne medicine\" data-srcset=\"https:\/\/cvoriscec.com\/wp-content\/uploads\/2021\/11\/cvoriscec-ordinacija-dentalne-medicine-17-600x600.jpg 600w, https:\/\/cvoriscec.com\/wp-content\/uploads\/2021\/11\/cvoriscec-ordinacija-dentalne-medicine-17-150x150.jpg 150w\" data-sizes=\"(max-width: 600px) 100vw, 600px\" \/><div class=\"cz_grid_details\"><i class=\"fa fa-search cz_grid_icon\"><\/i><\/div><\/a><\/div><\/div><div class=\"cz_grid_item \"><div><a class=\"cz_grid_link \" href=\"https:\/\/cvoriscec.com\/wp-content\/uploads\/2021\/11\/cvoriscec-ordinacija-dentalne-medicine-18.jpg\" data-xtra-lightbox data-xtra-lightbox><img width=\"600\" height=\"600\" src=\"data:image\/svg+xml,%3Csvg%20xmlns%3D&#39;http%3A%2F%2Fwww.w3.org%2F2000%2Fsvg&#39;%20width=&#39;600&#39;%20height=&#39;600&#39;%20viewBox%3D&#39;0%200%20600%20600&#39;%2F%3E\" data-czlz data-src=\"https:\/\/cvoriscec.com\/wp-content\/uploads\/2021\/11\/cvoriscec-ordinacija-dentalne-medicine-18-600x600.jpg\" class=\"attachment-codevz_600_600\" alt=\"\" title=\"\u010cvori\u0161\u0107ec - Ordinacija dentalne medicine\" data-srcset=\"https:\/\/cvoriscec.com\/wp-content\/uploads\/2021\/11\/cvoriscec-ordinacija-dentalne-medicine-18-600x600.jpg 600w, https:\/\/cvoriscec.com\/wp-content\/uploads\/2021\/11\/cvoriscec-ordinacija-dentalne-medicine-18-150x150.jpg 150w\" data-sizes=\"(max-width: 600px) 100vw, 600px\" \/><div class=\"cz_grid_details\"><i class=\"fa fa-search cz_grid_icon\"><\/i><\/div><\/a><\/div><\/div><\/div><\/div>[\/vc_column][\/vc_row]<\/p>\n","protected":false},"excerpt":{"rendered":"<p>[vc_row full_width=&#8221;stretch_row&#8221; gap=&#8221;25&#8243; content_placement=&#8221;middle&#8221; css=&#8221;.vc_custom_1637643279794{padding-top: 60px !important;padding-bottom: 80px !important;background-color: #ffffff !important;}&#8221;][vc_column &#8230; <\/p>\n","protected":false},"author":1,"featured_media":0,"parent":0,"menu_order":0,"comment_status":"closed","ping_status":"closed","template":"","meta":[],"yoast_head":"<!-- This site is optimized with the Yoast SEO plugin v17.8 - https:\/\/yoast.com\/wordpress\/plugins\/seo\/ -->\n<title>Dental office - \u010cvori\u0161\u0107ec - Ordinacija dentalne medicine<\/title>\n<meta name=\"robots\" content=\"index, follow, max-snippet:-1, max-image-preview:large, max-video-preview:-1\" \/>\n<link rel=\"canonical\" href=\"https:\/\/cvoriscec.com\/en\/dental-office\/\" \/>\n<meta property=\"og:locale\" content=\"en_US\" \/>\n<meta property=\"og:type\" content=\"article\" \/>\n<meta property=\"og:title\" content=\"Dental office - \u010cvori\u0161\u0107ec - Ordinacija dentalne medicine\" \/>\n<meta property=\"og:description\" content=\"[vc_row full_width=&#8221;stretch_row&#8221; gap=&#8221;25&#8243; content_placement=&#8221;middle&#8221; css=&#8221;.vc_custom_1637643279794{padding-top: 60px !important;padding-bottom: 80px !important;background-color: #ffffff !important;}&#8221;][vc_column ...\" \/>\n<meta property=\"og:url\" content=\"https:\/\/cvoriscec.com\/en\/dental-office\/\" \/>\n<meta property=\"og:site_name\" content=\"\u010cvori\u0161\u0107ec - Ordinacija dentalne medicine\" \/>\n<meta property=\"article:modified_time\" content=\"2021-12-13T13:23:30+00:00\" \/>\n<meta name=\"twitter:card\" content=\"summary_large_image\" \/>\n<meta name=\"twitter:label1\" content=\"Est. reading time\" \/>\n\t<meta name=\"twitter:data1\" content=\"2 minutes\" \/>\n<script type=\"application\/ld+json\" class=\"yoast-schema-graph\">{\"@context\":\"https:\/\/schema.org\",\"@graph\":[{\"@type\":\"WebSite\",\"@id\":\"https:\/\/cvoriscec.com\/#website\",\"url\":\"https:\/\/cvoriscec.com\/\",\"name\":\"\\u010cvori\\u0161\\u0107ec - Ordinacija dentalne medicine\",\"description\":\"\",\"potentialAction\":[{\"@type\":\"SearchAction\",\"target\":{\"@type\":\"EntryPoint\",\"urlTemplate\":\"https:\/\/cvoriscec.com\/?s={search_term_string}\"},\"query-input\":\"required name=search_term_string\"}],\"inLanguage\":\"en-US\"},{\"@type\":\"WebPage\",\"@id\":\"https:\/\/cvoriscec.com\/en\/dental-office\/#webpage\",\"url\":\"https:\/\/cvoriscec.com\/en\/dental-office\/\",\"name\":\"Dental office - \\u010cvori\\u0161\\u0107ec - Ordinacija dentalne medicine\",\"isPartOf\":{\"@id\":\"https:\/\/cvoriscec.com\/#website\"},\"datePublished\":\"2021-11-23T04:39:05+00:00\",\"dateModified\":\"2021-12-13T13:23:30+00:00\",\"breadcrumb\":{\"@id\":\"https:\/\/cvoriscec.com\/en\/dental-office\/#breadcrumb\"},\"inLanguage\":\"en-US\",\"potentialAction\":[{\"@type\":\"ReadAction\",\"target\":[\"https:\/\/cvoriscec.com\/en\/dental-office\/\"]}]},{\"@type\":\"BreadcrumbList\",\"@id\":\"https:\/\/cvoriscec.com\/en\/dental-office\/#breadcrumb\",\"itemListElement\":[{\"@type\":\"ListItem\",\"position\":1,\"name\":\"Po\\u010detna stranica\",\"item\":\"https:\/\/cvoriscec.com\/en\/\"},{\"@type\":\"ListItem\",\"position\":2,\"name\":\"Dental office\"}]}]}<\/script>\n<!-- \/ Yoast SEO plugin. -->","yoast_head_json":{"title":"Dental office - \u010cvori\u0161\u0107ec - Ordinacija dentalne medicine","robots":{"index":"index","follow":"follow","max-snippet":"max-snippet:-1","max-image-preview":"max-image-preview:large","max-video-preview":"max-video-preview:-1"},"canonical":"https:\/\/cvoriscec.com\/en\/dental-office\/","og_locale":"en_US","og_type":"article","og_title":"Dental office - \u010cvori\u0161\u0107ec - Ordinacija dentalne medicine","og_description":"[vc_row full_width=&#8221;stretch_row&#8221; gap=&#8221;25&#8243; content_placement=&#8221;middle&#8221; css=&#8221;.vc_custom_1637643279794{padding-top: 60px !important;padding-bottom: 80px !important;background-color: #ffffff !important;}&#8221;][vc_column ...","og_url":"https:\/\/cvoriscec.com\/en\/dental-office\/","og_site_name":"\u010cvori\u0161\u0107ec - Ordinacija dentalne medicine","article_modified_time":"2021-12-13T13:23:30+00:00","twitter_card":"summary_large_image","twitter_misc":{"Est. reading time":"2 minutes"},"schema":{"@context":"https:\/\/schema.org","@graph":[{"@type":"WebSite","@id":"https:\/\/cvoriscec.com\/#website","url":"https:\/\/cvoriscec.com\/","name":"\u010cvori\u0161\u0107ec - Ordinacija dentalne medicine","description":"","potentialAction":[{"@type":"SearchAction","target":{"@type":"EntryPoint","urlTemplate":"https:\/\/cvoriscec.com\/?s={search_term_string}"},"query-input":"required name=search_term_string"}],"inLanguage":"en-US"},{"@type":"WebPage","@id":"https:\/\/cvoriscec.com\/en\/dental-office\/#webpage","url":"https:\/\/cvoriscec.com\/en\/dental-office\/","name":"Dental office - \u010cvori\u0161\u0107ec - Ordinacija dentalne medicine","isPartOf":{"@id":"https:\/\/cvoriscec.com\/#website"},"datePublished":"2021-11-23T04:39:05+00:00","dateModified":"2021-12-13T13:23:30+00:00","breadcrumb":{"@id":"https:\/\/cvoriscec.com\/en\/dental-office\/#breadcrumb"},"inLanguage":"en-US","potentialAction":[{"@type":"ReadAction","target":["https:\/\/cvoriscec.com\/en\/dental-office\/"]}]},{"@type":"BreadcrumbList","@id":"https:\/\/cvoriscec.com\/en\/dental-office\/#breadcrumb","itemListElement":[{"@type":"ListItem","position":1,"name":"Po\u010detna stranica","item":"https:\/\/cvoriscec.com\/en\/"},{"@type":"ListItem","position":2,"name":"Dental office"}]}]}},"_links":{"self":[{"href":"https:\/\/cvoriscec.com\/en\/wp-json\/wp\/v2\/pages\/806"}],"collection":[{"href":"https:\/\/cvoriscec.com\/en\/wp-json\/wp\/v2\/pages"}],"about":[{"href":"https:\/\/cvoriscec.com\/en\/wp-json\/wp\/v2\/types\/page"}],"author":[{"embeddable":true,"href":"https:\/\/cvoriscec.com\/en\/wp-json\/wp\/v2\/users\/1"}],"replies":[{"embeddable":true,"href":"https:\/\/cvoriscec.com\/en\/wp-json\/wp\/v2\/comments?post=806"}],"version-history":[{"count":2,"href":"https:\/\/cvoriscec.com\/en\/wp-json\/wp\/v2\/pages\/806\/revisions"}],"predecessor-version":[{"id":808,"href":"https:\/\/cvoriscec.com\/en\/wp-json\/wp\/v2\/pages\/806\/revisions\/808"}],"wp:attachment":[{"href":"https:\/\/cvoriscec.com\/en\/wp-json\/wp\/v2\/media?parent=806"}],"curies":[{"name":"wp","href":"https:\/\/api.w.org\/{rel}","templated":true}]}}