{"id":800,"date":"2021-02-23T08:52:48","date_gmt":"2021-02-23T08:52:48","guid":{"rendered":"https:\/\/cvoriscec.com\/o-nama\/"},"modified":"2021-12-13T13:24:15","modified_gmt":"2021-12-13T13:24:15","slug":"about-us","status":"publish","type":"page","link":"https:\/\/cvoriscec.com\/en\/about-us\/","title":{"rendered":"About us"},"content":{"rendered":"<p>[vc_row full_width=&#8221;stretch_row&#8221; content_placement=&#8221;middle&#8221; css=&#8221;.vc_custom_1637588011050{padding-top: 60px !important;padding-bottom: 80px !important;background-color: #ffffff !important;}&#8221;][vc_column offset=&#8221;vc_col-lg-6 vc_col-md-6&#8243;]<div id=\"cz_45975\" class=\"cz_45975 cz_title clr cz_title_pos_inline\"><div class=\"cz_title_content\"><span class=\"cz_line_side_solo\">_<\/span><div class=\"cz_wpe_content\"><h2 style=\"text-align: left; font-weight: 300; font-size: 40px;\">mr. sc. <span style=\"color: #8eb1ba;\">\u010cvori\u0161\u0107ec<\/span> dr. med. dent.<\/h2>\n<h3 style=\"text-align: left;\"><span style=\"color: #999999; font-size: 30px; font-weight: 300;\">The dental office <\/span><\/h3>\n<\/div><\/div><\/div><div class=\"cz_gap clr \" style=\"height: 30px\"><\/div>[vc_column_text]The dental office M.Sc.\u010cvori\u0161\u0107ec Dr.Med.Dent. was registered in 1998. Since 2012 we practice in a new, more spacious office, at Ulica grada Mainza 28.<\/p>\n<p>Our employees are educated continuously and apply the latest therapy methods and technologies in the field of dentistry.<\/p>\n<p>The dental office is appointed with modern and worldwide known equipment. [\/vc_column_text]<div class=\"cz_btn_center\"><div class=\"cz_61759_p\"><a id=\"cz_61759\" class=\"cz_61759 cz_btn cz_btn_txt_no_fx cz_btn_fill_right cz_btn_icon_after\" href=\"https:\/\/cvoriscec.com\/en\/dental-office\/\"><span><strong>Our dental office<\/strong><i class=\"fa fa-long-arrow-right\"><\/i><\/span><b class=\"cz_btn_onhover\"><strong>Our dental office<\/strong><i class=\"fa fa-long-arrow-right\"><\/i><\/b><\/a><\/div><\/div>[\/vc_column][vc_column offset=&#8221;vc_col-lg-6 vc_col-md-6&#8243;]<div id=\"cz_38101\" class=\"cz_grid_p cz_38101\"><div class=\"cz_grid cz_grid_1 clr cz_metro_8 cz_grid_c4 cz_grid_1_no_title cz_grid_1_mid tac cz_grid_overlay_15px cz_grid_two_columns_on_mobile\"><div class=\"cz_grid_item cz_grid_first\"><\/div><div class=\"cz_grid_item \"><div><a class=\"cz_grid_link \" href=\"https:\/\/cvoriscec.com\/wp-content\/uploads\/2021\/11\/cvoriscec-ordinacija-dentalne-medicine-1.jpg\" data-xtra-lightbox data-xtra-lightbox><img width=\"600\" height=\"600\" src=\"data:image\/svg+xml,%3Csvg%20xmlns%3D&#39;http%3A%2F%2Fwww.w3.org%2F2000%2Fsvg&#39;%20width=&#39;600&#39;%20height=&#39;600&#39;%20viewBox%3D&#39;0%200%20600%20600&#39;%2F%3E\" data-czlz data-src=\"https:\/\/cvoriscec.com\/wp-content\/uploads\/2021\/11\/cvoriscec-ordinacija-dentalne-medicine-1-600x600.jpg\" class=\"attachment-codevz_600_600\" alt=\"\" title=\"\u010cvori\u0161\u0107ec - Ordinacija dentalne medicine\" data-srcset=\"https:\/\/cvoriscec.com\/wp-content\/uploads\/2021\/11\/cvoriscec-ordinacija-dentalne-medicine-1-600x600.jpg 600w, https:\/\/cvoriscec.com\/wp-content\/uploads\/2021\/11\/cvoriscec-ordinacija-dentalne-medicine-1-150x150.jpg 150w\" data-sizes=\"(max-width: 600px) 100vw, 600px\" \/><div class=\"cz_grid_details\"><i class=\"fa fa-search cz_grid_icon\"><\/i><\/div><\/a><\/div><\/div><div class=\"cz_grid_item \"><div><a class=\"cz_grid_link \" href=\"https:\/\/cvoriscec.com\/wp-content\/uploads\/2021\/11\/cvoriscec-ordinacija-dentalne-medicine-5.jpg\" data-xtra-lightbox data-xtra-lightbox><img width=\"600\" height=\"600\" src=\"data:image\/svg+xml,%3Csvg%20xmlns%3D&#39;http%3A%2F%2Fwww.w3.org%2F2000%2Fsvg&#39;%20width=&#39;600&#39;%20height=&#39;600&#39;%20viewBox%3D&#39;0%200%20600%20600&#39;%2F%3E\" data-czlz data-src=\"https:\/\/cvoriscec.com\/wp-content\/uploads\/2021\/11\/cvoriscec-ordinacija-dentalne-medicine-5-600x600.jpg\" class=\"attachment-codevz_600_600\" alt=\"\" title=\"\u010cvori\u0161\u0107ec - Ordinacija dentalne medicine\" data-srcset=\"https:\/\/cvoriscec.com\/wp-content\/uploads\/2021\/11\/cvoriscec-ordinacija-dentalne-medicine-5-600x600.jpg 600w, https:\/\/cvoriscec.com\/wp-content\/uploads\/2021\/11\/cvoriscec-ordinacija-dentalne-medicine-5-150x150.jpg 150w\" data-sizes=\"(max-width: 600px) 100vw, 600px\" \/><div class=\"cz_grid_details\"><i class=\"fa fa-search cz_grid_icon\"><\/i><\/div><\/a><\/div><\/div><div class=\"cz_grid_item \"><div><a class=\"cz_grid_link \" href=\"https:\/\/cvoriscec.com\/wp-content\/uploads\/2021\/11\/cvoriscec-ordinacija-dentalne-medicine-11.jpg\" data-xtra-lightbox data-xtra-lightbox><img width=\"600\" height=\"600\" src=\"data:image\/svg+xml,%3Csvg%20xmlns%3D&#39;http%3A%2F%2Fwww.w3.org%2F2000%2Fsvg&#39;%20width=&#39;600&#39;%20height=&#39;600&#39;%20viewBox%3D&#39;0%200%20600%20600&#39;%2F%3E\" data-czlz data-src=\"https:\/\/cvoriscec.com\/wp-content\/uploads\/2021\/11\/cvoriscec-ordinacija-dentalne-medicine-11-600x600.jpg\" class=\"attachment-codevz_600_600\" alt=\"\" title=\"\u010cvori\u0161\u0107ec - Ordinacija dentalne medicine\" data-srcset=\"https:\/\/cvoriscec.com\/wp-content\/uploads\/2021\/11\/cvoriscec-ordinacija-dentalne-medicine-11-600x600.jpg 600w, https:\/\/cvoriscec.com\/wp-content\/uploads\/2021\/11\/cvoriscec-ordinacija-dentalne-medicine-11-150x150.jpg 150w\" data-sizes=\"(max-width: 600px) 100vw, 600px\" \/><div class=\"cz_grid_details\"><i class=\"fa fa-search cz_grid_icon\"><\/i><\/div><\/a><\/div><\/div><div class=\"cz_grid_item \"><div><a class=\"cz_grid_link \" href=\"https:\/\/cvoriscec.com\/wp-content\/uploads\/2021\/11\/cvoriscec-ordinacija-dentalne-medicine-13.jpg\" data-xtra-lightbox data-xtra-lightbox><img width=\"600\" height=\"600\" src=\"data:image\/svg+xml,%3Csvg%20xmlns%3D&#39;http%3A%2F%2Fwww.w3.org%2F2000%2Fsvg&#39;%20width=&#39;600&#39;%20height=&#39;600&#39;%20viewBox%3D&#39;0%200%20600%20600&#39;%2F%3E\" data-czlz data-src=\"https:\/\/cvoriscec.com\/wp-content\/uploads\/2021\/11\/cvoriscec-ordinacija-dentalne-medicine-13-600x600.jpg\" class=\"attachment-codevz_600_600\" alt=\"\" title=\"\u010cvori\u0161\u0107ec - Ordinacija dentalne medicine\" data-srcset=\"https:\/\/cvoriscec.com\/wp-content\/uploads\/2021\/11\/cvoriscec-ordinacija-dentalne-medicine-13-600x600.jpg 600w, https:\/\/cvoriscec.com\/wp-content\/uploads\/2021\/11\/cvoriscec-ordinacija-dentalne-medicine-13-150x150.jpg 150w\" data-sizes=\"(max-width: 600px) 100vw, 600px\" \/><div class=\"cz_grid_details\"><i class=\"fa fa-search cz_grid_icon\"><\/i><\/div><\/a><\/div><\/div><div class=\"cz_grid_item \"><div><a class=\"cz_grid_link \" href=\"https:\/\/cvoriscec.com\/wp-content\/uploads\/2021\/11\/cvoriscec-ordinacija-dentalne-medicine-15.jpg\" data-xtra-lightbox data-xtra-lightbox><img width=\"600\" height=\"600\" src=\"data:image\/svg+xml,%3Csvg%20xmlns%3D&#39;http%3A%2F%2Fwww.w3.org%2F2000%2Fsvg&#39;%20width=&#39;600&#39;%20height=&#39;600&#39;%20viewBox%3D&#39;0%200%20600%20600&#39;%2F%3E\" data-czlz data-src=\"https:\/\/cvoriscec.com\/wp-content\/uploads\/2021\/11\/cvoriscec-ordinacija-dentalne-medicine-15-600x600.jpg\" class=\"attachment-codevz_600_600\" alt=\"\" title=\"\u010cvori\u0161\u0107ec - Ordinacija dentalne medicine\" data-srcset=\"https:\/\/cvoriscec.com\/wp-content\/uploads\/2021\/11\/cvoriscec-ordinacija-dentalne-medicine-15-600x600.jpg 600w, https:\/\/cvoriscec.com\/wp-content\/uploads\/2021\/11\/cvoriscec-ordinacija-dentalne-medicine-15-150x150.jpg 150w\" data-sizes=\"(max-width: 600px) 100vw, 600px\" \/><div class=\"cz_grid_details\"><i class=\"fa fa-search cz_grid_icon\"><\/i><\/div><\/a><\/div><\/div><div class=\"cz_grid_item \"><div><a class=\"cz_grid_link \" href=\"https:\/\/cvoriscec.com\/wp-content\/uploads\/2021\/11\/cvoriscec-ordinacija-dentalne-medicine-16.jpg\" data-xtra-lightbox data-xtra-lightbox><img width=\"600\" height=\"600\" src=\"data:image\/svg+xml,%3Csvg%20xmlns%3D&#39;http%3A%2F%2Fwww.w3.org%2F2000%2Fsvg&#39;%20width=&#39;600&#39;%20height=&#39;600&#39;%20viewBox%3D&#39;0%200%20600%20600&#39;%2F%3E\" data-czlz data-src=\"https:\/\/cvoriscec.com\/wp-content\/uploads\/2021\/11\/cvoriscec-ordinacija-dentalne-medicine-16-600x600.jpg\" class=\"attachment-codevz_600_600\" alt=\"\" title=\"\u010cvori\u0161\u0107ec - Ordinacija dentalne medicine\" data-srcset=\"https:\/\/cvoriscec.com\/wp-content\/uploads\/2021\/11\/cvoriscec-ordinacija-dentalne-medicine-16-600x600.jpg 600w, https:\/\/cvoriscec.com\/wp-content\/uploads\/2021\/11\/cvoriscec-ordinacija-dentalne-medicine-16-150x150.jpg 150w\" data-sizes=\"(max-width: 600px) 100vw, 600px\" \/><div class=\"cz_grid_details\"><i class=\"fa fa-search cz_grid_icon\"><\/i><\/div><\/a><\/div><\/div><\/div><\/div>[\/vc_column][\/vc_row][vc_row full_width=&#8221;stretch_row&#8221; content_placement=&#8221;middle&#8221; css=&#8221;.vc_custom_1637588020716{padding-top: 80px !important;padding-bottom: 80px !important;background-color: #eaeaea !important;}&#8221;][vc_column width=&#8221;1\/2&#8243;]<div id=\"cz_17224\" class=\"cz_grid_p cz_17224\"><div class=\"cz_grid cz_grid_1 clr cz_metro_8 cz_grid_c4 cz_grid_1_no_title cz_grid_1_mid tac cz_grid_overlay_15px cz_grid_two_columns_on_mobile\"><div class=\"cz_grid_item cz_grid_first\"><\/div><div class=\"cz_grid_item \"><div><a class=\"cz_grid_link \" href=\"https:\/\/cvoriscec.com\/wp-content\/uploads\/2021\/11\/cvoriscec-ordinacija-dentalne-medicine-17.jpg\" data-xtra-lightbox data-xtra-lightbox><img width=\"600\" height=\"600\" src=\"data:image\/svg+xml,%3Csvg%20xmlns%3D&#39;http%3A%2F%2Fwww.w3.org%2F2000%2Fsvg&#39;%20width=&#39;600&#39;%20height=&#39;600&#39;%20viewBox%3D&#39;0%200%20600%20600&#39;%2F%3E\" data-czlz data-src=\"https:\/\/cvoriscec.com\/wp-content\/uploads\/2021\/11\/cvoriscec-ordinacija-dentalne-medicine-17-600x600.jpg\" class=\"attachment-codevz_600_600\" alt=\"\" title=\"\u010cvori\u0161\u0107ec - Ordinacija dentalne medicine\" data-srcset=\"https:\/\/cvoriscec.com\/wp-content\/uploads\/2021\/11\/cvoriscec-ordinacija-dentalne-medicine-17-600x600.jpg 600w, https:\/\/cvoriscec.com\/wp-content\/uploads\/2021\/11\/cvoriscec-ordinacija-dentalne-medicine-17-150x150.jpg 150w\" data-sizes=\"(max-width: 600px) 100vw, 600px\" \/><div class=\"cz_grid_details\"><i class=\"fa fa-search cz_grid_icon\"><\/i><\/div><\/a><\/div><\/div><div class=\"cz_grid_item \"><div><a class=\"cz_grid_link \" href=\"https:\/\/cvoriscec.com\/wp-content\/uploads\/2021\/11\/cvoriscec-ordinacija-dentalne-medicine-18.jpg\" data-xtra-lightbox data-xtra-lightbox><img width=\"600\" height=\"600\" src=\"data:image\/svg+xml,%3Csvg%20xmlns%3D&#39;http%3A%2F%2Fwww.w3.org%2F2000%2Fsvg&#39;%20width=&#39;600&#39;%20height=&#39;600&#39;%20viewBox%3D&#39;0%200%20600%20600&#39;%2F%3E\" data-czlz data-src=\"https:\/\/cvoriscec.com\/wp-content\/uploads\/2021\/11\/cvoriscec-ordinacija-dentalne-medicine-18-600x600.jpg\" class=\"attachment-codevz_600_600\" alt=\"\" title=\"\u010cvori\u0161\u0107ec - Ordinacija dentalne medicine\" data-srcset=\"https:\/\/cvoriscec.com\/wp-content\/uploads\/2021\/11\/cvoriscec-ordinacija-dentalne-medicine-18-600x600.jpg 600w, https:\/\/cvoriscec.com\/wp-content\/uploads\/2021\/11\/cvoriscec-ordinacija-dentalne-medicine-18-150x150.jpg 150w\" data-sizes=\"(max-width: 600px) 100vw, 600px\" \/><div class=\"cz_grid_details\"><i class=\"fa fa-search cz_grid_icon\"><\/i><\/div><\/a><\/div><\/div><div class=\"cz_grid_item \"><div><a class=\"cz_grid_link \" href=\"https:\/\/cvoriscec.com\/wp-content\/uploads\/2021\/11\/cvoriscec-ordinacija-dentalne-medicine-19.jpg\" data-xtra-lightbox data-xtra-lightbox><img width=\"600\" height=\"600\" src=\"data:image\/svg+xml,%3Csvg%20xmlns%3D&#39;http%3A%2F%2Fwww.w3.org%2F2000%2Fsvg&#39;%20width=&#39;600&#39;%20height=&#39;600&#39;%20viewBox%3D&#39;0%200%20600%20600&#39;%2F%3E\" data-czlz data-src=\"https:\/\/cvoriscec.com\/wp-content\/uploads\/2021\/11\/cvoriscec-ordinacija-dentalne-medicine-19-600x600.jpg\" class=\"attachment-codevz_600_600\" alt=\"\" title=\"\u010cvori\u0161\u0107ec - Ordinacija dentalne medicine\" data-srcset=\"https:\/\/cvoriscec.com\/wp-content\/uploads\/2021\/11\/cvoriscec-ordinacija-dentalne-medicine-19-600x600.jpg 600w, https:\/\/cvoriscec.com\/wp-content\/uploads\/2021\/11\/cvoriscec-ordinacija-dentalne-medicine-19-150x150.jpg 150w\" data-sizes=\"(max-width: 600px) 100vw, 600px\" \/><div class=\"cz_grid_details\"><i class=\"fa fa-search cz_grid_icon\"><\/i><\/div><\/a><\/div><\/div><div class=\"cz_grid_item \"><div><a class=\"cz_grid_link \" href=\"https:\/\/cvoriscec.com\/wp-content\/uploads\/2021\/11\/cvoriscec-ordinacija-dentalne-medicine-6.jpg\" data-xtra-lightbox data-xtra-lightbox><img width=\"600\" height=\"600\" src=\"data:image\/svg+xml,%3Csvg%20xmlns%3D&#39;http%3A%2F%2Fwww.w3.org%2F2000%2Fsvg&#39;%20width=&#39;600&#39;%20height=&#39;600&#39;%20viewBox%3D&#39;0%200%20600%20600&#39;%2F%3E\" data-czlz data-src=\"https:\/\/cvoriscec.com\/wp-content\/uploads\/2021\/11\/cvoriscec-ordinacija-dentalne-medicine-6-600x600.jpg\" class=\"attachment-codevz_600_600\" alt=\"\" title=\"\u010cvori\u0161\u0107ec - Ordinacija dentalne medicine\" data-srcset=\"https:\/\/cvoriscec.com\/wp-content\/uploads\/2021\/11\/cvoriscec-ordinacija-dentalne-medicine-6-600x600.jpg 600w, https:\/\/cvoriscec.com\/wp-content\/uploads\/2021\/11\/cvoriscec-ordinacija-dentalne-medicine-6-150x150.jpg 150w\" data-sizes=\"(max-width: 600px) 100vw, 600px\" \/><div class=\"cz_grid_details\"><i class=\"fa fa-search cz_grid_icon\"><\/i><\/div><\/a><\/div><\/div><div class=\"cz_grid_item \"><div><a class=\"cz_grid_link \" href=\"https:\/\/cvoriscec.com\/wp-content\/uploads\/2021\/11\/cvoriscec-ordinacija-dentalne-medicine-14.jpg\" data-xtra-lightbox data-xtra-lightbox><img width=\"600\" height=\"600\" src=\"data:image\/svg+xml,%3Csvg%20xmlns%3D&#39;http%3A%2F%2Fwww.w3.org%2F2000%2Fsvg&#39;%20width=&#39;600&#39;%20height=&#39;600&#39;%20viewBox%3D&#39;0%200%20600%20600&#39;%2F%3E\" data-czlz data-src=\"https:\/\/cvoriscec.com\/wp-content\/uploads\/2021\/11\/cvoriscec-ordinacija-dentalne-medicine-14-600x600.jpg\" class=\"attachment-codevz_600_600\" alt=\"\" title=\"\u010cvori\u0161\u0107ec - Ordinacija dentalne medicine\" data-srcset=\"https:\/\/cvoriscec.com\/wp-content\/uploads\/2021\/11\/cvoriscec-ordinacija-dentalne-medicine-14-600x600.jpg 600w, https:\/\/cvoriscec.com\/wp-content\/uploads\/2021\/11\/cvoriscec-ordinacija-dentalne-medicine-14-150x150.jpg 150w\" data-sizes=\"(max-width: 600px) 100vw, 600px\" \/><div class=\"cz_grid_details\"><i class=\"fa fa-search cz_grid_icon\"><\/i><\/div><\/a><\/div><\/div><div class=\"cz_grid_item \"><div><a class=\"cz_grid_link \" href=\"https:\/\/cvoriscec.com\/wp-content\/uploads\/2021\/11\/cvoriscec-ordinacija-dentalne-medicine-9.jpg\" data-xtra-lightbox data-xtra-lightbox><img width=\"600\" height=\"600\" src=\"data:image\/svg+xml,%3Csvg%20xmlns%3D&#39;http%3A%2F%2Fwww.w3.org%2F2000%2Fsvg&#39;%20width=&#39;600&#39;%20height=&#39;600&#39;%20viewBox%3D&#39;0%200%20600%20600&#39;%2F%3E\" data-czlz data-src=\"https:\/\/cvoriscec.com\/wp-content\/uploads\/2021\/11\/cvoriscec-ordinacija-dentalne-medicine-9-600x600.jpg\" class=\"attachment-codevz_600_600\" alt=\"\" title=\"\u010cvori\u0161\u0107ec - Ordinacija dentalne medicine\" data-srcset=\"https:\/\/cvoriscec.com\/wp-content\/uploads\/2021\/11\/cvoriscec-ordinacija-dentalne-medicine-9-600x600.jpg 600w, https:\/\/cvoriscec.com\/wp-content\/uploads\/2021\/11\/cvoriscec-ordinacija-dentalne-medicine-9-150x150.jpg 150w\" data-sizes=\"(max-width: 600px) 100vw, 600px\" \/><div class=\"cz_grid_details\"><i class=\"fa fa-search cz_grid_icon\"><\/i><\/div><\/a><\/div><\/div><\/div><\/div>[\/vc_column][vc_column width=&#8221;1\/2&#8243;][vc_column_text]Our dental team is led by\u00a0 mr. sc. Zoran \u010cvori\u0161\u0107ec dr. med. dent., born on September 21.th 1965 in Zagreb.<\/p>\n<ul>\n<li>In 1985 he was enrolled in School of dental Medicine in Zagreb and graduated in 1991 with the thesis \u201eClassification of periodontal diseases\u201c.<\/li>\n<li>In 1992 he started working at the dental clinic \u201eZagreb\u201c in Zagreb, where he stayed until 1995. Between 1995 and 1998 he worked at the health center \u201eCentar\u201c in Zagreb. In 1998 he began work in the private dental office Dr \u010cvori\u0161\u0107ec, which relocated to the new address Ulica Grada Mainza 28 in 2012.<\/li>\n<li>In 2004 he completed his postgraduate studies in \u201ePeriodontics\u201c, with the thesis \u201ePeriodontal status of asthma patients\u201c.<\/li>\n<li>In 1999 he attended the theoretical and practical course about new materials (Targis\/Vectris Ceromer-FRC technology, IPS Empress2) in Schaan (Liechtenstein).<\/li>\n<li>In 2006 he completed the course about prosthetic und chirurgical part of implantology Astra-TECH.<\/li>\n<li>In 2006 he participated actively in the congress Europerio 5 with the theme \u201ePeriodontal status of asthma patients \u201cin Madrid.<\/li>\n<li>He is continuing to advance his knowledge by attending professional congresses and courses.<\/li>\n<li>He is member of the Croatian medical association, Croatian society of periodontology and Croatian dental chamber.<\/li>\n<\/ul>\n<p>[\/vc_column_text][\/vc_column][\/vc_row]<\/p>\n","protected":false},"excerpt":{"rendered":"<p>[vc_row full_width=&#8221;stretch_row&#8221; content_placement=&#8221;middle&#8221; css=&#8221;.vc_custom_1637588011050{padding-top: 60px !important;padding-bottom: 80px !important;background-color: #ffffff !important;}&#8221;][vc_column offset=&#8221;vc_col-lg-6 &#8230; <\/p>\n","protected":false},"author":1,"featured_media":0,"parent":0,"menu_order":0,"comment_status":"closed","ping_status":"closed","template":"","meta":[],"yoast_head":"<!-- This site is optimized with the Yoast SEO plugin v17.8 - https:\/\/yoast.com\/wordpress\/plugins\/seo\/ -->\n<title>About us - \u010cvori\u0161\u0107ec - Ordinacija dentalne medicine<\/title>\n<meta name=\"robots\" content=\"index, follow, max-snippet:-1, max-image-preview:large, max-video-preview:-1\" \/>\n<link rel=\"canonical\" href=\"https:\/\/cvoriscec.com\/en\/about-us\/\" \/>\n<meta property=\"og:locale\" content=\"en_US\" \/>\n<meta property=\"og:type\" content=\"article\" \/>\n<meta property=\"og:title\" content=\"About us - \u010cvori\u0161\u0107ec - Ordinacija dentalne medicine\" \/>\n<meta property=\"og:description\" content=\"[vc_row full_width=&#8221;stretch_row&#8221; content_placement=&#8221;middle&#8221; css=&#8221;.vc_custom_1637588011050{padding-top: 60px !important;padding-bottom: 80px !important;background-color: #ffffff !important;}&#8221;][vc_column offset=&#8221;vc_col-lg-6 ...\" \/>\n<meta property=\"og:url\" content=\"https:\/\/cvoriscec.com\/en\/about-us\/\" \/>\n<meta property=\"og:site_name\" content=\"\u010cvori\u0161\u0107ec - Ordinacija dentalne medicine\" \/>\n<meta property=\"article:modified_time\" content=\"2021-12-13T13:24:15+00:00\" \/>\n<meta name=\"twitter:card\" content=\"summary_large_image\" \/>\n<meta name=\"twitter:label1\" content=\"Est. reading time\" \/>\n\t<meta name=\"twitter:data1\" content=\"2 minutes\" \/>\n<script type=\"application\/ld+json\" class=\"yoast-schema-graph\">{\"@context\":\"https:\/\/schema.org\",\"@graph\":[{\"@type\":\"WebSite\",\"@id\":\"https:\/\/cvoriscec.com\/#website\",\"url\":\"https:\/\/cvoriscec.com\/\",\"name\":\"\\u010cvori\\u0161\\u0107ec - Ordinacija dentalne medicine\",\"description\":\"\",\"potentialAction\":[{\"@type\":\"SearchAction\",\"target\":{\"@type\":\"EntryPoint\",\"urlTemplate\":\"https:\/\/cvoriscec.com\/?s={search_term_string}\"},\"query-input\":\"required name=search_term_string\"}],\"inLanguage\":\"en-US\"},{\"@type\":\"WebPage\",\"@id\":\"https:\/\/cvoriscec.com\/en\/about-us\/#webpage\",\"url\":\"https:\/\/cvoriscec.com\/en\/about-us\/\",\"name\":\"About us - \\u010cvori\\u0161\\u0107ec - Ordinacija dentalne medicine\",\"isPartOf\":{\"@id\":\"https:\/\/cvoriscec.com\/#website\"},\"datePublished\":\"2021-02-23T08:52:48+00:00\",\"dateModified\":\"2021-12-13T13:24:15+00:00\",\"breadcrumb\":{\"@id\":\"https:\/\/cvoriscec.com\/en\/about-us\/#breadcrumb\"},\"inLanguage\":\"en-US\",\"potentialAction\":[{\"@type\":\"ReadAction\",\"target\":[\"https:\/\/cvoriscec.com\/en\/about-us\/\"]}]},{\"@type\":\"BreadcrumbList\",\"@id\":\"https:\/\/cvoriscec.com\/en\/about-us\/#breadcrumb\",\"itemListElement\":[{\"@type\":\"ListItem\",\"position\":1,\"name\":\"Po\\u010detna stranica\",\"item\":\"https:\/\/cvoriscec.com\/en\/\"},{\"@type\":\"ListItem\",\"position\":2,\"name\":\"About us\"}]}]}<\/script>\n<!-- \/ Yoast SEO plugin. -->","yoast_head_json":{"title":"About us - \u010cvori\u0161\u0107ec - Ordinacija dentalne medicine","robots":{"index":"index","follow":"follow","max-snippet":"max-snippet:-1","max-image-preview":"max-image-preview:large","max-video-preview":"max-video-preview:-1"},"canonical":"https:\/\/cvoriscec.com\/en\/about-us\/","og_locale":"en_US","og_type":"article","og_title":"About us - \u010cvori\u0161\u0107ec - Ordinacija dentalne medicine","og_description":"[vc_row full_width=&#8221;stretch_row&#8221; content_placement=&#8221;middle&#8221; css=&#8221;.vc_custom_1637588011050{padding-top: 60px !important;padding-bottom: 80px !important;background-color: #ffffff !important;}&#8221;][vc_column offset=&#8221;vc_col-lg-6 ...","og_url":"https:\/\/cvoriscec.com\/en\/about-us\/","og_site_name":"\u010cvori\u0161\u0107ec - Ordinacija dentalne medicine","article_modified_time":"2021-12-13T13:24:15+00:00","twitter_card":"summary_large_image","twitter_misc":{"Est. reading time":"2 minutes"},"schema":{"@context":"https:\/\/schema.org","@graph":[{"@type":"WebSite","@id":"https:\/\/cvoriscec.com\/#website","url":"https:\/\/cvoriscec.com\/","name":"\u010cvori\u0161\u0107ec - Ordinacija dentalne medicine","description":"","potentialAction":[{"@type":"SearchAction","target":{"@type":"EntryPoint","urlTemplate":"https:\/\/cvoriscec.com\/?s={search_term_string}"},"query-input":"required name=search_term_string"}],"inLanguage":"en-US"},{"@type":"WebPage","@id":"https:\/\/cvoriscec.com\/en\/about-us\/#webpage","url":"https:\/\/cvoriscec.com\/en\/about-us\/","name":"About us - \u010cvori\u0161\u0107ec - Ordinacija dentalne medicine","isPartOf":{"@id":"https:\/\/cvoriscec.com\/#website"},"datePublished":"2021-02-23T08:52:48+00:00","dateModified":"2021-12-13T13:24:15+00:00","breadcrumb":{"@id":"https:\/\/cvoriscec.com\/en\/about-us\/#breadcrumb"},"inLanguage":"en-US","potentialAction":[{"@type":"ReadAction","target":["https:\/\/cvoriscec.com\/en\/about-us\/"]}]},{"@type":"BreadcrumbList","@id":"https:\/\/cvoriscec.com\/en\/about-us\/#breadcrumb","itemListElement":[{"@type":"ListItem","position":1,"name":"Po\u010detna stranica","item":"https:\/\/cvoriscec.com\/en\/"},{"@type":"ListItem","position":2,"name":"About us"}]}]}},"_links":{"self":[{"href":"https:\/\/cvoriscec.com\/en\/wp-json\/wp\/v2\/pages\/800"}],"collection":[{"href":"https:\/\/cvoriscec.com\/en\/wp-json\/wp\/v2\/pages"}],"about":[{"href":"https:\/\/cvoriscec.com\/en\/wp-json\/wp\/v2\/types\/page"}],"author":[{"embeddable":true,"href":"https:\/\/cvoriscec.com\/en\/wp-json\/wp\/v2\/users\/1"}],"replies":[{"embeddable":true,"href":"https:\/\/cvoriscec.com\/en\/wp-json\/wp\/v2\/comments?post=800"}],"version-history":[{"count":4,"href":"https:\/\/cvoriscec.com\/en\/wp-json\/wp\/v2\/pages\/800\/revisions"}],"predecessor-version":[{"id":809,"href":"https:\/\/cvoriscec.com\/en\/wp-json\/wp\/v2\/pages\/800\/revisions\/809"}],"wp:attachment":[{"href":"https:\/\/cvoriscec.com\/en\/wp-json\/wp\/v2\/media?parent=800"}],"curies":[{"name":"wp","href":"https:\/\/api.w.org\/{rel}","templated":true}]}}