{"id":897,"date":"2021-11-22T10:09:53","date_gmt":"2021-11-22T10:09:53","guid":{"rendered":"https:\/\/cvoriscec.com\/cvoriscec-ordinacija-dentalne-medicine\/"},"modified":"2021-12-30T09:13:06","modified_gmt":"2021-12-30T09:13:06","slug":"cvoriscec-ordinacija-dentalne-medicine","status":"publish","type":"page","link":"https:\/\/cvoriscec.com\/de\/","title":{"rendered":"\u010cvori\u0161\u0107ec &#8211; Die Zahnarztpraxis"},"content":{"rendered":"<p>[vc_row full_width=&#8221;stretch_row_content_no_spaces&#8221;][vc_column]<div class=\"relative\"><div id=\"cz_109599\" class=\"cz_sep2 cz_sep2_6 cz_sep_bottom\"><svg preserveAspectRatio=\"none\" xmlns=\"http:\/\/www.w3.org\/2000\/svg\" width=\"100%\"  viewBox=\"0 0 1600 172\">\n\t\t\t\t\t\t  <path style=\"fill:rgba(255,255,255,0.25)\" d=\"M-3,0V203H1603V0S799.951,160.451,799.951,160.5C800,160.658-3,0-3,0Z\"\/>\n\t\t\t\t\t\t  <path style=\"fill:rgba(255,255,255,0.25)\" d=\"M-3,27V230H1603V27S799.951,160.451,799.951,160.5C800,160.658-3,27-3,27Z\"\/>\n\t\t\t\t\t\t  <path style=\"fill:#ffffff\" d=\"M799.951,160.5C799.951,160.451,1603,57,1603,57V260H-3V57\"\/>\n\t\t\t\t\t\t<\/svg><\/div><\/div>[\/vc_column][\/vc_row][vc_row][vc_column]<div class=\"cz_gap clr  hide_on_tablet hide_on_mobile\" style=\"height: 140px\"><\/div><div class=\"cz_gap show_on_tablet clr \" style=\"height: 40px\"><\/div>[\/vc_column][\/vc_row][vc_row][vc_column offset=&#8221;vc_col-lg-6 vc_col-md-5&#8243;]<div class=\"cz_eqh cz_content_box_parent_fx  \"><div id=\"cz_102363\" class=\"cz_102363 cz_content_box clr\"><div class=\"cz_box_front clr\"><div class=\"cz_box_front_inner clr \"><span><\/span><div><div id=\"cz_60338\" class=\"cz_60338 cz_title clr cz_smart_fs cz_title_ba_line cz_title_pos_inline\"><div class=\"cz_title_content\"><div class=\"cz_wpe_content\"><h3 style=\"text-align: left; color: #333;\"><span style=\"font-size: 42px; font-weight: 300;\">Die Zahnarztpraxis<br \/>\nmr. sc. <span style=\"color: #8eb1ba;\">\u010cvori\u0161\u0107ec<\/span> dr. med. dent. <\/span><\/h3>\n<\/div><div class=\"cz_title_line cz_line_after_title\"><span>_<\/span><\/div><\/div><\/div><div class=\"cz_gap clr \" style=\"height: 30px\"><\/div>[vc_column_text]Die Zahnarztpraxis mr.sc.\u010cvori\u0161\u0107ec dr.med.dent. wurde 1998 registriert. Seit 2012 sind wir in einem neuen, gr\u00f6\u00dferen Raum mit zwei Praxis t\u00e4tig, an der Adresse Ulica grada Mainza 28.<\/p>\n<p>Die Mitarbeiter bilden sich ununterbrochen weiter und wenden die neuesten Therapiemethoden und Technologien aus dem Gebiet der Zahnmedizin an.<\/p>\n<p>Die Praxis ist mit modernster und weltweit bekannter Ausstattung ausgestattet. [\/vc_column_text]<\/div><\/div><\/div><\/div><\/div>[\/vc_column][vc_column width=&#8221;1\/2&#8243; offset=&#8221;vc_hidden-sm vc_hidden-xs&#8221;]<div class=\"cz_eqh cz_content_box_parent_fx  \"><div id=\"cz_109183\" class=\"cz_109183 cz_content_box clr\"><div class=\"cz_box_front clr\"><div class=\"cz_box_front_inner clr cz_content_box_full_after\"><span><\/span><div><div id=\"cz_13535\" class=\"cz_13535 cz_group_parallax\"><div class=\"cz_layer_parallax\" style=\"width:370px;top:-154px;left:230px\"><div class=\"clr cz_parallax_v_5\"><div style=\"box-shadow:0px 0px 30px 0px rgba(0,0,0,0.25)\"><img width=\"600\" height=\"561\" src=\"data:image\/svg+xml,%3Csvg%20xmlns%3D&#39;http%3A%2F%2Fwww.w3.org%2F2000%2Fsvg&#39;%20width=&#39;600&#39;%20height=&#39;561&#39;%20viewBox%3D&#39;0%200%20600%20561&#39;%2F%3E\" data-czlz data-src=\"https:\/\/cvoriscec.com\/wp-content\/uploads\/2021\/11\/cvoriscec-ordinacija-par-003.jpg\" class=\"attachment-full\" alt=\"\" title=\"cvoriscec-ordinacija-par-003\" data-srcset=\"https:\/\/cvoriscec.com\/wp-content\/uploads\/2021\/11\/cvoriscec-ordinacija-par-003.jpg 600w, https:\/\/cvoriscec.com\/wp-content\/uploads\/2021\/11\/cvoriscec-ordinacija-par-003-300x281.jpg 300w\" data-sizes=\"(max-width: 600px) 100vw, 600px\" \/><\/div><\/div><\/div><div class=\"cz_layer_parallax\" style=\"width:320px;top:-10px;left:-125px\"><div class=\"clr cz_parallax_v_-5\"><div style=\"box-shadow:0px 0px 30px 0px rgba(0,0,0,0.25)\"><img width=\"400\" height=\"600\" src=\"data:image\/svg+xml,%3Csvg%20xmlns%3D&#39;http%3A%2F%2Fwww.w3.org%2F2000%2Fsvg&#39;%20width=&#39;400&#39;%20height=&#39;600&#39;%20viewBox%3D&#39;0%200%20400%20600&#39;%2F%3E\" data-czlz data-src=\"https:\/\/cvoriscec.com\/wp-content\/uploads\/2021\/11\/cvoriscec-ordinacija-par-001.jpg\" class=\"attachment-full\" alt=\"\" title=\"cvoriscec-ordinacija-par-001\" data-srcset=\"https:\/\/cvoriscec.com\/wp-content\/uploads\/2021\/11\/cvoriscec-ordinacija-par-001.jpg 400w, https:\/\/cvoriscec.com\/wp-content\/uploads\/2021\/11\/cvoriscec-ordinacija-par-001-200x300.jpg 200w\" data-sizes=\"(max-width: 400px) 100vw, 400px\" \/><\/div><\/div><\/div><div class=\"cz_layer_parallax\" style=\"width:320px;top:200px;left:230px\"><div class=\"clr cz_parallax_v_5\"><div style=\"box-shadow:0px 0px 30px 0px rgba(0,0,0,0.25)\"><img width=\"438\" height=\"600\" src=\"data:image\/svg+xml,%3Csvg%20xmlns%3D&#39;http%3A%2F%2Fwww.w3.org%2F2000%2Fsvg&#39;%20width=&#39;438&#39;%20height=&#39;600&#39;%20viewBox%3D&#39;0%200%20438%20600&#39;%2F%3E\" data-czlz data-src=\"https:\/\/cvoriscec.com\/wp-content\/uploads\/2021\/11\/cvoriscec-ordinacija-par-004.jpg\" class=\"attachment-full\" alt=\"\" title=\"cvoriscec-ordinacija-par-004\" data-srcset=\"https:\/\/cvoriscec.com\/wp-content\/uploads\/2021\/11\/cvoriscec-ordinacija-par-004.jpg 438w, https:\/\/cvoriscec.com\/wp-content\/uploads\/2021\/11\/cvoriscec-ordinacija-par-004-219x300.jpg 219w\" data-sizes=\"(max-width: 438px) 100vw, 438px\" \/><\/div><\/div><\/div><\/div><\/div><\/div><\/div><\/div><\/div>[\/vc_column][\/vc_row][vc_row][vc_column]<div class=\"cz_gap clr  hide_on_tablet hide_on_mobile\" style=\"height: 200px\"><\/div><div class=\"cz_gap show_on_tablet clr \" style=\"height: 80px\"><\/div>[\/vc_column][\/vc_row][vc_row][vc_column]<div class=\"cz_eqh cz_content_box_parent_fx  \"><div id=\"cz_36695\" class=\"cz_36695 cz_content_box clr\"><div class=\"cz_box_front clr\"><div class=\"cz_box_front_inner clr cz_content_box_full_before\"><span><\/span><div>[vc_row_inner content_placement=&#8221;middle&#8221; css=&#8221;.vc_custom_1569765420890{padding-top: 50px !important;padding-bottom: 50px !important;}&#8221;][vc_column_inner offset=&#8221;vc_col-lg-8 vc_col-md-6&#8243;]<div id=\"cz_72408\" class=\"cz_72408 cz_title clr cz_smart_fs cz_title_ba_line cz_title_pos_inline\"><div class=\"cz_title_content\"><div class=\"cz_wpe_content\"><h3 style=\"text-align: left; color: #333;\"><span style=\"font-size: 42px; font-weight: 300;\">Warum <span style=\"color: #fff;\">\u010cvori\u0161\u0107ec<\/span>?<\/span><\/h3>\n<\/div><div class=\"cz_title_line cz_line_after_title\"><span>_<\/span><\/div><\/div><\/div><div id=\"cz_35479\" class=\"cz_35479 cz_title clr cz_smart_fs cz_title_pos_inline\"><div class=\"cz_title_content\"><div class=\"cz_wpe_content\"><p><span style=\"color: #eaeaea; font-size: 20px; font-weight: 300;\">Wir bestehen auf einer umfangreichen Evaluation des Patienten als Person, mit einer vollen F\u00fcrsorge um seine Gesundheit und ein sch\u00f6nes L\u00e4cheln, das Selbstvertrauen erweckt als Voraussetzung f\u00fcr ein erfolgreiches professionelles und privates Leben.<\/span><\/p>\n<\/div><\/div><\/div>[\/vc_column_inner][vc_column_inner offset=&#8221;vc_col-md-4 vc_col-xs-12&#8243;]<div class=\"cz_gap clr  hide_on_tablet hide_on_mobile\" style=\"height: 0px\"><\/div><div class=\"cz_gap show_on_tablet clr \" style=\"height: 50px\"><\/div><div class=\"cz_btn_center\"><div class=\"cz_21128_p\"><a id=\"cz_21128\" class=\"cz_21128 cz_btn cz_btn_txt_no_fx cz_btn_shine\" href=\"https:\/\/cvoriscec.com\/kontakt\/\" title=\"Kontakt\"><span><strong>Dogovorite termin<\/strong><\/span><b class=\"cz_btn_onhover\"><strong>Dogovorite termin<\/strong><\/b><\/a><\/div><\/div>[\/vc_column_inner][\/vc_row_inner]<\/div><\/div><\/div><\/div><\/div>[\/vc_column][\/vc_row][vc_row][vc_column]<div class=\"cz_gap clr \" style=\"height: 100px\"><\/div>[\/vc_column][\/vc_row][vc_row][vc_column]<div id=\"cz_45474\" class=\"cz_45474 cz_title clr cz_smart_fs cz_title_ba_line cz_title_pos_inline tac\"><div class=\"cz_title_content\"><div class=\"cz_wpe_content\"><h3 style=\"text-align: center; color: #333;\"><span style=\"font-size: 48px; font-weight: 300;\">Dienstleistungen<\/span><\/h3>\n<\/div><div class=\"cz_title_line cz_line_after_title\"><span>_<\/span><\/div><\/div><\/div>[\/vc_column][\/vc_row][vc_row][vc_column]<div class=\"cz_gap clr \" style=\"height: 50px\"><\/div>[\/vc_column][\/vc_row][vc_row][vc_column]<div class=\"cz_eqh cz_content_box_parent_fx  \"><div class=\"fx_shine_hover\"><div id=\"cz_46910\" class=\"cz_46910 cz_content_box clr cz_split_box_right\"><div class=\"cz_box_front clr\"><div class=\"cz_box_front_inner clr \"><span><\/span><div><div class=\"cz_gap clr \" style=\"height: 50px\"><\/div><div id=\"cz_16451\" class=\"cz_16451 cz_title clr cz_smart_fs cz_title_ba_line cz_title_pos_inline tac\"><div class=\"cz_title_content\"><div class=\"cz_wpe_content\"><h3 style=\"text-align: center; color: #333;\"><span style=\"font-size: 36px; font-weight: 300;\">\u00c4STHETISCHE ZAHNMEDIZIN<\/span><\/h3>\n<\/div><div class=\"cz_title_line cz_line_after_title\"><span>_<\/span><\/div><\/div><\/div><div class=\"cz_gap clr \" style=\"height: 30px\"><\/div>[vc_column_text]Umfasst Z\u00e4hnebleichen, keramische H\u00fcllen (Veneers), metallfreie Kronen und Br\u00fccken, die eine absolute Nat\u00fcrlichkeit der Farbe und Form ergeben womit eine hervorragende \u00e4sthetische Wirkung erm\u00f6glicht wird \u2026[\/vc_column_text]<div class=\"cz_gap clr \" style=\"height: 30px\"><\/div><div class=\"cz_btn_center\"><div class=\"cz_54147_p\"><a id=\"cz_54147\" class=\"cz_54147 cz_btn cz_btn_txt_no_fx cz_btn_fill_right cz_btn_icon_after\" href=\"https:\/\/cvoriscec.com\/de\/dienstleistungen\/aesthetische-zahnmedizin\/\"><span><strong>Weiterlesen<\/strong><i class=\"fa fa-long-arrow-right\"><\/i><\/span><b class=\"cz_btn_onhover\"><strong>Weiterlesen<\/strong><i class=\"fa fa-long-arrow-right\"><\/i><\/b><\/a><\/div><\/div><div class=\"cz_gap clr \" style=\"height: 50px\"><\/div><\/div><\/div><\/div><div class=\"cz_split_box\" style=\"background-image: url(https:\/\/cvoriscec.com\/wp-content\/uploads\/2021\/11\/estetska-stomatologija-2-1.jpg)\"><\/div><\/div><\/div><\/div><div class=\"cz_gap clr \" style=\"height: 50px\"><\/div><div class=\"cz_eqh cz_content_box_parent_fx  \"><div class=\"fx_shine_hover\"><div id=\"cz_88667\" class=\"cz_88667 cz_content_box clr cz_split_box_left\"><div class=\"cz_split_box\" style=\"background-image: url(https:\/\/cvoriscec.com\/wp-content\/uploads\/2021\/11\/endodoncij-2a.jpg)\"><\/div><div class=\"cz_box_front clr\"><div class=\"cz_box_front_inner clr \"><span><\/span><div><div class=\"cz_gap clr \" style=\"height: 50px\"><\/div><div id=\"cz_37637\" class=\"cz_37637 cz_title clr cz_smart_fs cz_title_ba_line cz_title_pos_inline tac\"><div class=\"cz_title_content\"><div class=\"cz_wpe_content\"><h3 style=\"text-align: center; color: #333;\"><span style=\"font-size: 36px; font-weight: 300;\">ENDODONTISCHE BEHANDLUNGEN<\/span><\/h3>\n<\/div><div class=\"cz_title_line cz_line_after_title\"><span>_<\/span><\/div><\/div><\/div><div class=\"cz_gap clr \" style=\"height: 30px\"><\/div>[vc_column_text]Die konservative Zahnbehandlung ist ein Grundeingriff deren Ziel das Bewahren des Zahns bzw. Seiner Wurzel ist. Zwecks Bef\u00f6rderung und einer bestm\u00f6glichen Leistung werden die modernsten Materiale und Ausstattung f\u00fcr endodontische Eingriffe benutzt\u2026[\/vc_column_text]<div class=\"cz_gap clr \" style=\"height: 30px\"><\/div><div class=\"cz_btn_center\"><div class=\"cz_21065_p\"><a id=\"cz_21065\" class=\"cz_21065 cz_btn cz_btn_txt_no_fx cz_btn_fill_right cz_btn_icon_after\" href=\"https:\/\/cvoriscec.com\/de\/dienstleistungen\/endodontische-behandlungen\/\"><span><strong>Weiterlesen<\/strong><i class=\"fa fa-long-arrow-right\"><\/i><\/span><b class=\"cz_btn_onhover\"><strong>Weiterlesen<\/strong><i class=\"fa fa-long-arrow-right\"><\/i><\/b><\/a><\/div><\/div><div class=\"cz_gap clr \" style=\"height: 50px\"><\/div><\/div><\/div><\/div><\/div><\/div><\/div>[\/vc_column][\/vc_row][vc_row][vc_column]<div class=\"cz_gap clr \" style=\"height: 50px\"><\/div><div class=\"cz_eqh cz_content_box_parent_fx  \"><div class=\"fx_shine_hover\"><div id=\"cz_70082\" class=\"cz_70082 cz_content_box clr cz_split_box_right\"><div class=\"cz_box_front clr\"><div class=\"cz_box_front_inner clr \"><span><\/span><div><div class=\"cz_gap clr \" style=\"height: 50px\"><\/div><div id=\"cz_70072\" class=\"cz_70072 cz_title clr cz_smart_fs cz_title_ba_line cz_title_pos_inline tac\"><div class=\"cz_title_content\"><div class=\"cz_wpe_content\"><h3 style=\"text-align: center; color: #333;\"><span style=\"font-size: 36px; font-weight: 300;\">IMPLANTATE<\/span><\/h3>\n<\/div><div class=\"cz_title_line cz_line_after_title\"><span>_<\/span><\/div><\/div><\/div><div class=\"cz_gap clr \" style=\"height: 30px\"><\/div>[vc_column_text]Titaners\u00e4tze die Wurzel des fehlenden Zahns ersetzen. Implantate werden nicht nur beim Verlust eines Zahns, sondern bei v\u00f6llig zahnlosen Kiefern benutzt, wo sie als Kronentr\u00e4ger oder Verankerung von ganzen Prothesen benutzt werden. Es gibt zahlreiche Indikationen f\u00fcr Implantate\u2026[\/vc_column_text]<div class=\"cz_gap clr \" style=\"height: 30px\"><\/div><div class=\"cz_btn_center\"><div class=\"cz_20809_p\"><a id=\"cz_20809\" class=\"cz_20809 cz_btn cz_btn_txt_no_fx cz_btn_fill_right cz_btn_icon_after\" href=\"https:\/\/cvoriscec.com\/de\/dienstleistungen\/implantate\/\"><span><strong>Weiterlesen<\/strong><i class=\"fa fa-long-arrow-right\"><\/i><\/span><b class=\"cz_btn_onhover\"><strong>Weiterlesen<\/strong><i class=\"fa fa-long-arrow-right\"><\/i><\/b><\/a><\/div><\/div><div class=\"cz_gap clr \" style=\"height: 50px\"><\/div><\/div><\/div><\/div><div class=\"cz_split_box\" style=\"background-image: url(https:\/\/cvoriscec.com\/wp-content\/uploads\/2021\/11\/implantologija.jpg)\"><\/div><\/div><\/div><\/div>[\/vc_column][\/vc_row][vc_row][vc_column]<div class=\"cz_gap clr \" style=\"height: 50px\"><\/div>[\/vc_column][\/vc_row]<\/p>\n","protected":false},"excerpt":{"rendered":"<p>[vc_row full_width=&#8221;stretch_row_content_no_spaces&#8221;][vc_column][\/vc_column][\/vc_row][vc_row][vc_column][\/vc_column][\/vc_row][vc_row][vc_column offset=&#8221;vc_col-lg-6 vc_col-md-5&#8243;][\/vc_column][vc_column width=&#8221;1\/2&#8243; offset=&#8221;vc_hidden-sm vc_hidden-xs&#8221;][\/vc_column][\/vc_row][vc_row][vc_column][\/vc_column][\/vc_row][vc_row][vc_column][\/vc_column][\/vc_row][vc_row][vc_column][\/vc_column][\/vc_row][vc_row][vc_column][\/vc_column][\/vc_row][vc_row][vc_column][\/vc_column][\/vc_row][vc_row][vc_column][\/vc_column][\/vc_row][vc_row][vc_column][\/vc_column][\/vc_row][vc_row][vc_column][\/vc_column][\/vc_row] &#8230; <\/p>\n","protected":false},"author":1,"featured_media":0,"parent":0,"menu_order":0,"comment_status":"closed","ping_status":"closed","template":"","meta":[],"yoast_head":"<!-- This site is optimized with the Yoast SEO plugin v17.8 - https:\/\/yoast.com\/wordpress\/plugins\/seo\/ -->\n<title>\u010cvori\u0161\u0107ec - Die Zahnarztpraxis - Zagreb<\/title>\n<meta name=\"description\" content=\"Wir bestehen auf einer umfangreichen Evaluation des Patienten als Person, mit einer vollen F\u00fcrsorge um seine Gesundheit und ein sch\u00f6nes L\u00e4cheln, das Selbstvertrauen erweckt.\" \/>\n<meta name=\"robots\" content=\"index, follow, max-snippet:-1, max-image-preview:large, max-video-preview:-1\" \/>\n<link rel=\"canonical\" href=\"https:\/\/cvoriscec.com\/de\/\" \/>\n<meta property=\"og:locale\" content=\"de_DE\" \/>\n<meta property=\"og:type\" content=\"article\" \/>\n<meta property=\"og:title\" content=\"\u010cvori\u0161\u0107ec - Die Zahnarztpraxis - Zagreb\" \/>\n<meta property=\"og:description\" content=\"Wir bestehen auf einer umfangreichen Evaluation des Patienten als Person, mit einer vollen F\u00fcrsorge um seine Gesundheit und ein sch\u00f6nes L\u00e4cheln, das Selbstvertrauen erweckt.\" \/>\n<meta property=\"og:url\" content=\"https:\/\/cvoriscec.com\/de\/\" \/>\n<meta property=\"og:site_name\" content=\"\u010cvori\u0161\u0107ec - Ordinacija dentalne medicine\" \/>\n<meta property=\"article:modified_time\" content=\"2021-12-30T09:13:06+00:00\" \/>\n<meta name=\"twitter:card\" content=\"summary_large_image\" \/>\n<meta name=\"twitter:label1\" content=\"Gesch\u00e4tzte Lesezeit\" \/>\n\t<meta name=\"twitter:data1\" content=\"6\u00a0Minuten\" \/>\n<script type=\"application\/ld+json\" class=\"yoast-schema-graph\">{\"@context\":\"https:\/\/schema.org\",\"@graph\":[{\"@type\":\"WebSite\",\"@id\":\"https:\/\/cvoriscec.com\/#website\",\"url\":\"https:\/\/cvoriscec.com\/\",\"name\":\"\\u010cvori\\u0161\\u0107ec - Ordinacija dentalne medicine\",\"description\":\"\",\"potentialAction\":[{\"@type\":\"SearchAction\",\"target\":{\"@type\":\"EntryPoint\",\"urlTemplate\":\"https:\/\/cvoriscec.com\/?s={search_term_string}\"},\"query-input\":\"required name=search_term_string\"}],\"inLanguage\":\"de\"},{\"@type\":\"WebPage\",\"@id\":\"https:\/\/cvoriscec.com\/de\/#webpage\",\"url\":\"https:\/\/cvoriscec.com\/de\/\",\"name\":\"\\u010cvori\\u0161\\u0107ec - Die Zahnarztpraxis - Zagreb\",\"isPartOf\":{\"@id\":\"https:\/\/cvoriscec.com\/#website\"},\"datePublished\":\"2021-11-22T10:09:53+00:00\",\"dateModified\":\"2021-12-30T09:13:06+00:00\",\"description\":\"Wir bestehen auf einer umfangreichen Evaluation des Patienten als Person, mit einer vollen F\\u00fcrsorge um seine Gesundheit und ein sch\\u00f6nes L\\u00e4cheln, das Selbstvertrauen erweckt.\",\"breadcrumb\":{\"@id\":\"https:\/\/cvoriscec.com\/de\/#breadcrumb\"},\"inLanguage\":\"de\",\"potentialAction\":[{\"@type\":\"ReadAction\",\"target\":[\"https:\/\/cvoriscec.com\/de\/\"]}]},{\"@type\":\"BreadcrumbList\",\"@id\":\"https:\/\/cvoriscec.com\/de\/#breadcrumb\",\"itemListElement\":[{\"@type\":\"ListItem\",\"position\":1,\"name\":\"Po\\u010detna stranica\",\"item\":\"https:\/\/cvoriscec.com\/de\/\"},{\"@type\":\"ListItem\",\"position\":2,\"name\":\"\\u010cvori\\u0161\\u0107ec &#8211; Die Zahnarztpraxis\"}]}]}<\/script>\n<!-- \/ Yoast SEO plugin. -->","yoast_head_json":{"title":"\u010cvori\u0161\u0107ec - Die Zahnarztpraxis - Zagreb","description":"Wir bestehen auf einer umfangreichen Evaluation des Patienten als Person, mit einer vollen F\u00fcrsorge um seine Gesundheit und ein sch\u00f6nes L\u00e4cheln, das Selbstvertrauen erweckt.","robots":{"index":"index","follow":"follow","max-snippet":"max-snippet:-1","max-image-preview":"max-image-preview:large","max-video-preview":"max-video-preview:-1"},"canonical":"https:\/\/cvoriscec.com\/de\/","og_locale":"de_DE","og_type":"article","og_title":"\u010cvori\u0161\u0107ec - Die Zahnarztpraxis - Zagreb","og_description":"Wir bestehen auf einer umfangreichen Evaluation des Patienten als Person, mit einer vollen F\u00fcrsorge um seine Gesundheit und ein sch\u00f6nes L\u00e4cheln, das Selbstvertrauen erweckt.","og_url":"https:\/\/cvoriscec.com\/de\/","og_site_name":"\u010cvori\u0161\u0107ec - Ordinacija dentalne medicine","article_modified_time":"2021-12-30T09:13:06+00:00","twitter_card":"summary_large_image","twitter_misc":{"Gesch\u00e4tzte Lesezeit":"6\u00a0Minuten"},"schema":{"@context":"https:\/\/schema.org","@graph":[{"@type":"WebSite","@id":"https:\/\/cvoriscec.com\/#website","url":"https:\/\/cvoriscec.com\/","name":"\u010cvori\u0161\u0107ec - Ordinacija dentalne medicine","description":"","potentialAction":[{"@type":"SearchAction","target":{"@type":"EntryPoint","urlTemplate":"https:\/\/cvoriscec.com\/?s={search_term_string}"},"query-input":"required name=search_term_string"}],"inLanguage":"de"},{"@type":"WebPage","@id":"https:\/\/cvoriscec.com\/de\/#webpage","url":"https:\/\/cvoriscec.com\/de\/","name":"\u010cvori\u0161\u0107ec - Die Zahnarztpraxis - Zagreb","isPartOf":{"@id":"https:\/\/cvoriscec.com\/#website"},"datePublished":"2021-11-22T10:09:53+00:00","dateModified":"2021-12-30T09:13:06+00:00","description":"Wir bestehen auf einer umfangreichen Evaluation des Patienten als Person, mit einer vollen F\u00fcrsorge um seine Gesundheit und ein sch\u00f6nes L\u00e4cheln, das Selbstvertrauen erweckt.","breadcrumb":{"@id":"https:\/\/cvoriscec.com\/de\/#breadcrumb"},"inLanguage":"de","potentialAction":[{"@type":"ReadAction","target":["https:\/\/cvoriscec.com\/de\/"]}]},{"@type":"BreadcrumbList","@id":"https:\/\/cvoriscec.com\/de\/#breadcrumb","itemListElement":[{"@type":"ListItem","position":1,"name":"Po\u010detna stranica","item":"https:\/\/cvoriscec.com\/de\/"},{"@type":"ListItem","position":2,"name":"\u010cvori\u0161\u0107ec &#8211; Die Zahnarztpraxis"}]}]}},"_links":{"self":[{"href":"https:\/\/cvoriscec.com\/de\/wp-json\/wp\/v2\/pages\/897"}],"collection":[{"href":"https:\/\/cvoriscec.com\/de\/wp-json\/wp\/v2\/pages"}],"about":[{"href":"https:\/\/cvoriscec.com\/de\/wp-json\/wp\/v2\/types\/page"}],"author":[{"embeddable":true,"href":"https:\/\/cvoriscec.com\/de\/wp-json\/wp\/v2\/users\/1"}],"replies":[{"embeddable":true,"href":"https:\/\/cvoriscec.com\/de\/wp-json\/wp\/v2\/comments?post=897"}],"version-history":[{"count":3,"href":"https:\/\/cvoriscec.com\/de\/wp-json\/wp\/v2\/pages\/897\/revisions"}],"predecessor-version":[{"id":950,"href":"https:\/\/cvoriscec.com\/de\/wp-json\/wp\/v2\/pages\/897\/revisions\/950"}],"wp:attachment":[{"href":"https:\/\/cvoriscec.com\/de\/wp-json\/wp\/v2\/media?parent=897"}],"curies":[{"name":"wp","href":"https:\/\/api.w.org\/{rel}","templated":true}]}}