{"id":889,"date":"2021-11-23T09:02:03","date_gmt":"2021-11-23T09:02:03","guid":{"rendered":"https:\/\/cvoriscec.com\/dienstleistungen\/implantologija\/"},"modified":"2021-12-13T15:33:21","modified_gmt":"2021-12-13T15:33:21","slug":"implantate","status":"publish","type":"page","link":"https:\/\/cvoriscec.com\/de\/dienstleistungen\/implantate\/","title":{"rendered":"Implantate"},"content":{"rendered":"<p>[vc_row gap=&#8221;15&#8243; content_placement=&#8221;middle&#8221; css=&#8221;.vc_custom_1637646892597{padding-top: 30px !important;padding-bottom: 80px !important;}&#8221;][vc_column offset=&#8221;vc_col-md-6&#8243;]<div id=\"cz_72586\" class=\"cz_72586 cz_image clr cz_image_no_fx center_on_mobile\"><div class=\"cz_svg_bg\" ><div class=\"cz_image_in\"><div class=\"cz_main_image\"><img width=\"800\" height=\"600\" src=\"data:image\/svg+xml,%3Csvg%20xmlns%3D&#39;http%3A%2F%2Fwww.w3.org%2F2000%2Fsvg&#39;%20width=&#39;800&#39;%20height=&#39;600&#39;%20viewBox%3D&#39;0%200%20800%20600&#39;%2F%3E\" data-czlz data-src=\"https:\/\/cvoriscec.com\/wp-content\/uploads\/2021\/11\/implantologija-1.jpg\" class=\"attachment-full\" alt=\"\" title=\"Implantologija\" data-srcset=\"https:\/\/cvoriscec.com\/wp-content\/uploads\/2021\/11\/implantologija-1.jpg 800w, https:\/\/cvoriscec.com\/wp-content\/uploads\/2021\/11\/implantologija-1-300x225.jpg 300w, https:\/\/cvoriscec.com\/wp-content\/uploads\/2021\/11\/implantologija-1-768x576.jpg 768w, https:\/\/cvoriscec.com\/wp-content\/uploads\/2021\/11\/implantologija-1-600x450.jpg 600w\" data-sizes=\"(max-width: 800px) 100vw, 800px\" \/><\/div><\/div><\/div><\/div><div class=\"cz_gap clr  hide_on_tablet hide_on_mobile\" style=\"height: 0px\"><\/div><div class=\"cz_gap show_on_tablet clr \" style=\"height: 80px\"><\/div>[\/vc_column][vc_column offset=&#8221;vc_col-md-6&#8243;]<div id=\"cz_84890\" class=\"cz_84890 cz_title clr cz_smart_fs cz_title_ba_line cz_title_pos_inline\"><div class=\"cz_title_content\"><div class=\"cz_wpe_content\"><h3 style=\"color: #333;\"><span style=\"font-size: 38px; font-weight: 300;\">Implantate<\/span><\/h3>\n<\/div><div class=\"cz_title_line cz_line_after_title\"><span>_<\/span><\/div><\/div><\/div><div class=\"cz_gap clr \" style=\"height: 35px\"><\/div>[vc_column_text]Implantate sind Ers\u00e4tze aus Titan, die die Wurzel des fehlenden Zahns ersetzen. Schon das Fehlen eines Zahns st\u00f6rt die Funktion des ganzen Kausystems und kann die \u00c4sthetik erheblich beeintr\u00e4chtigen. Das Implantat l\u00f6st beide Probleme, und es ist nicht erforderlich die benachbarten Z\u00e4hne abzuschleifen. Obwohl es zahlreiche Techniken f\u00fcr das Ersetzen des fehlenden Zahns gibt, ist keine so funktionell und dauerhaft wie das Implantat. Das Implantat sichert die nat\u00fcrlichste \u00dcbertragung der Kr\u00e4fte, und an der Stelle wo der Zahn fehlt h\u00f6rt das Verschwinden des Knochens auf (was eine normale Erscheinung nach dem Zahnverlust ist).<\/p>\n<p>Implantate werden nicht nur beim Verlust eines Zahns gebraucht sondern auch in der Kombination mit anderen prothetischen L\u00f6sungen. Sie werden sehr erfolgreich bei v\u00f6llig zahnlosen Kiefern angewandt, wo sie die Tr\u00e4ger von Br\u00fccken sein k\u00f6nnen bei Patienten die ansonsten mobile Prothesen tragen sollten. Implantate k\u00f6nnen ebenso als Verankerung von ganzen Prothesen dienen, was ihre Stabilit\u00e4t sichert und dem Patienten eine angenehme und sichere Funktion erm\u00f6glicht. Indikationen f\u00fcr Implantate sind zahlreich, aber eine individuelle Herangehensweise ist notwendig.<\/p>\n<p>Wir gebrauchen implantologische Produkte \u201cNobel Biocare\u201d, \u201cAstra\u201d die die Weltspitze der dentalen Implantologie darstellen.[\/vc_column_text][\/vc_column][\/vc_row][vc_row full_width=&#8221;stretch_row&#8221; gap=&#8221;15&#8243; content_placement=&#8221;top&#8221; css=&#8221;.vc_custom_1637656942470{padding-top: 80px !important;padding-bottom: 80px !important;background-color: #eaeaea !important;}&#8221;][vc_column offset=&#8221;vc_col-md-6&#8243;]<div id=\"cz_11758\" class=\"cz_11758 cz_title clr cz_smart_fs cz_title_ba_line cz_title_pos_inline\"><div class=\"cz_title_content\"><div class=\"cz_wpe_content\"><h4 style=\"color: #333;\"><span style=\"font-size: 32px; font-weight: 300;\">Einbau von Implantaten<\/span><\/h4>\n<\/div><div class=\"cz_title_line cz_line_after_title\"><span>_<\/span><\/div><\/div><\/div><div class=\"cz_gap clr \" style=\"height: 35px\"><\/div>[vc_column_text]Der Einbau von Implantaten wird unter lokaler An\u00e4sthesie durchgef\u00fchrt, und das Verfahren ist v\u00f6llig schmerzlos. An der erlesenen Stelle im Knochen wird eine Titanschraube eingebaut, welche 3-6 Monate gelassen wird um mit dem Knochen zusammenzuwachsen. Das Verfahren wird Knochenverankerung genannt und ist notwendig f\u00fcr die Stabilit\u00e4t und Lebensdauer des Implantats.<\/p>\n<p>Nach der Periode der Knochenverankerung, wird das Implantat ge\u00f6ffnet und durch einen besonderen Gingivaformer wird das Zahnfleisch modelliert, womit ein nat\u00fcrliches Aussehen erzielt wird.[\/vc_column_text][\/vc_column][vc_column offset=&#8221;vc_col-md-6&#8243;][vc_column_text]Dieser Prozess dauert 2-4 Wochen, wonach die Erstellung von dauerhaften Bestandteilen folgt (Kronen, Br\u00fccken).<\/p>\n<p>Es ist oft m\u00f6glich sofort nach dem Einbau vom Implantat das Verfahren einzuleiten die Z\u00e4hne anzufertigen, zuerst vorl\u00e4ufige und dann dauerhafte.<\/p>\n<p>Es ist wichtig zu wissen, dass nicht jeder fehlender Zahn eine Indikation f\u00fcr Implantat ist. (Knochenmangel, Systemkrankheiten)<\/p>\n<p>Der Einbau von Implantaten ist eins der sichersten Verfahren in der dentalen Medizin, mit einer Erfolgsrate zwischen 90-95%.[\/vc_column_text][\/vc_column][\/vc_row]<\/p>\n","protected":false},"excerpt":{"rendered":"<p>[vc_row gap=&#8221;15&#8243; content_placement=&#8221;middle&#8221; css=&#8221;.vc_custom_1637646892597{padding-top: 30px !important;padding-bottom: 80px !important;}&#8221;][vc_column offset=&#8221;vc_col-md-6&#8243;][\/vc_column][vc_column offset=&#8221;vc_col-md-6&#8243;][vc_column_text]Implantate sind &#8230; <\/p>\n","protected":false},"author":1,"featured_media":0,"parent":862,"menu_order":0,"comment_status":"closed","ping_status":"closed","template":"","meta":[],"yoast_head":"<!-- This site is optimized with the Yoast SEO plugin v17.8 - https:\/\/yoast.com\/wordpress\/plugins\/seo\/ -->\n<title>Implantate - \u010cvori\u0161\u0107ec - Ordinacija dentalne medicine<\/title>\n<meta name=\"robots\" content=\"index, follow, max-snippet:-1, max-image-preview:large, max-video-preview:-1\" \/>\n<link rel=\"canonical\" href=\"https:\/\/cvoriscec.com\/de\/dienstleistungen\/implantate\/\" \/>\n<meta property=\"og:locale\" content=\"de_DE\" \/>\n<meta property=\"og:type\" content=\"article\" \/>\n<meta property=\"og:title\" content=\"Implantate - \u010cvori\u0161\u0107ec - Ordinacija dentalne medicine\" \/>\n<meta property=\"og:description\" content=\"[vc_row gap=&#8221;15&#8243; content_placement=&#8221;middle&#8221; css=&#8221;.vc_custom_1637646892597{padding-top: 30px !important;padding-bottom: 80px !important;}&#8221;][vc_column offset=&#8221;vc_col-md-6&#8243;][\/vc_column][vc_column offset=&#8221;vc_col-md-6&#8243;][vc_column_text]Implantate sind ...\" \/>\n<meta property=\"og:url\" content=\"https:\/\/cvoriscec.com\/de\/dienstleistungen\/implantate\/\" \/>\n<meta property=\"og:site_name\" content=\"\u010cvori\u0161\u0107ec - Ordinacija dentalne medicine\" \/>\n<meta property=\"article:modified_time\" content=\"2021-12-13T15:33:21+00:00\" \/>\n<meta name=\"twitter:card\" content=\"summary_large_image\" \/>\n<meta name=\"twitter:label1\" content=\"Gesch\u00e4tzte Lesezeit\" \/>\n\t<meta name=\"twitter:data1\" content=\"3\u00a0Minuten\" \/>\n<script type=\"application\/ld+json\" class=\"yoast-schema-graph\">{\"@context\":\"https:\/\/schema.org\",\"@graph\":[{\"@type\":\"WebSite\",\"@id\":\"https:\/\/cvoriscec.com\/#website\",\"url\":\"https:\/\/cvoriscec.com\/\",\"name\":\"\\u010cvori\\u0161\\u0107ec - Ordinacija dentalne medicine\",\"description\":\"\",\"potentialAction\":[{\"@type\":\"SearchAction\",\"target\":{\"@type\":\"EntryPoint\",\"urlTemplate\":\"https:\/\/cvoriscec.com\/?s={search_term_string}\"},\"query-input\":\"required name=search_term_string\"}],\"inLanguage\":\"de\"},{\"@type\":\"WebPage\",\"@id\":\"https:\/\/cvoriscec.com\/de\/dienstleistungen\/implantate\/#webpage\",\"url\":\"https:\/\/cvoriscec.com\/de\/dienstleistungen\/implantate\/\",\"name\":\"Implantate - \\u010cvori\\u0161\\u0107ec - Ordinacija dentalne medicine\",\"isPartOf\":{\"@id\":\"https:\/\/cvoriscec.com\/#website\"},\"datePublished\":\"2021-11-23T09:02:03+00:00\",\"dateModified\":\"2021-12-13T15:33:21+00:00\",\"breadcrumb\":{\"@id\":\"https:\/\/cvoriscec.com\/de\/dienstleistungen\/implantate\/#breadcrumb\"},\"inLanguage\":\"de\",\"potentialAction\":[{\"@type\":\"ReadAction\",\"target\":[\"https:\/\/cvoriscec.com\/de\/dienstleistungen\/implantate\/\"]}]},{\"@type\":\"BreadcrumbList\",\"@id\":\"https:\/\/cvoriscec.com\/de\/dienstleistungen\/implantate\/#breadcrumb\",\"itemListElement\":[{\"@type\":\"ListItem\",\"position\":1,\"name\":\"Po\\u010detna stranica\",\"item\":\"https:\/\/cvoriscec.com\/de\/\"},{\"@type\":\"ListItem\",\"position\":2,\"name\":\"Dienstleistungen\",\"item\":\"https:\/\/cvoriscec.com\/de\/dienstleistungen\/\"},{\"@type\":\"ListItem\",\"position\":3,\"name\":\"Implantate\"}]}]}<\/script>\n<!-- \/ Yoast SEO plugin. -->","yoast_head_json":{"title":"Implantate - \u010cvori\u0161\u0107ec - Ordinacija dentalne medicine","robots":{"index":"index","follow":"follow","max-snippet":"max-snippet:-1","max-image-preview":"max-image-preview:large","max-video-preview":"max-video-preview:-1"},"canonical":"https:\/\/cvoriscec.com\/de\/dienstleistungen\/implantate\/","og_locale":"de_DE","og_type":"article","og_title":"Implantate - \u010cvori\u0161\u0107ec - Ordinacija dentalne medicine","og_description":"[vc_row gap=&#8221;15&#8243; content_placement=&#8221;middle&#8221; css=&#8221;.vc_custom_1637646892597{padding-top: 30px !important;padding-bottom: 80px !important;}&#8221;][vc_column offset=&#8221;vc_col-md-6&#8243;][\/vc_column][vc_column offset=&#8221;vc_col-md-6&#8243;][vc_column_text]Implantate sind ...","og_url":"https:\/\/cvoriscec.com\/de\/dienstleistungen\/implantate\/","og_site_name":"\u010cvori\u0161\u0107ec - Ordinacija dentalne medicine","article_modified_time":"2021-12-13T15:33:21+00:00","twitter_card":"summary_large_image","twitter_misc":{"Gesch\u00e4tzte Lesezeit":"3\u00a0Minuten"},"schema":{"@context":"https:\/\/schema.org","@graph":[{"@type":"WebSite","@id":"https:\/\/cvoriscec.com\/#website","url":"https:\/\/cvoriscec.com\/","name":"\u010cvori\u0161\u0107ec - Ordinacija dentalne medicine","description":"","potentialAction":[{"@type":"SearchAction","target":{"@type":"EntryPoint","urlTemplate":"https:\/\/cvoriscec.com\/?s={search_term_string}"},"query-input":"required name=search_term_string"}],"inLanguage":"de"},{"@type":"WebPage","@id":"https:\/\/cvoriscec.com\/de\/dienstleistungen\/implantate\/#webpage","url":"https:\/\/cvoriscec.com\/de\/dienstleistungen\/implantate\/","name":"Implantate - \u010cvori\u0161\u0107ec - Ordinacija dentalne medicine","isPartOf":{"@id":"https:\/\/cvoriscec.com\/#website"},"datePublished":"2021-11-23T09:02:03+00:00","dateModified":"2021-12-13T15:33:21+00:00","breadcrumb":{"@id":"https:\/\/cvoriscec.com\/de\/dienstleistungen\/implantate\/#breadcrumb"},"inLanguage":"de","potentialAction":[{"@type":"ReadAction","target":["https:\/\/cvoriscec.com\/de\/dienstleistungen\/implantate\/"]}]},{"@type":"BreadcrumbList","@id":"https:\/\/cvoriscec.com\/de\/dienstleistungen\/implantate\/#breadcrumb","itemListElement":[{"@type":"ListItem","position":1,"name":"Po\u010detna stranica","item":"https:\/\/cvoriscec.com\/de\/"},{"@type":"ListItem","position":2,"name":"Dienstleistungen","item":"https:\/\/cvoriscec.com\/de\/dienstleistungen\/"},{"@type":"ListItem","position":3,"name":"Implantate"}]}]}},"_links":{"self":[{"href":"https:\/\/cvoriscec.com\/de\/wp-json\/wp\/v2\/pages\/889"}],"collection":[{"href":"https:\/\/cvoriscec.com\/de\/wp-json\/wp\/v2\/pages"}],"about":[{"href":"https:\/\/cvoriscec.com\/de\/wp-json\/wp\/v2\/types\/page"}],"author":[{"embeddable":true,"href":"https:\/\/cvoriscec.com\/de\/wp-json\/wp\/v2\/users\/1"}],"replies":[{"embeddable":true,"href":"https:\/\/cvoriscec.com\/de\/wp-json\/wp\/v2\/comments?post=889"}],"version-history":[{"count":2,"href":"https:\/\/cvoriscec.com\/de\/wp-json\/wp\/v2\/pages\/889\/revisions"}],"predecessor-version":[{"id":891,"href":"https:\/\/cvoriscec.com\/de\/wp-json\/wp\/v2\/pages\/889\/revisions\/891"}],"up":[{"embeddable":true,"href":"https:\/\/cvoriscec.com\/de\/wp-json\/wp\/v2\/pages\/862"}],"wp:attachment":[{"href":"https:\/\/cvoriscec.com\/de\/wp-json\/wp\/v2\/media?parent=889"}],"curies":[{"name":"wp","href":"https:\/\/api.w.org\/{rel}","templated":true}]}}