{"id":884,"date":"2021-11-23T08:12:23","date_gmt":"2021-11-23T08:12:23","guid":{"rendered":"https:\/\/cvoriscec.com\/dienstleistungen\/endodoncija\/"},"modified":"2021-12-13T15:30:34","modified_gmt":"2021-12-13T15:30:34","slug":"endodontische-behandlungen","status":"publish","type":"page","link":"https:\/\/cvoriscec.com\/de\/dienstleistungen\/endodontische-behandlungen\/","title":{"rendered":"Endodontische Behandlungen"},"content":{"rendered":"<p>[vc_row gap=&#8221;15&#8243; content_placement=&#8221;middle&#8221; css=&#8221;.vc_custom_1637646892597{padding-top: 30px !important;padding-bottom: 80px !important;}&#8221;][vc_column offset=&#8221;vc_col-md-6&#8243;]<div id=\"cz_12834\" class=\"cz_12834 cz_image clr cz_image_no_fx center_on_mobile\"><div class=\"cz_svg_bg\" ><div class=\"cz_image_in\"><div class=\"cz_main_image\"><img width=\"800\" height=\"430\" src=\"data:image\/svg+xml,%3Csvg%20xmlns%3D&#39;http%3A%2F%2Fwww.w3.org%2F2000%2Fsvg&#39;%20width=&#39;800&#39;%20height=&#39;430&#39;%20viewBox%3D&#39;0%200%20800%20430&#39;%2F%3E\" data-czlz data-src=\"https:\/\/cvoriscec.com\/wp-content\/uploads\/2021\/11\/endodoncija-01.jpg\" class=\"attachment-full\" alt=\"\" title=\"Endodoncija\" data-srcset=\"https:\/\/cvoriscec.com\/wp-content\/uploads\/2021\/11\/endodoncija-01.jpg 800w, https:\/\/cvoriscec.com\/wp-content\/uploads\/2021\/11\/endodoncija-01-300x161.jpg 300w, https:\/\/cvoriscec.com\/wp-content\/uploads\/2021\/11\/endodoncija-01-768x413.jpg 768w, https:\/\/cvoriscec.com\/wp-content\/uploads\/2021\/11\/endodoncija-01-600x323.jpg 600w\" data-sizes=\"(max-width: 800px) 100vw, 800px\" \/><\/div><\/div><\/div><\/div><div class=\"cz_gap clr  hide_on_tablet hide_on_mobile\" style=\"height: 0px\"><\/div><div class=\"cz_gap show_on_tablet clr \" style=\"height: 80px\"><\/div>[\/vc_column][vc_column offset=&#8221;vc_col-md-6&#8243;]<div id=\"cz_11999\" class=\"cz_11999 cz_title clr cz_smart_fs cz_title_ba_line cz_title_pos_inline\"><div class=\"cz_title_content\"><div class=\"cz_wpe_content\"><h3 style=\"color: #333;\"><span style=\"font-size: 38px; font-weight: 300;\">Endodontische Behandlungen <\/span><\/h3>\n<\/div><div class=\"cz_title_line cz_line_after_title\"><span>_<\/span><\/div><\/div><\/div><div class=\"cz_gap clr \" style=\"height: 35px\"><\/div>[vc_column_text]Das Verbreiten von Bakterien in das Zahninnere f\u00fchrt zur Entz\u00fcndung der Zahnpulpa (Nervs), was oft starke Schmerzen verursacht. Manchmal kann es zum Absterben des Nervs langsam und schmerzlos kommen, wegen einer langsam entwickelnden Infektion. Die Bakterien kommen voran durch Wurzelkan\u00e4le zum Knochen heran und verursachen dort eine Entz\u00fcndung (Abszess oder Granulom). Ein solcher Zustand ben\u00f6tigt eine endodontische Behandlung, welche die Verbreitung der Infektion in den Knochen verhindert und auf diese Weise den Zahn und seine Wurzel sch\u00fctzt. Der Eingriff ist v\u00f6llig schmerzlos und es wird versucht in k\u00fcrzester Therapiedauer durchgef\u00fchrt zu werden.<\/p>\n<p>Die moderne Kanalbehandlung ist eine Art von mikrochirurgischem Eingriff und braucht ein steriles Arbeitsumfeld, und das entz\u00fcndete Gewebe wird durch sterile Hand-oder Maschineninstrumente beseitigt. Die infizierten Kan\u00e4le werden mit Fl\u00fcssigkeiten f\u00fcr die Desinfektion des Wurzelkanals gesp\u00fclt, getrocknet und mit bioinertem Material gef\u00fcllt.<\/p>\n<p>(Wir sind mit modernsten Materialen und Ausstattung f\u00fcr endodontische Eingriffe ausgestattet)[\/vc_column_text][\/vc_column][\/vc_row][vc_row full_width=&#8221;stretch_row&#8221; gap=&#8221;15&#8243; content_placement=&#8221;top&#8221; css=&#8221;.vc_custom_1637656942470{padding-top: 80px !important;padding-bottom: 80px !important;background-color: #eaeaea !important;}&#8221;][vc_column offset=&#8221;vc_col-md-6&#8243;][vc_column_text]Beim darauf folgenden Zahnarztbesuch wird auf den geheilten Zahn, abh\u00e4ngig von der Besch\u00e4digung der Zahnkrone eine Kompositf\u00fcllung oder -Nachbau angesetzt, auf welche die Krone gebildet wird.<\/p>\n<p>Schwache Schmerzen und Zahnempfindlichkeit in der Dauer von zwei Wochen bis zu einem Monat sind eine normale Reaktion nach dem endodontischen Eingriff. Das ist die Periode in welcher das Immunsystem des Organismus die eventuell verbliebenen Mikroorganismen vernichtet.[\/vc_column_text][\/vc_column][vc_column offset=&#8221;vc_col-md-6&#8243;][vc_column_text]Ein endodontisch behandelter Zahn dauert meistens gleich lange wie der \u201clebendige\u201d Zahn, allerdings ist ein solcher Zahn zerbrechlicher und bricht leichter unter Druck. In manchen F\u00e4llen kann eine endodontische Behandlung nicht erfolgreich durchgef\u00fchrt werden wegen stark verkr\u00fcmmten und d\u00fcnner Kan\u00e4le, vergangenen schlechten endodontischen Eingriffen und \u00e4hnliches. Einige dieser F\u00e4lle werden durch eine Revision erfolgreich gel\u00f6st (wiederholte Reinigung und Desinfektion der Kan\u00e4le) oder Apikotomie (chirurgische Beseitigung der Wurzelspitze).[\/vc_column_text][\/vc_column][\/vc_row]<\/p>\n","protected":false},"excerpt":{"rendered":"<p>[vc_row gap=&#8221;15&#8243; content_placement=&#8221;middle&#8221; css=&#8221;.vc_custom_1637646892597{padding-top: 30px !important;padding-bottom: 80px !important;}&#8221;][vc_column offset=&#8221;vc_col-md-6&#8243;][\/vc_column][vc_column offset=&#8221;vc_col-md-6&#8243;][vc_column_text]Das Verbreiten &#8230; <\/p>\n","protected":false},"author":1,"featured_media":0,"parent":862,"menu_order":0,"comment_status":"closed","ping_status":"closed","template":"","meta":[],"yoast_head":"<!-- This site is optimized with the Yoast SEO plugin v17.8 - https:\/\/yoast.com\/wordpress\/plugins\/seo\/ -->\n<title>Endodontische Behandlungen - \u010cvori\u0161\u0107ec - Ordinacija dentalne medicine<\/title>\n<meta name=\"robots\" content=\"index, follow, max-snippet:-1, max-image-preview:large, max-video-preview:-1\" \/>\n<link rel=\"canonical\" href=\"https:\/\/cvoriscec.com\/de\/dienstleistungen\/endodontische-behandlungen\/\" \/>\n<meta property=\"og:locale\" content=\"de_DE\" \/>\n<meta property=\"og:type\" content=\"article\" \/>\n<meta property=\"og:title\" content=\"Endodontische Behandlungen - \u010cvori\u0161\u0107ec - Ordinacija dentalne medicine\" \/>\n<meta property=\"og:description\" content=\"[vc_row gap=&#8221;15&#8243; content_placement=&#8221;middle&#8221; css=&#8221;.vc_custom_1637646892597{padding-top: 30px !important;padding-bottom: 80px !important;}&#8221;][vc_column offset=&#8221;vc_col-md-6&#8243;][\/vc_column][vc_column offset=&#8221;vc_col-md-6&#8243;][vc_column_text]Das Verbreiten ...\" \/>\n<meta property=\"og:url\" content=\"https:\/\/cvoriscec.com\/de\/dienstleistungen\/endodontische-behandlungen\/\" \/>\n<meta property=\"og:site_name\" content=\"\u010cvori\u0161\u0107ec - Ordinacija dentalne medicine\" \/>\n<meta property=\"article:modified_time\" content=\"2021-12-13T15:30:34+00:00\" \/>\n<meta name=\"twitter:card\" content=\"summary_large_image\" \/>\n<meta name=\"twitter:label1\" content=\"Gesch\u00e4tzte Lesezeit\" \/>\n\t<meta name=\"twitter:data1\" content=\"2\u00a0Minuten\" \/>\n<script type=\"application\/ld+json\" class=\"yoast-schema-graph\">{\"@context\":\"https:\/\/schema.org\",\"@graph\":[{\"@type\":\"WebSite\",\"@id\":\"https:\/\/cvoriscec.com\/#website\",\"url\":\"https:\/\/cvoriscec.com\/\",\"name\":\"\\u010cvori\\u0161\\u0107ec - Ordinacija dentalne medicine\",\"description\":\"\",\"potentialAction\":[{\"@type\":\"SearchAction\",\"target\":{\"@type\":\"EntryPoint\",\"urlTemplate\":\"https:\/\/cvoriscec.com\/?s={search_term_string}\"},\"query-input\":\"required name=search_term_string\"}],\"inLanguage\":\"de\"},{\"@type\":\"WebPage\",\"@id\":\"https:\/\/cvoriscec.com\/de\/dienstleistungen\/endodontische-behandlungen\/#webpage\",\"url\":\"https:\/\/cvoriscec.com\/de\/dienstleistungen\/endodontische-behandlungen\/\",\"name\":\"Endodontische Behandlungen - \\u010cvori\\u0161\\u0107ec - Ordinacija dentalne medicine\",\"isPartOf\":{\"@id\":\"https:\/\/cvoriscec.com\/#website\"},\"datePublished\":\"2021-11-23T08:12:23+00:00\",\"dateModified\":\"2021-12-13T15:30:34+00:00\",\"breadcrumb\":{\"@id\":\"https:\/\/cvoriscec.com\/de\/dienstleistungen\/endodontische-behandlungen\/#breadcrumb\"},\"inLanguage\":\"de\",\"potentialAction\":[{\"@type\":\"ReadAction\",\"target\":[\"https:\/\/cvoriscec.com\/de\/dienstleistungen\/endodontische-behandlungen\/\"]}]},{\"@type\":\"BreadcrumbList\",\"@id\":\"https:\/\/cvoriscec.com\/de\/dienstleistungen\/endodontische-behandlungen\/#breadcrumb\",\"itemListElement\":[{\"@type\":\"ListItem\",\"position\":1,\"name\":\"Po\\u010detna stranica\",\"item\":\"https:\/\/cvoriscec.com\/de\/\"},{\"@type\":\"ListItem\",\"position\":2,\"name\":\"Dienstleistungen\",\"item\":\"https:\/\/cvoriscec.com\/de\/dienstleistungen\/\"},{\"@type\":\"ListItem\",\"position\":3,\"name\":\"Endodontische Behandlungen\"}]}]}<\/script>\n<!-- \/ Yoast SEO plugin. -->","yoast_head_json":{"title":"Endodontische Behandlungen - \u010cvori\u0161\u0107ec - Ordinacija dentalne medicine","robots":{"index":"index","follow":"follow","max-snippet":"max-snippet:-1","max-image-preview":"max-image-preview:large","max-video-preview":"max-video-preview:-1"},"canonical":"https:\/\/cvoriscec.com\/de\/dienstleistungen\/endodontische-behandlungen\/","og_locale":"de_DE","og_type":"article","og_title":"Endodontische Behandlungen - \u010cvori\u0161\u0107ec - Ordinacija dentalne medicine","og_description":"[vc_row gap=&#8221;15&#8243; content_placement=&#8221;middle&#8221; css=&#8221;.vc_custom_1637646892597{padding-top: 30px !important;padding-bottom: 80px !important;}&#8221;][vc_column offset=&#8221;vc_col-md-6&#8243;][\/vc_column][vc_column offset=&#8221;vc_col-md-6&#8243;][vc_column_text]Das Verbreiten ...","og_url":"https:\/\/cvoriscec.com\/de\/dienstleistungen\/endodontische-behandlungen\/","og_site_name":"\u010cvori\u0161\u0107ec - Ordinacija dentalne medicine","article_modified_time":"2021-12-13T15:30:34+00:00","twitter_card":"summary_large_image","twitter_misc":{"Gesch\u00e4tzte Lesezeit":"2\u00a0Minuten"},"schema":{"@context":"https:\/\/schema.org","@graph":[{"@type":"WebSite","@id":"https:\/\/cvoriscec.com\/#website","url":"https:\/\/cvoriscec.com\/","name":"\u010cvori\u0161\u0107ec - Ordinacija dentalne medicine","description":"","potentialAction":[{"@type":"SearchAction","target":{"@type":"EntryPoint","urlTemplate":"https:\/\/cvoriscec.com\/?s={search_term_string}"},"query-input":"required name=search_term_string"}],"inLanguage":"de"},{"@type":"WebPage","@id":"https:\/\/cvoriscec.com\/de\/dienstleistungen\/endodontische-behandlungen\/#webpage","url":"https:\/\/cvoriscec.com\/de\/dienstleistungen\/endodontische-behandlungen\/","name":"Endodontische Behandlungen - \u010cvori\u0161\u0107ec - Ordinacija dentalne medicine","isPartOf":{"@id":"https:\/\/cvoriscec.com\/#website"},"datePublished":"2021-11-23T08:12:23+00:00","dateModified":"2021-12-13T15:30:34+00:00","breadcrumb":{"@id":"https:\/\/cvoriscec.com\/de\/dienstleistungen\/endodontische-behandlungen\/#breadcrumb"},"inLanguage":"de","potentialAction":[{"@type":"ReadAction","target":["https:\/\/cvoriscec.com\/de\/dienstleistungen\/endodontische-behandlungen\/"]}]},{"@type":"BreadcrumbList","@id":"https:\/\/cvoriscec.com\/de\/dienstleistungen\/endodontische-behandlungen\/#breadcrumb","itemListElement":[{"@type":"ListItem","position":1,"name":"Po\u010detna stranica","item":"https:\/\/cvoriscec.com\/de\/"},{"@type":"ListItem","position":2,"name":"Dienstleistungen","item":"https:\/\/cvoriscec.com\/de\/dienstleistungen\/"},{"@type":"ListItem","position":3,"name":"Endodontische Behandlungen"}]}]}},"_links":{"self":[{"href":"https:\/\/cvoriscec.com\/de\/wp-json\/wp\/v2\/pages\/884"}],"collection":[{"href":"https:\/\/cvoriscec.com\/de\/wp-json\/wp\/v2\/pages"}],"about":[{"href":"https:\/\/cvoriscec.com\/de\/wp-json\/wp\/v2\/types\/page"}],"author":[{"embeddable":true,"href":"https:\/\/cvoriscec.com\/de\/wp-json\/wp\/v2\/users\/1"}],"replies":[{"embeddable":true,"href":"https:\/\/cvoriscec.com\/de\/wp-json\/wp\/v2\/comments?post=884"}],"version-history":[{"count":2,"href":"https:\/\/cvoriscec.com\/de\/wp-json\/wp\/v2\/pages\/884\/revisions"}],"predecessor-version":[{"id":887,"href":"https:\/\/cvoriscec.com\/de\/wp-json\/wp\/v2\/pages\/884\/revisions\/887"}],"up":[{"embeddable":true,"href":"https:\/\/cvoriscec.com\/de\/wp-json\/wp\/v2\/pages\/862"}],"wp:attachment":[{"href":"https:\/\/cvoriscec.com\/de\/wp-json\/wp\/v2\/media?parent=884"}],"curies":[{"name":"wp","href":"https:\/\/api.w.org\/{rel}","templated":true}]}}