{"id":879,"date":"2021-11-23T05:28:00","date_gmt":"2021-11-23T05:28:00","guid":{"rendered":"https:\/\/cvoriscec.com\/dienstleistungen\/estetska-stomatologija\/"},"modified":"2021-12-13T15:26:34","modified_gmt":"2021-12-13T15:26:34","slug":"aesthetische-zahnmedizin","status":"publish","type":"page","link":"https:\/\/cvoriscec.com\/de\/dienstleistungen\/aesthetische-zahnmedizin\/","title":{"rendered":"\u00c4sthetische Zahnmedizin"},"content":{"rendered":"<p>[vc_row gap=&#8221;15&#8243; content_placement=&#8221;middle&#8221; css=&#8221;.vc_custom_1637646892597{padding-top: 30px !important;padding-bottom: 80px !important;}&#8221;][vc_column offset=&#8221;vc_col-md-6&#8243;]<div id=\"cz_107046\" class=\"cz_107046 cz_image clr cz_image_no_fx center_on_mobile\"><div class=\"cz_svg_bg\" ><div class=\"cz_image_in\"><div class=\"cz_main_image\"><img width=\"760\" height=\"600\" src=\"data:image\/svg+xml,%3Csvg%20xmlns%3D&#39;http%3A%2F%2Fwww.w3.org%2F2000%2Fsvg&#39;%20width=&#39;760&#39;%20height=&#39;600&#39;%20viewBox%3D&#39;0%200%20760%20600&#39;%2F%3E\" data-czlz data-src=\"https:\/\/cvoriscec.com\/wp-content\/uploads\/2021\/11\/estetska-stomatologija-2-1.jpg\" class=\"attachment-full\" alt=\"\" title=\"estetska-stomatologija-2\" data-srcset=\"https:\/\/cvoriscec.com\/wp-content\/uploads\/2021\/11\/estetska-stomatologija-2-1.jpg 760w, https:\/\/cvoriscec.com\/wp-content\/uploads\/2021\/11\/estetska-stomatologija-2-1-300x237.jpg 300w, https:\/\/cvoriscec.com\/wp-content\/uploads\/2021\/11\/estetska-stomatologija-2-1-600x474.jpg 600w\" data-sizes=\"(max-width: 760px) 100vw, 760px\" \/><\/div><\/div><\/div><\/div><div class=\"cz_gap clr  hide_on_tablet hide_on_mobile\" style=\"height: 0px\"><\/div><div class=\"cz_gap show_on_tablet clr \" style=\"height: 80px\"><\/div>[\/vc_column][vc_column offset=&#8221;vc_col-md-6&#8243;]<div id=\"cz_37014\" class=\"cz_37014 cz_title clr cz_smart_fs cz_title_ba_line cz_title_pos_inline\"><div class=\"cz_title_content\"><div class=\"cz_wpe_content\"><h3 style=\"color: #333;\"><span style=\"font-size: 38px; font-weight: 300;\">\u00c4sthetische <span style=\"color: #8eb1ba;\">Zahnmedizin<\/span><\/span><\/h3>\n<\/div><div class=\"cz_title_line cz_line_after_title\"><span>_<\/span><\/div><\/div><\/div><div class=\"cz_gap clr \" style=\"height: 35px\"><\/div>[vc_column_text]Heutzutage steht uns zur Verf\u00fcgung eine ganze Reihe von dentalen Verfahren, mit denen au\u00dfer oraler Gesundheit, wir die Anziehung und Sch\u00f6nheit des L\u00e4chelns erzielen k\u00f6nnen. Die \u00e4sthetische dentale Medizin vernachl\u00e4ssigt nicht ihre prim\u00e4re Aufgabe \u2013 die harmonische Funktionierung des Kausystems, aber verfolgt ebenso die heutigen Bed\u00fcrfnisse nach \u00c4sthetik. Dieser Teil der dentalen Medizin, setzt neben guter Vorbeugung, Diagnostik und Sanierung von oralen Strukturen ebenso Akzent auf die \u00c4sthetik des L\u00e4chelns, gesunde und wundersch\u00f6ne wei\u00dfe Z\u00e4hne.<\/p>\n<p>Die \u00c4sthetische Zahnmedizin umfasst das Z\u00e4hnebleichen, keramische Schallen (Veneers), metallfreie Kronen (ergeben eine absolute Nat\u00fcrlichkeit der Farbe und Form weil sie kein Metal erhalten, womit eine hervorragende \u00e4sthetische Wirkung erm\u00f6glicht wird).[\/vc_column_text][\/vc_column][\/vc_row][vc_row full_width=&#8221;stretch_row&#8221; gap=&#8221;15&#8243; content_placement=&#8221;middle&#8221; css=&#8221;.vc_custom_1637646899978{padding-top: 80px !important;padding-bottom: 80px !important;background-color: #eaeaea !important;}&#8221;][vc_column offset=&#8221;vc_col-md-6&#8243;]<div id=\"cz_75199\" class=\"cz_75199 cz_title clr cz_smart_fs cz_title_ba_line cz_title_pos_inline\"><div class=\"cz_title_content\"><div class=\"cz_wpe_content\"><h3 style=\"color: #333;\"><span style=\"font-size: 38px; font-weight: 300;\">Z\u00e4hnebleichen<\/span><\/h3>\n<\/div><div class=\"cz_title_line cz_line_after_title\"><span>_<\/span><\/div><\/div><\/div><div class=\"cz_gap clr \" style=\"height: 35px\"><\/div>[vc_column_text]Im Laufe der Zeit, wegen der Alterung und unter dem Einfluss von zahlreichen Lebensgewohnheiten, verliert der Zahnschmelz seine Wei\u00dfe und wird graulich oder gelblich, voll von Pigmentationen die durch eine Zahnpolierung nicht beseitigt werden k\u00f6nnen. In diesem Fall benutzen wir die Pigmentationsbeseitigung von Z\u00e4hnen durch Bleichen, was die Benutzung von Mittel umfasst, auf Basis vom Oxidierungsprozess von Karbamid oder Hydrogen-Peroxid mit der Zahnfl\u00e4che.<\/p>\n<p>Die heutigen Methoden ben\u00f6tigen nur einen Zahnarztbesuch, wonach ein optimales Resultat erzielt wird. Nach der Reinigung von harten und weichen Bel\u00e4gen wird ein Gel auf die Z\u00e4hne aufgetragen, der sich abh\u00e4ngig von der angewandten Methode, chemisch, thermisch und mit Licht aktiviert. Die Methoden unterscheiden sich, neben der Aktivierungsart, auch nach der Konzentration der aktiven Substanz. In der Regel dauert jede dieser Methoden weniger als eine Stunde. Das Verfahren ist schnell und schmerzlos, und die einzige Nebenwirkung ist das Auftreten einer \u00dcberempfindlichkeit der Z\u00e4hne, die in der Regel innerhalb von einem oder zwei Tagen verschwindet. Nach dem Z\u00e4hnebleichen ist es erforderlich gef\u00e4rbte Lebensmittel und Getr\u00e4nke mindestens 48 Stunden zu vermeiden (Kaffee, Zigaretten, Rotwein, gef\u00e4rbte S\u00e4fte, Schwarztee\u2026). Vor dem Z\u00e4hnebleichen werden durch eine Untersuchung m\u00f6gliche Kontraindikationen, wie Kronen und F\u00fcllungen an Vorderz\u00e4hnen, avitale Z\u00e4hne, Rauchen festgestellt.[\/vc_column_text][\/vc_column][vc_column offset=&#8221;vc_col-md-6&#8243;]<div id=\"cz_25647\" class=\"cz_25647 cz_image clr cz_image_no_fx center_on_mobile\"><div class=\"cz_svg_bg\" ><div class=\"cz_image_in\"><div class=\"cz_main_image\"><img width=\"800\" height=\"534\" src=\"data:image\/svg+xml,%3Csvg%20xmlns%3D&#39;http%3A%2F%2Fwww.w3.org%2F2000%2Fsvg&#39;%20width=&#39;800&#39;%20height=&#39;534&#39;%20viewBox%3D&#39;0%200%20800%20534&#39;%2F%3E\" data-czlz data-src=\"https:\/\/cvoriscec.com\/wp-content\/uploads\/2021\/11\/izbjeljivanje-zuba.jpg\" class=\"attachment-full\" alt=\"\" title=\"Izbjeljivanje zuba\" data-srcset=\"https:\/\/cvoriscec.com\/wp-content\/uploads\/2021\/11\/izbjeljivanje-zuba.jpg 800w, https:\/\/cvoriscec.com\/wp-content\/uploads\/2021\/11\/izbjeljivanje-zuba-300x200.jpg 300w, https:\/\/cvoriscec.com\/wp-content\/uploads\/2021\/11\/izbjeljivanje-zuba-768x513.jpg 768w, https:\/\/cvoriscec.com\/wp-content\/uploads\/2021\/11\/izbjeljivanje-zuba-600x401.jpg 600w\" data-sizes=\"(max-width: 800px) 100vw, 800px\" \/><\/div><\/div><\/div><\/div>[\/vc_column][\/vc_row][vc_row gap=&#8221;15&#8243; content_placement=&#8221;middle&#8221; css=&#8221;.vc_custom_1637652533734{padding-top: 80px !important;padding-bottom: 80px !important;}&#8221;][vc_column offset=&#8221;vc_col-md-6&#8243;]<div id=\"cz_27240\" class=\"cz_27240 cz_image clr cz_image_no_fx center_on_mobile\"><div class=\"cz_svg_bg\" ><div class=\"cz_image_in\"><div class=\"cz_main_image\"><img width=\"800\" height=\"491\" src=\"data:image\/svg+xml,%3Csvg%20xmlns%3D&#39;http%3A%2F%2Fwww.w3.org%2F2000%2Fsvg&#39;%20width=&#39;800&#39;%20height=&#39;491&#39;%20viewBox%3D&#39;0%200%20800%20491&#39;%2F%3E\" data-czlz data-src=\"https:\/\/cvoriscec.com\/wp-content\/uploads\/2021\/11\/keramicke-ljuskice.jpg\" class=\"attachment-full\" alt=\"\" title=\"Kerami\u010dke ljuskice\" data-srcset=\"https:\/\/cvoriscec.com\/wp-content\/uploads\/2021\/11\/keramicke-ljuskice.jpg 800w, https:\/\/cvoriscec.com\/wp-content\/uploads\/2021\/11\/keramicke-ljuskice-300x184.jpg 300w, https:\/\/cvoriscec.com\/wp-content\/uploads\/2021\/11\/keramicke-ljuskice-768x471.jpg 768w, https:\/\/cvoriscec.com\/wp-content\/uploads\/2021\/11\/keramicke-ljuskice-600x368.jpg 600w\" data-sizes=\"(max-width: 800px) 100vw, 800px\" \/><\/div><\/div><\/div><\/div>[\/vc_column][vc_column offset=&#8221;vc_col-md-6&#8243;]<div class=\"cz_gap clr  hide_on_tablet hide_on_mobile\" style=\"height: 0px\"><\/div><div class=\"cz_gap show_on_tablet clr \" style=\"height: 80px\"><\/div><div id=\"cz_13765\" class=\"cz_13765 cz_title clr cz_smart_fs cz_title_ba_line cz_title_pos_inline\"><div class=\"cz_title_content\"><div class=\"cz_wpe_content\"><h3 style=\"color: #333;\"><span style=\"font-size: 38px; font-weight: 300;\">Keramische H\u00fcllen <span style=\"color: #8eb1ba;\">(Veneers)<\/span><\/span><\/h3>\n<\/div><div class=\"cz_title_line cz_line_after_title\"><span>_<\/span><\/div><\/div><\/div><div class=\"cz_gap clr \" style=\"height: 35px\"><\/div>[vc_column_text]Veneers sind individuell gemachte keramische Fassetten, die auf die vorbereitete Zahnfl\u00e4che zementiert werden. Die heutigen Materiale, bzw. besonders transluzente und durchsichtige Keramik (Porzellan), die bei der Erstellung solcher Ers\u00e4tze gebraucht werden, erm\u00f6glichen ein vollkommen nat\u00fcrliches Aussehen. Die keramischen Veneers k\u00f6nnen die Mehrheit der Probleme in der dentalen Medizin l\u00f6sen, aber erst nach einer detaillierten Untersuchung und richtig gesetzten Indikation.<\/p>\n<p>Probleme die mit Veneers erfolgreich gel\u00f6st werden sind Besch\u00e4digungen oder Verf\u00e4rbung von Zahnschmelz, vergr\u00f6\u00dferte L\u00fccke zwischen den Z\u00e4hnen (Diastema), manche Rotationen sowie durch Z\u00e4hneknirschen und Pressen verbrauchte oder besch\u00e4digte Z\u00e4hne (Bruksismus). Die H\u00fcllen sind eine dauerhafte L\u00f6sung mit der die Zahnfarbe deutlich ver\u00e4ndert werden kann sowie ihre Form und Lage korrigiert werden kann und werden individuell im Labor erstellt. Daf\u00fcr sind zwei oder mehrere Zahnarztbesuche notwendig. Die Lebensdauer der Veneers ist ca. 10-15 Jahre, abh\u00e4ngig vom biologischem Faktor, Pflege von Z\u00e4hnen und anderen oralen Strukturen. Die Veneers ergeben hervorragende \u00e4sthetische Resultate und stellen mit einer minimalen Invasion eine schnelle, wirksame und dauerhafte L\u00f6sung f\u00fcr ein sch\u00f6nes L\u00e4cheln dar.[\/vc_column_text][\/vc_column][\/vc_row][vc_row full_width=&#8221;stretch_row&#8221; gap=&#8221;15&#8243; content_placement=&#8221;middle&#8221; css=&#8221;.vc_custom_1637646899978{padding-top: 80px !important;padding-bottom: 80px !important;background-color: #eaeaea !important;}&#8221;][vc_column offset=&#8221;vc_col-md-6&#8243;]<div id=\"cz_43766\" class=\"cz_43766 cz_title clr cz_smart_fs cz_title_ba_line cz_title_pos_inline\"><div class=\"cz_title_content\"><div class=\"cz_wpe_content\"><h3 style=\"color: #333;\"><span style=\"font-size: 38px; font-weight: 300;\">Kronen<\/span><\/h3>\n<\/div><div class=\"cz_title_line cz_line_after_title\"><span>_<\/span><\/div><\/div><\/div><div class=\"cz_gap clr \" style=\"height: 35px\"><\/div>[vc_column_text]Kronen sind prothetische Ers\u00e4tze, mit denen die Funktion und \u00c4sthetik des besch\u00e4digten Zahns wieder hergestellt wird (avitale Z\u00e4hne, durch gro\u00dfe Kariesfl\u00e4chen besch\u00e4digte Z\u00e4hne, gro\u00dfer Mangel von Zahngewebe, Ersetzung von sch\u00e4bigen alten Kronen). Die Materiale die heutzutage bei der Erstellung von Kronen benutzt werden sind Metall-Keramik (unter dem Porzellan ist ein Skelett aus Halbedel- oder Edellegierungen) sowie metallfreie Keramik mit einem hohem Index an dynamischer H\u00e4rte (Zirconium Oxide, Aluminium-Oxid). Die Metallkeramik hat deutlich gute Funktionseigenschaften, obwohl sie nicht als vollkommen \u00e4sthetisch betrachtet wird, wegen des m\u00f6glich durchscheinenden metallenen Rands, falls es zur R\u00fcckziehung des Zahnfleisches kommt.<\/p>\n<p>Die Metallfreie Keramik stellt einen \u00e4sthetischen Ersatz f\u00fcr Kronen mit einem metallenen Kern dar. Mechanische Eigenschaften und die Lebensdauer der metallfreien Krone sind gleich der Metall-Keramischen, mit einem h\u00f6heren \u00e4sthetischen Niveau. Das Abschleifen des Zahns f\u00fcr die metallfreie Krone ist weniger umfangreich.<\/p>\n<p>Die Beseitigung des metallenen Kerns erm\u00f6glicht die Lichtdurchl\u00e4ssigkeit durch die Keramik und die Erzielung von besseren optischen Eigenschaften, was sich gleichzeitig auf das \u00e4sthetische Aussehen der Krone auswirkt.[\/vc_column_text][\/vc_column][vc_column offset=&#8221;vc_col-md-6&#8243;]<div id=\"cz_59399\" class=\"cz_59399 cz_image clr cz_image_no_fx center_on_mobile\"><div class=\"cz_svg_bg\" ><div class=\"cz_image_in\"><div class=\"cz_main_image\"><img width=\"800\" height=\"634\" src=\"data:image\/svg+xml,%3Csvg%20xmlns%3D&#39;http%3A%2F%2Fwww.w3.org%2F2000%2Fsvg&#39;%20width=&#39;800&#39;%20height=&#39;634&#39;%20viewBox%3D&#39;0%200%20800%20634&#39;%2F%3E\" data-czlz data-src=\"https:\/\/cvoriscec.com\/wp-content\/uploads\/2021\/11\/krunice.jpg\" class=\"attachment-full\" alt=\"\" title=\"Krunice\" data-srcset=\"https:\/\/cvoriscec.com\/wp-content\/uploads\/2021\/11\/krunice.jpg 800w, https:\/\/cvoriscec.com\/wp-content\/uploads\/2021\/11\/krunice-300x238.jpg 300w, https:\/\/cvoriscec.com\/wp-content\/uploads\/2021\/11\/krunice-768x609.jpg 768w, https:\/\/cvoriscec.com\/wp-content\/uploads\/2021\/11\/krunice-600x476.jpg 600w\" data-sizes=\"(max-width: 800px) 100vw, 800px\" \/><\/div><\/div><\/div><\/div>[\/vc_column][\/vc_row][vc_row gap=&#8221;15&#8243; content_placement=&#8221;middle&#8221; css=&#8221;.vc_custom_1637652533734{padding-top: 80px !important;padding-bottom: 80px !important;}&#8221;][vc_column offset=&#8221;vc_col-md-6&#8243;]<div id=\"cz_28195\" class=\"cz_28195 cz_image clr cz_image_no_fx center_on_mobile\"><div class=\"cz_svg_bg\" ><div class=\"cz_image_in\"><div class=\"cz_main_image\"><img width=\"800\" height=\"600\" src=\"data:image\/svg+xml,%3Csvg%20xmlns%3D&#39;http%3A%2F%2Fwww.w3.org%2F2000%2Fsvg&#39;%20width=&#39;800&#39;%20height=&#39;600&#39;%20viewBox%3D&#39;0%200%20800%20600&#39;%2F%3E\" data-czlz data-src=\"https:\/\/cvoriscec.com\/wp-content\/uploads\/2021\/11\/mostovi.jpg\" class=\"attachment-full\" alt=\"\" title=\"Mostovi\" data-srcset=\"https:\/\/cvoriscec.com\/wp-content\/uploads\/2021\/11\/mostovi.jpg 800w, https:\/\/cvoriscec.com\/wp-content\/uploads\/2021\/11\/mostovi-300x225.jpg 300w, https:\/\/cvoriscec.com\/wp-content\/uploads\/2021\/11\/mostovi-768x576.jpg 768w, https:\/\/cvoriscec.com\/wp-content\/uploads\/2021\/11\/mostovi-600x450.jpg 600w\" data-sizes=\"(max-width: 800px) 100vw, 800px\" \/><\/div><\/div><\/div><\/div><div class=\"cz_gap clr  hide_on_tablet hide_on_mobile\" style=\"height: 0px\"><\/div><div class=\"cz_gap show_on_tablet clr \" style=\"height: 80px\"><\/div>[\/vc_column][vc_column offset=&#8221;vc_col-md-6&#8243;]<div id=\"cz_64245\" class=\"cz_64245 cz_title clr cz_smart_fs cz_title_ba_line cz_title_pos_inline\"><div class=\"cz_title_content\"><div class=\"cz_wpe_content\"><h3 style=\"color: #333;\"><span style=\"font-size: 38px; font-weight: 300;\">Br\u00fccken<\/span><\/h3>\n<\/div><div class=\"cz_title_line cz_line_after_title\"><span>_<\/span><\/div><\/div><\/div><div class=\"cz_gap clr \" style=\"height: 35px\"><\/div>[vc_column_text]Br\u00fccken sind prothetische funktionelle und \u00e4sthetische Ers\u00e4tze f\u00fcr einen oder mehrer Z\u00e4hne. Der Zahnmangel kann zu pathologischen \u00c4nderungen im Anbiss f\u00fchren, Verschiebung und Beugung von Z\u00e4hnen, Besch\u00e4digung des Kiefergelenks, Entwicklung von parodontosen Krankheiten und zum Entstehen von neuem Karies f\u00fchren. Bei der Erstellung von Br\u00fccken ist es erforderlich die benachbarten Z\u00e4hne abzuschleifen, die als Tr\u00e4ger der Br\u00fccke dienen werden.<\/p>\n<p>Die Br\u00fccke setzt sich aus Kronen-Tr\u00e4ger und dem Br\u00fcckenk\u00f6rper der sich zwischen den ersetzenden Z\u00e4hnen erstreckt. Die Materiale f\u00fcr die Erstellung von Br\u00fccken sind Metall-Keramik und metallfreie Keramik. Nach dem Abschleifen von Z\u00e4hnen, wird ein Abdruck genommen, aufgrund welches der Techniker im Labor einen individuellen Ersatz erstellt. Die Lebensdauer der Br\u00fccken, sowie der Kronen, h\u00e4ngt von der Gesundheit des Patienten und besonders von einer guten Hygiene ab. Regelm\u00e4\u00dfige Kontrollen sind ebenso notwendig.[\/vc_column_text][\/vc_column][\/vc_row][vc_row full_width=&#8221;stretch_row&#8221; gap=&#8221;15&#8243; content_placement=&#8221;middle&#8221; css=&#8221;.vc_custom_1637646899978{padding-top: 80px !important;padding-bottom: 80px !important;background-color: #eaeaea !important;}&#8221;][vc_column offset=&#8221;vc_col-md-6&#8243;]<div id=\"cz_36492\" class=\"cz_36492 cz_title clr cz_smart_fs cz_title_ba_line cz_title_pos_inline\"><div class=\"cz_title_content\"><div class=\"cz_wpe_content\"><h3 style=\"color: #333;\"><span style=\"font-size: 38px; font-weight: 300;\">F\u00fcllungen <\/span><\/h3>\n<\/div><div class=\"cz_title_line cz_line_after_title\"><span>_<\/span><\/div><\/div><\/div><div class=\"cz_gap clr \" style=\"height: 35px\"><\/div>[vc_column_text]Mit F\u00fcllungen wird die verlorene Zahnstruktur ersetzt (verursacht durch Karies oder Bruch), in F\u00e4llen wenn der Defekt am Zahn nicht zu gro\u00df ist.<\/p>\n<p>Die heutzutage f\u00fcr F\u00fcllungen benutzten Materialen sind \u00e4sthetisch, haben hervorragende mechanische Eigenschaften und verbinden sich hervorragend mit der Zahnstruktur (wenn richtig benutzt).<\/p>\n<p>Die F\u00fcllungen werden so erstellt, dass sie das Aussehen des Zahns getreu wiedergeben. Das bedeutet, dass mit der F\u00fcllung jeder Knoten und jede Einsenkung wie bei einem nat\u00fcrlichen Zahn geformt wird, und der \u00dcbergang zwischen dem Zahn und der F\u00fcllung muss unerkennbar sein. An der Formung von Knoten wird nicht nur aus \u00e4sthetischen sondern auch funktionellen Gr\u00fcnden insistiert. Jede F\u00fcllung muss begr\u00fcndet getreu das Aussehen eines nat\u00fcrlichen Zahns wiedergeben. Wenn dies nicht ber\u00fccksichtigt wird, kommt es zur St\u00f6rung der nat\u00fcrlichen Aufteilung von Kr\u00e4ften beim Anbiss, was seri\u00f6se Komplikationen in der Mundh\u00f6hle verursacht. Schlechte F\u00fcllungen k\u00f6nnen auch der Grund f\u00fcr Speisereste, die zwischen den Z\u00e4hnen verbleiben, Blutung des Zahnfleisches, schlechten Mundgeruch und Entstehung von Taschen sein.[\/vc_column_text][\/vc_column][vc_column offset=&#8221;vc_col-md-6&#8243;]<div id=\"cz_107561\" class=\"cz_107561 cz_image clr cz_image_no_fx center_on_mobile\"><div class=\"cz_svg_bg\" ><div class=\"cz_image_in\"><div class=\"cz_main_image\"><img width=\"800\" height=\"510\" src=\"data:image\/svg+xml,%3Csvg%20xmlns%3D&#39;http%3A%2F%2Fwww.w3.org%2F2000%2Fsvg&#39;%20width=&#39;800&#39;%20height=&#39;510&#39;%20viewBox%3D&#39;0%200%20800%20510&#39;%2F%3E\" data-czlz data-src=\"https:\/\/cvoriscec.com\/wp-content\/uploads\/2021\/11\/ispuni.jpg\" class=\"attachment-full\" alt=\"\" title=\"Ispuni\" data-srcset=\"https:\/\/cvoriscec.com\/wp-content\/uploads\/2021\/11\/ispuni.jpg 800w, https:\/\/cvoriscec.com\/wp-content\/uploads\/2021\/11\/ispuni-300x191.jpg 300w, https:\/\/cvoriscec.com\/wp-content\/uploads\/2021\/11\/ispuni-768x490.jpg 768w, https:\/\/cvoriscec.com\/wp-content\/uploads\/2021\/11\/ispuni-600x383.jpg 600w\" data-sizes=\"(max-width: 800px) 100vw, 800px\" \/><\/div><\/div><\/div><\/div>[\/vc_column][\/vc_row]<\/p>\n","protected":false},"excerpt":{"rendered":"<p>[vc_row gap=&#8221;15&#8243; content_placement=&#8221;middle&#8221; css=&#8221;.vc_custom_1637646892597{padding-top: 30px !important;padding-bottom: 80px !important;}&#8221;][vc_column offset=&#8221;vc_col-md-6&#8243;][\/vc_column][vc_column offset=&#8221;vc_col-md-6&#8243;][vc_column_text]Heutzutage steht &#8230; <\/p>\n","protected":false},"author":1,"featured_media":0,"parent":862,"menu_order":0,"comment_status":"closed","ping_status":"closed","template":"","meta":[],"yoast_head":"<!-- This site is optimized with the Yoast SEO plugin v17.8 - https:\/\/yoast.com\/wordpress\/plugins\/seo\/ -->\n<title>\u00c4sthetische Zahnmedizin - \u010cvori\u0161\u0107ec - Ordinacija dentalne medicine<\/title>\n<meta name=\"robots\" content=\"index, follow, max-snippet:-1, max-image-preview:large, max-video-preview:-1\" \/>\n<link rel=\"canonical\" href=\"https:\/\/cvoriscec.com\/de\/dienstleistungen\/aesthetische-zahnmedizin\/\" \/>\n<meta property=\"og:locale\" content=\"de_DE\" \/>\n<meta property=\"og:type\" content=\"article\" \/>\n<meta property=\"og:title\" content=\"\u00c4sthetische Zahnmedizin - \u010cvori\u0161\u0107ec - Ordinacija dentalne medicine\" \/>\n<meta property=\"og:description\" content=\"[vc_row gap=&#8221;15&#8243; content_placement=&#8221;middle&#8221; css=&#8221;.vc_custom_1637646892597{padding-top: 30px !important;padding-bottom: 80px !important;}&#8221;][vc_column offset=&#8221;vc_col-md-6&#8243;][\/vc_column][vc_column offset=&#8221;vc_col-md-6&#8243;][vc_column_text]Heutzutage steht ...\" \/>\n<meta property=\"og:url\" content=\"https:\/\/cvoriscec.com\/de\/dienstleistungen\/aesthetische-zahnmedizin\/\" \/>\n<meta property=\"og:site_name\" content=\"\u010cvori\u0161\u0107ec - Ordinacija dentalne medicine\" \/>\n<meta property=\"article:modified_time\" content=\"2021-12-13T15:26:34+00:00\" \/>\n<meta name=\"twitter:card\" content=\"summary_large_image\" \/>\n<meta name=\"twitter:label1\" content=\"Gesch\u00e4tzte Lesezeit\" \/>\n\t<meta name=\"twitter:data1\" content=\"8\u00a0Minuten\" \/>\n<script type=\"application\/ld+json\" class=\"yoast-schema-graph\">{\"@context\":\"https:\/\/schema.org\",\"@graph\":[{\"@type\":\"WebSite\",\"@id\":\"https:\/\/cvoriscec.com\/#website\",\"url\":\"https:\/\/cvoriscec.com\/\",\"name\":\"\\u010cvori\\u0161\\u0107ec - Ordinacija dentalne medicine\",\"description\":\"\",\"potentialAction\":[{\"@type\":\"SearchAction\",\"target\":{\"@type\":\"EntryPoint\",\"urlTemplate\":\"https:\/\/cvoriscec.com\/?s={search_term_string}\"},\"query-input\":\"required name=search_term_string\"}],\"inLanguage\":\"de\"},{\"@type\":\"WebPage\",\"@id\":\"https:\/\/cvoriscec.com\/de\/dienstleistungen\/aesthetische-zahnmedizin\/#webpage\",\"url\":\"https:\/\/cvoriscec.com\/de\/dienstleistungen\/aesthetische-zahnmedizin\/\",\"name\":\"\\u00c4sthetische Zahnmedizin - \\u010cvori\\u0161\\u0107ec - Ordinacija dentalne medicine\",\"isPartOf\":{\"@id\":\"https:\/\/cvoriscec.com\/#website\"},\"datePublished\":\"2021-11-23T05:28:00+00:00\",\"dateModified\":\"2021-12-13T15:26:34+00:00\",\"breadcrumb\":{\"@id\":\"https:\/\/cvoriscec.com\/de\/dienstleistungen\/aesthetische-zahnmedizin\/#breadcrumb\"},\"inLanguage\":\"de\",\"potentialAction\":[{\"@type\":\"ReadAction\",\"target\":[\"https:\/\/cvoriscec.com\/de\/dienstleistungen\/aesthetische-zahnmedizin\/\"]}]},{\"@type\":\"BreadcrumbList\",\"@id\":\"https:\/\/cvoriscec.com\/de\/dienstleistungen\/aesthetische-zahnmedizin\/#breadcrumb\",\"itemListElement\":[{\"@type\":\"ListItem\",\"position\":1,\"name\":\"Po\\u010detna stranica\",\"item\":\"https:\/\/cvoriscec.com\/de\/\"},{\"@type\":\"ListItem\",\"position\":2,\"name\":\"Dienstleistungen\",\"item\":\"https:\/\/cvoriscec.com\/de\/dienstleistungen\/\"},{\"@type\":\"ListItem\",\"position\":3,\"name\":\"\\u00c4sthetische Zahnmedizin\"}]}]}<\/script>\n<!-- \/ Yoast SEO plugin. -->","yoast_head_json":{"title":"\u00c4sthetische Zahnmedizin - \u010cvori\u0161\u0107ec - Ordinacija dentalne medicine","robots":{"index":"index","follow":"follow","max-snippet":"max-snippet:-1","max-image-preview":"max-image-preview:large","max-video-preview":"max-video-preview:-1"},"canonical":"https:\/\/cvoriscec.com\/de\/dienstleistungen\/aesthetische-zahnmedizin\/","og_locale":"de_DE","og_type":"article","og_title":"\u00c4sthetische Zahnmedizin - \u010cvori\u0161\u0107ec - Ordinacija dentalne medicine","og_description":"[vc_row gap=&#8221;15&#8243; content_placement=&#8221;middle&#8221; css=&#8221;.vc_custom_1637646892597{padding-top: 30px !important;padding-bottom: 80px !important;}&#8221;][vc_column offset=&#8221;vc_col-md-6&#8243;][\/vc_column][vc_column offset=&#8221;vc_col-md-6&#8243;][vc_column_text]Heutzutage steht ...","og_url":"https:\/\/cvoriscec.com\/de\/dienstleistungen\/aesthetische-zahnmedizin\/","og_site_name":"\u010cvori\u0161\u0107ec - Ordinacija dentalne medicine","article_modified_time":"2021-12-13T15:26:34+00:00","twitter_card":"summary_large_image","twitter_misc":{"Gesch\u00e4tzte Lesezeit":"8\u00a0Minuten"},"schema":{"@context":"https:\/\/schema.org","@graph":[{"@type":"WebSite","@id":"https:\/\/cvoriscec.com\/#website","url":"https:\/\/cvoriscec.com\/","name":"\u010cvori\u0161\u0107ec - Ordinacija dentalne medicine","description":"","potentialAction":[{"@type":"SearchAction","target":{"@type":"EntryPoint","urlTemplate":"https:\/\/cvoriscec.com\/?s={search_term_string}"},"query-input":"required name=search_term_string"}],"inLanguage":"de"},{"@type":"WebPage","@id":"https:\/\/cvoriscec.com\/de\/dienstleistungen\/aesthetische-zahnmedizin\/#webpage","url":"https:\/\/cvoriscec.com\/de\/dienstleistungen\/aesthetische-zahnmedizin\/","name":"\u00c4sthetische Zahnmedizin - \u010cvori\u0161\u0107ec - Ordinacija dentalne medicine","isPartOf":{"@id":"https:\/\/cvoriscec.com\/#website"},"datePublished":"2021-11-23T05:28:00+00:00","dateModified":"2021-12-13T15:26:34+00:00","breadcrumb":{"@id":"https:\/\/cvoriscec.com\/de\/dienstleistungen\/aesthetische-zahnmedizin\/#breadcrumb"},"inLanguage":"de","potentialAction":[{"@type":"ReadAction","target":["https:\/\/cvoriscec.com\/de\/dienstleistungen\/aesthetische-zahnmedizin\/"]}]},{"@type":"BreadcrumbList","@id":"https:\/\/cvoriscec.com\/de\/dienstleistungen\/aesthetische-zahnmedizin\/#breadcrumb","itemListElement":[{"@type":"ListItem","position":1,"name":"Po\u010detna stranica","item":"https:\/\/cvoriscec.com\/de\/"},{"@type":"ListItem","position":2,"name":"Dienstleistungen","item":"https:\/\/cvoriscec.com\/de\/dienstleistungen\/"},{"@type":"ListItem","position":3,"name":"\u00c4sthetische Zahnmedizin"}]}]}},"_links":{"self":[{"href":"https:\/\/cvoriscec.com\/de\/wp-json\/wp\/v2\/pages\/879"}],"collection":[{"href":"https:\/\/cvoriscec.com\/de\/wp-json\/wp\/v2\/pages"}],"about":[{"href":"https:\/\/cvoriscec.com\/de\/wp-json\/wp\/v2\/types\/page"}],"author":[{"embeddable":true,"href":"https:\/\/cvoriscec.com\/de\/wp-json\/wp\/v2\/users\/1"}],"replies":[{"embeddable":true,"href":"https:\/\/cvoriscec.com\/de\/wp-json\/wp\/v2\/comments?post=879"}],"version-history":[{"count":2,"href":"https:\/\/cvoriscec.com\/de\/wp-json\/wp\/v2\/pages\/879\/revisions"}],"predecessor-version":[{"id":882,"href":"https:\/\/cvoriscec.com\/de\/wp-json\/wp\/v2\/pages\/879\/revisions\/882"}],"up":[{"embeddable":true,"href":"https:\/\/cvoriscec.com\/de\/wp-json\/wp\/v2\/pages\/862"}],"wp:attachment":[{"href":"https:\/\/cvoriscec.com\/de\/wp-json\/wp\/v2\/media?parent=879"}],"curies":[{"name":"wp","href":"https:\/\/api.w.org\/{rel}","templated":true}]}}