{"id":862,"date":"2021-11-23T05:01:20","date_gmt":"2021-11-23T05:01:20","guid":{"rendered":"https:\/\/cvoriscec.com\/services\/"},"modified":"2021-12-13T16:18:17","modified_gmt":"2021-12-13T16:18:17","slug":"dienstleistungen","status":"publish","type":"page","link":"https:\/\/cvoriscec.com\/de\/dienstleistungen\/","title":{"rendered":"Dienstleistungen"},"content":{"rendered":"<p>[vc_row][vc_column]<div class=\"cz_gap clr \" style=\"height: 50px\"><\/div>[\/vc_column][\/vc_row][vc_row][vc_column]<div class=\"cz_eqh cz_content_box_parent_fx  \"><div class=\"fx_shine_hover\"><div id=\"cz_46910\" class=\"cz_46910 cz_content_box clr cz_split_box_right\"><div class=\"cz_box_front clr\"><div class=\"cz_box_front_inner clr \"><span><\/span><div><div class=\"cz_gap clr \" style=\"height: 50px\"><\/div><div id=\"cz_16451\" class=\"cz_16451 cz_title clr cz_smart_fs cz_title_ba_line cz_title_pos_inline tac\"><div class=\"cz_title_content\"><div class=\"cz_wpe_content\"><h3 style=\"text-align: center; color: #333;\"><span style=\"font-size: 36px; font-weight: 300;\">\u00c4STHETISCHE ZAHNMEDIZIN<\/span><\/h3>\n<\/div><div class=\"cz_title_line cz_line_after_title\"><span>_<\/span><\/div><\/div><\/div><div class=\"cz_gap clr \" style=\"height: 30px\"><\/div>[vc_column_text]Umfasst Z\u00e4hnebleichen, keramische H\u00fcllen (Veneers), metallfreie Kronen und Br\u00fccken, die eine absolute Nat\u00fcrlichkeit der Farbe und Form ergeben womit eine hervorragende \u00e4sthetische Wirkung erm\u00f6glicht wird \u2026[\/vc_column_text]<div class=\"cz_gap clr \" style=\"height: 30px\"><\/div><div class=\"cz_btn_center\"><div class=\"cz_54147_p\"><a id=\"cz_54147\" class=\"cz_54147 cz_btn cz_btn_txt_no_fx cz_btn_fill_right cz_btn_icon_after\" href=\"https:\/\/cvoriscec.com\/de\/dienstleistungen\/aesthetische-zahnmedizin\/\"><span><strong>Weiterlesen<\/strong><i class=\"fa fa-long-arrow-right\"><\/i><\/span><b class=\"cz_btn_onhover\"><strong>Weiterlesen<\/strong><i class=\"fa fa-long-arrow-right\"><\/i><\/b><\/a><\/div><\/div><div class=\"cz_gap clr \" style=\"height: 50px\"><\/div><\/div><\/div><\/div><div class=\"cz_split_box\" style=\"background-image: url(https:\/\/cvoriscec.com\/wp-content\/uploads\/2021\/11\/estetska-stomatologija-2-1.jpg)\"><\/div><\/div><\/div><\/div><div class=\"cz_gap clr \" style=\"height: 50px\"><\/div><div class=\"cz_eqh cz_content_box_parent_fx  \"><div class=\"fx_shine_hover\"><div id=\"cz_88667\" class=\"cz_88667 cz_content_box clr cz_split_box_left\"><div class=\"cz_split_box\" style=\"background-image: url(https:\/\/cvoriscec.com\/wp-content\/uploads\/2021\/11\/endodoncij-2a.jpg)\"><\/div><div class=\"cz_box_front clr\"><div class=\"cz_box_front_inner clr \"><span><\/span><div><div class=\"cz_gap clr \" style=\"height: 50px\"><\/div><div id=\"cz_37637\" class=\"cz_37637 cz_title clr cz_smart_fs cz_title_ba_line cz_title_pos_inline tac\"><div class=\"cz_title_content\"><div class=\"cz_wpe_content\"><h3 style=\"text-align: center; color: #333;\"><span style=\"font-size: 36px; font-weight: 300;\">ENDODONTISCHE BEHANDLUNGEN<\/span><\/h3>\n<\/div><div class=\"cz_title_line cz_line_after_title\"><span>_<\/span><\/div><\/div><\/div><div class=\"cz_gap clr \" style=\"height: 30px\"><\/div>[vc_column_text]Die konservative Zahnbehandlung ist ein Grundeingriff deren Ziel das Bewahren des Zahns bzw. Seiner Wurzel ist. Zwecks Bef\u00f6rderung und einer bestm\u00f6glichen Leistung werden die modernsten Materiale und Ausstattung f\u00fcr endodontische Eingriffe benutzt\u2026[\/vc_column_text]<div class=\"cz_gap clr \" style=\"height: 30px\"><\/div><div class=\"cz_btn_center\"><div class=\"cz_21065_p\"><a id=\"cz_21065\" class=\"cz_21065 cz_btn cz_btn_txt_no_fx cz_btn_fill_right cz_btn_icon_after\" href=\"https:\/\/cvoriscec.com\/de\/dienstleistungen\/endodontische-behandlungen\/\"><span><strong>Weiterlesen<\/strong><i class=\"fa fa-long-arrow-right\"><\/i><\/span><b class=\"cz_btn_onhover\"><strong>Weiterlesen<\/strong><i class=\"fa fa-long-arrow-right\"><\/i><\/b><\/a><\/div><\/div><div class=\"cz_gap clr \" style=\"height: 50px\"><\/div><\/div><\/div><\/div><\/div><\/div><\/div>[\/vc_column][\/vc_row][vc_row][vc_column]<div class=\"cz_gap clr \" style=\"height: 50px\"><\/div><div class=\"cz_eqh cz_content_box_parent_fx  \"><div class=\"fx_shine_hover\"><div id=\"cz_70082\" class=\"cz_70082 cz_content_box clr cz_split_box_right\"><div class=\"cz_box_front clr\"><div class=\"cz_box_front_inner clr \"><span><\/span><div><div class=\"cz_gap clr \" style=\"height: 50px\"><\/div><div id=\"cz_70072\" class=\"cz_70072 cz_title clr cz_smart_fs cz_title_ba_line cz_title_pos_inline tac\"><div class=\"cz_title_content\"><div class=\"cz_wpe_content\"><h3 style=\"text-align: center; color: #333;\"><span style=\"font-size: 36px; font-weight: 300;\">IMPLANTATE<\/span><\/h3>\n<\/div><div class=\"cz_title_line cz_line_after_title\"><span>_<\/span><\/div><\/div><\/div><div class=\"cz_gap clr \" style=\"height: 30px\"><\/div>[vc_column_text]Titaners\u00e4tze die Wurzel des fehlenden Zahns ersetzen. Implantate werden nicht nur beim Verlust eines Zahns, sondern bei v\u00f6llig zahnlosen Kiefern benutzt, wo sie als Kronentr\u00e4ger oder Verankerung von ganzen Prothesen benutzt werden. Es gibt zahlreiche Indikationen f\u00fcr Implantate\u2026[\/vc_column_text]<div class=\"cz_gap clr \" style=\"height: 30px\"><\/div><div class=\"cz_btn_center\"><div class=\"cz_20809_p\"><a id=\"cz_20809\" class=\"cz_20809 cz_btn cz_btn_txt_no_fx cz_btn_fill_right cz_btn_icon_after\" href=\"https:\/\/cvoriscec.com\/de\/dienstleistungen\/implantate\/\"><span><strong>Weiterlesen<\/strong><i class=\"fa fa-long-arrow-right\"><\/i><\/span><b class=\"cz_btn_onhover\"><strong>Weiterlesen<\/strong><i class=\"fa fa-long-arrow-right\"><\/i><\/b><\/a><\/div><\/div><div class=\"cz_gap clr \" style=\"height: 50px\"><\/div><\/div><\/div><\/div><div class=\"cz_split_box\" style=\"background-image: url(https:\/\/cvoriscec.com\/wp-content\/uploads\/2021\/11\/implantologija.jpg)\"><\/div><\/div><\/div><\/div>[\/vc_column][\/vc_row][vc_row][vc_column]<div class=\"cz_gap clr \" style=\"height: 50px\"><\/div>[\/vc_column][\/vc_row]<\/p>\n","protected":false},"excerpt":{"rendered":"<p>[vc_row][vc_column][\/vc_column][\/vc_row][vc_row][vc_column][\/vc_column][\/vc_row][vc_row][vc_column][\/vc_column][\/vc_row][vc_row][vc_column][\/vc_column][\/vc_row] &#8230; <\/p>\n","protected":false},"author":1,"featured_media":0,"parent":0,"menu_order":0,"comment_status":"closed","ping_status":"closed","template":"","meta":[],"yoast_head":"<!-- This site is optimized with the Yoast SEO plugin v17.8 - https:\/\/yoast.com\/wordpress\/plugins\/seo\/ -->\n<title>Dienstleistungen - \u010cvori\u0161\u0107ec - Ordinacija dentalne medicine<\/title>\n<meta name=\"robots\" content=\"index, follow, max-snippet:-1, max-image-preview:large, max-video-preview:-1\" \/>\n<link rel=\"canonical\" href=\"https:\/\/cvoriscec.com\/de\/dienstleistungen\/\" \/>\n<meta property=\"og:locale\" content=\"de_DE\" \/>\n<meta property=\"og:type\" content=\"article\" \/>\n<meta property=\"og:title\" content=\"Dienstleistungen - \u010cvori\u0161\u0107ec - Ordinacija dentalne medicine\" \/>\n<meta property=\"og:description\" content=\"[vc_row][vc_column][\/vc_column][\/vc_row][vc_row][vc_column][\/vc_column][\/vc_row][vc_row][vc_column][\/vc_column][\/vc_row][vc_row][vc_column][\/vc_column][\/vc_row] ...\" \/>\n<meta property=\"og:url\" content=\"https:\/\/cvoriscec.com\/de\/dienstleistungen\/\" \/>\n<meta property=\"og:site_name\" content=\"\u010cvori\u0161\u0107ec - Ordinacija dentalne medicine\" \/>\n<meta property=\"article:modified_time\" content=\"2021-12-13T16:18:17+00:00\" \/>\n<meta name=\"twitter:card\" content=\"summary_large_image\" \/>\n<meta name=\"twitter:label1\" content=\"Gesch\u00e4tzte Lesezeit\" \/>\n\t<meta name=\"twitter:data1\" content=\"3\u00a0Minuten\" \/>\n<script type=\"application\/ld+json\" class=\"yoast-schema-graph\">{\"@context\":\"https:\/\/schema.org\",\"@graph\":[{\"@type\":\"WebSite\",\"@id\":\"https:\/\/cvoriscec.com\/#website\",\"url\":\"https:\/\/cvoriscec.com\/\",\"name\":\"\\u010cvori\\u0161\\u0107ec - Ordinacija dentalne medicine\",\"description\":\"\",\"potentialAction\":[{\"@type\":\"SearchAction\",\"target\":{\"@type\":\"EntryPoint\",\"urlTemplate\":\"https:\/\/cvoriscec.com\/?s={search_term_string}\"},\"query-input\":\"required name=search_term_string\"}],\"inLanguage\":\"de\"},{\"@type\":\"WebPage\",\"@id\":\"https:\/\/cvoriscec.com\/de\/dienstleistungen\/#webpage\",\"url\":\"https:\/\/cvoriscec.com\/de\/dienstleistungen\/\",\"name\":\"Dienstleistungen - \\u010cvori\\u0161\\u0107ec - Ordinacija dentalne medicine\",\"isPartOf\":{\"@id\":\"https:\/\/cvoriscec.com\/#website\"},\"datePublished\":\"2021-11-23T05:01:20+00:00\",\"dateModified\":\"2021-12-13T16:18:17+00:00\",\"breadcrumb\":{\"@id\":\"https:\/\/cvoriscec.com\/de\/dienstleistungen\/#breadcrumb\"},\"inLanguage\":\"de\",\"potentialAction\":[{\"@type\":\"ReadAction\",\"target\":[\"https:\/\/cvoriscec.com\/de\/dienstleistungen\/\"]}]},{\"@type\":\"BreadcrumbList\",\"@id\":\"https:\/\/cvoriscec.com\/de\/dienstleistungen\/#breadcrumb\",\"itemListElement\":[{\"@type\":\"ListItem\",\"position\":1,\"name\":\"Po\\u010detna stranica\",\"item\":\"https:\/\/cvoriscec.com\/de\/\"},{\"@type\":\"ListItem\",\"position\":2,\"name\":\"Dienstleistungen\"}]}]}<\/script>\n<!-- \/ Yoast SEO plugin. -->","yoast_head_json":{"title":"Dienstleistungen - \u010cvori\u0161\u0107ec - Ordinacija dentalne medicine","robots":{"index":"index","follow":"follow","max-snippet":"max-snippet:-1","max-image-preview":"max-image-preview:large","max-video-preview":"max-video-preview:-1"},"canonical":"https:\/\/cvoriscec.com\/de\/dienstleistungen\/","og_locale":"de_DE","og_type":"article","og_title":"Dienstleistungen - \u010cvori\u0161\u0107ec - Ordinacija dentalne medicine","og_description":"[vc_row][vc_column][\/vc_column][\/vc_row][vc_row][vc_column][\/vc_column][\/vc_row][vc_row][vc_column][\/vc_column][\/vc_row][vc_row][vc_column][\/vc_column][\/vc_row] ...","og_url":"https:\/\/cvoriscec.com\/de\/dienstleistungen\/","og_site_name":"\u010cvori\u0161\u0107ec - Ordinacija dentalne medicine","article_modified_time":"2021-12-13T16:18:17+00:00","twitter_card":"summary_large_image","twitter_misc":{"Gesch\u00e4tzte Lesezeit":"3\u00a0Minuten"},"schema":{"@context":"https:\/\/schema.org","@graph":[{"@type":"WebSite","@id":"https:\/\/cvoriscec.com\/#website","url":"https:\/\/cvoriscec.com\/","name":"\u010cvori\u0161\u0107ec - Ordinacija dentalne medicine","description":"","potentialAction":[{"@type":"SearchAction","target":{"@type":"EntryPoint","urlTemplate":"https:\/\/cvoriscec.com\/?s={search_term_string}"},"query-input":"required name=search_term_string"}],"inLanguage":"de"},{"@type":"WebPage","@id":"https:\/\/cvoriscec.com\/de\/dienstleistungen\/#webpage","url":"https:\/\/cvoriscec.com\/de\/dienstleistungen\/","name":"Dienstleistungen - \u010cvori\u0161\u0107ec - Ordinacija dentalne medicine","isPartOf":{"@id":"https:\/\/cvoriscec.com\/#website"},"datePublished":"2021-11-23T05:01:20+00:00","dateModified":"2021-12-13T16:18:17+00:00","breadcrumb":{"@id":"https:\/\/cvoriscec.com\/de\/dienstleistungen\/#breadcrumb"},"inLanguage":"de","potentialAction":[{"@type":"ReadAction","target":["https:\/\/cvoriscec.com\/de\/dienstleistungen\/"]}]},{"@type":"BreadcrumbList","@id":"https:\/\/cvoriscec.com\/de\/dienstleistungen\/#breadcrumb","itemListElement":[{"@type":"ListItem","position":1,"name":"Po\u010detna stranica","item":"https:\/\/cvoriscec.com\/de\/"},{"@type":"ListItem","position":2,"name":"Dienstleistungen"}]}]}},"_links":{"self":[{"href":"https:\/\/cvoriscec.com\/de\/wp-json\/wp\/v2\/pages\/862"}],"collection":[{"href":"https:\/\/cvoriscec.com\/de\/wp-json\/wp\/v2\/pages"}],"about":[{"href":"https:\/\/cvoriscec.com\/de\/wp-json\/wp\/v2\/types\/page"}],"author":[{"embeddable":true,"href":"https:\/\/cvoriscec.com\/de\/wp-json\/wp\/v2\/users\/1"}],"replies":[{"embeddable":true,"href":"https:\/\/cvoriscec.com\/de\/wp-json\/wp\/v2\/comments?post=862"}],"version-history":[{"count":2,"href":"https:\/\/cvoriscec.com\/de\/wp-json\/wp\/v2\/pages\/862\/revisions"}],"predecessor-version":[{"id":951,"href":"https:\/\/cvoriscec.com\/de\/wp-json\/wp\/v2\/pages\/862\/revisions\/951"}],"wp:attachment":[{"href":"https:\/\/cvoriscec.com\/de\/wp-json\/wp\/v2\/media?parent=862"}],"curies":[{"name":"wp","href":"https:\/\/api.w.org\/{rel}","templated":true}]}}