{"id":848,"date":"2021-02-23T08:52:48","date_gmt":"2021-02-23T08:52:48","guid":{"rendered":"https:\/\/cvoriscec.com\/o-nama\/"},"modified":"2021-12-13T14:47:58","modified_gmt":"2021-12-13T14:47:58","slug":"ueber-uns","status":"publish","type":"page","link":"https:\/\/cvoriscec.com\/de\/ueber-uns\/","title":{"rendered":"\u00dcber uns"},"content":{"rendered":"<p>[vc_row full_width=&#8221;stretch_row&#8221; content_placement=&#8221;middle&#8221; css=&#8221;.vc_custom_1637588011050{padding-top: 60px !important;padding-bottom: 80px !important;background-color: #ffffff !important;}&#8221;][vc_column offset=&#8221;vc_col-lg-6 vc_col-md-6&#8243;]<div id=\"cz_97292\" class=\"cz_97292 cz_title clr cz_title_pos_inline\"><div class=\"cz_title_content\"><span class=\"cz_line_side_solo\">_<\/span><div class=\"cz_wpe_content\"><h2 style=\"text-align: left; font-weight: 300; font-size: 40px;\">mr.sc. <span style=\"color: #8eb1ba;\">\u010cvori\u0161\u0107ec<\/span> dr.med.dent.<\/h2>\n<h3 style=\"text-align: left;\"><span style=\"color: #999999; font-size: 30px; font-weight: 300;\">Die Zahnarztpraxis<\/span><\/h3>\n<\/div><\/div><\/div><div class=\"cz_gap clr \" style=\"height: 30px\"><\/div>[vc_column_text]Die Zahnarztpraxis mr.sc.\u010cvori\u0161\u0107ec dr.med.dent. wurde 1998 registriert. Seit 2012 sind wir in einem neuen, gr\u00f6\u00dferen Raum mit zwei Praxis t\u00e4tig, an der Adresse ULICA GRADA MAINZA 28.<\/p>\n<p>Die Mitarbeiter bilden sich ununterbrochen weiter und wenden die neuesten Therapiemethoden und Technologien aus dem Gebiet der Zahnmedizin an. <\/p>\n<p>Die Praxis ist mit modernster und weltweit bekannter Ausstattung ausgestattet.[\/vc_column_text]<div class=\"cz_btn_center\"><div class=\"cz_47433_p\"><a id=\"cz_47433\" class=\"cz_47433 cz_btn cz_btn_txt_no_fx cz_btn_fill_right cz_btn_icon_after\" href=\"https:\/\/cvoriscec.com\/ordinacija\/\"><span><strong>Die Praxis<\/strong><i class=\"fa fa-long-arrow-right\"><\/i><\/span><b class=\"cz_btn_onhover\"><strong>Die Praxis<\/strong><i class=\"fa fa-long-arrow-right\"><\/i><\/b><\/a><\/div><\/div>[\/vc_column][vc_column offset=&#8221;vc_col-lg-6 vc_col-md-6&#8243;]<div id=\"cz_38101\" class=\"cz_grid_p cz_38101\"><div class=\"cz_grid cz_grid_1 clr cz_metro_8 cz_grid_c4 cz_grid_1_no_title cz_grid_1_mid tac cz_grid_overlay_15px cz_grid_two_columns_on_mobile\"><div class=\"cz_grid_item cz_grid_first\"><\/div><div class=\"cz_grid_item \"><div><a class=\"cz_grid_link \" href=\"https:\/\/cvoriscec.com\/wp-content\/uploads\/2021\/11\/cvoriscec-ordinacija-dentalne-medicine-1.jpg\" data-xtra-lightbox data-xtra-lightbox><img width=\"600\" height=\"600\" src=\"data:image\/svg+xml,%3Csvg%20xmlns%3D&#39;http%3A%2F%2Fwww.w3.org%2F2000%2Fsvg&#39;%20width=&#39;600&#39;%20height=&#39;600&#39;%20viewBox%3D&#39;0%200%20600%20600&#39;%2F%3E\" data-czlz data-src=\"https:\/\/cvoriscec.com\/wp-content\/uploads\/2021\/11\/cvoriscec-ordinacija-dentalne-medicine-1-600x600.jpg\" class=\"attachment-codevz_600_600\" alt=\"\" title=\"\u010cvori\u0161\u0107ec - Ordinacija dentalne medicine\" data-srcset=\"https:\/\/cvoriscec.com\/wp-content\/uploads\/2021\/11\/cvoriscec-ordinacija-dentalne-medicine-1-600x600.jpg 600w, https:\/\/cvoriscec.com\/wp-content\/uploads\/2021\/11\/cvoriscec-ordinacija-dentalne-medicine-1-150x150.jpg 150w\" data-sizes=\"(max-width: 600px) 100vw, 600px\" \/><div class=\"cz_grid_details\"><i class=\"fa fa-search cz_grid_icon\"><\/i><\/div><\/a><\/div><\/div><div class=\"cz_grid_item \"><div><a class=\"cz_grid_link \" href=\"https:\/\/cvoriscec.com\/wp-content\/uploads\/2021\/11\/cvoriscec-ordinacija-dentalne-medicine-5.jpg\" data-xtra-lightbox data-xtra-lightbox><img width=\"600\" height=\"600\" src=\"data:image\/svg+xml,%3Csvg%20xmlns%3D&#39;http%3A%2F%2Fwww.w3.org%2F2000%2Fsvg&#39;%20width=&#39;600&#39;%20height=&#39;600&#39;%20viewBox%3D&#39;0%200%20600%20600&#39;%2F%3E\" data-czlz data-src=\"https:\/\/cvoriscec.com\/wp-content\/uploads\/2021\/11\/cvoriscec-ordinacija-dentalne-medicine-5-600x600.jpg\" class=\"attachment-codevz_600_600\" alt=\"\" title=\"\u010cvori\u0161\u0107ec - Ordinacija dentalne medicine\" data-srcset=\"https:\/\/cvoriscec.com\/wp-content\/uploads\/2021\/11\/cvoriscec-ordinacija-dentalne-medicine-5-600x600.jpg 600w, https:\/\/cvoriscec.com\/wp-content\/uploads\/2021\/11\/cvoriscec-ordinacija-dentalne-medicine-5-150x150.jpg 150w\" data-sizes=\"(max-width: 600px) 100vw, 600px\" \/><div class=\"cz_grid_details\"><i class=\"fa fa-search cz_grid_icon\"><\/i><\/div><\/a><\/div><\/div><div class=\"cz_grid_item \"><div><a class=\"cz_grid_link \" href=\"https:\/\/cvoriscec.com\/wp-content\/uploads\/2021\/11\/cvoriscec-ordinacija-dentalne-medicine-11.jpg\" data-xtra-lightbox data-xtra-lightbox><img width=\"600\" height=\"600\" src=\"data:image\/svg+xml,%3Csvg%20xmlns%3D&#39;http%3A%2F%2Fwww.w3.org%2F2000%2Fsvg&#39;%20width=&#39;600&#39;%20height=&#39;600&#39;%20viewBox%3D&#39;0%200%20600%20600&#39;%2F%3E\" data-czlz data-src=\"https:\/\/cvoriscec.com\/wp-content\/uploads\/2021\/11\/cvoriscec-ordinacija-dentalne-medicine-11-600x600.jpg\" class=\"attachment-codevz_600_600\" alt=\"\" title=\"\u010cvori\u0161\u0107ec - Ordinacija dentalne medicine\" data-srcset=\"https:\/\/cvoriscec.com\/wp-content\/uploads\/2021\/11\/cvoriscec-ordinacija-dentalne-medicine-11-600x600.jpg 600w, https:\/\/cvoriscec.com\/wp-content\/uploads\/2021\/11\/cvoriscec-ordinacija-dentalne-medicine-11-150x150.jpg 150w\" data-sizes=\"(max-width: 600px) 100vw, 600px\" \/><div class=\"cz_grid_details\"><i class=\"fa fa-search cz_grid_icon\"><\/i><\/div><\/a><\/div><\/div><div class=\"cz_grid_item \"><div><a class=\"cz_grid_link \" href=\"https:\/\/cvoriscec.com\/wp-content\/uploads\/2021\/11\/cvoriscec-ordinacija-dentalne-medicine-13.jpg\" data-xtra-lightbox data-xtra-lightbox><img width=\"600\" height=\"600\" src=\"data:image\/svg+xml,%3Csvg%20xmlns%3D&#39;http%3A%2F%2Fwww.w3.org%2F2000%2Fsvg&#39;%20width=&#39;600&#39;%20height=&#39;600&#39;%20viewBox%3D&#39;0%200%20600%20600&#39;%2F%3E\" data-czlz data-src=\"https:\/\/cvoriscec.com\/wp-content\/uploads\/2021\/11\/cvoriscec-ordinacija-dentalne-medicine-13-600x600.jpg\" class=\"attachment-codevz_600_600\" alt=\"\" title=\"\u010cvori\u0161\u0107ec - Ordinacija dentalne medicine\" data-srcset=\"https:\/\/cvoriscec.com\/wp-content\/uploads\/2021\/11\/cvoriscec-ordinacija-dentalne-medicine-13-600x600.jpg 600w, https:\/\/cvoriscec.com\/wp-content\/uploads\/2021\/11\/cvoriscec-ordinacija-dentalne-medicine-13-150x150.jpg 150w\" data-sizes=\"(max-width: 600px) 100vw, 600px\" \/><div class=\"cz_grid_details\"><i class=\"fa fa-search cz_grid_icon\"><\/i><\/div><\/a><\/div><\/div><div class=\"cz_grid_item \"><div><a class=\"cz_grid_link \" href=\"https:\/\/cvoriscec.com\/wp-content\/uploads\/2021\/11\/cvoriscec-ordinacija-dentalne-medicine-15.jpg\" data-xtra-lightbox data-xtra-lightbox><img width=\"600\" height=\"600\" src=\"data:image\/svg+xml,%3Csvg%20xmlns%3D&#39;http%3A%2F%2Fwww.w3.org%2F2000%2Fsvg&#39;%20width=&#39;600&#39;%20height=&#39;600&#39;%20viewBox%3D&#39;0%200%20600%20600&#39;%2F%3E\" data-czlz data-src=\"https:\/\/cvoriscec.com\/wp-content\/uploads\/2021\/11\/cvoriscec-ordinacija-dentalne-medicine-15-600x600.jpg\" class=\"attachment-codevz_600_600\" alt=\"\" title=\"\u010cvori\u0161\u0107ec - Ordinacija dentalne medicine\" data-srcset=\"https:\/\/cvoriscec.com\/wp-content\/uploads\/2021\/11\/cvoriscec-ordinacija-dentalne-medicine-15-600x600.jpg 600w, https:\/\/cvoriscec.com\/wp-content\/uploads\/2021\/11\/cvoriscec-ordinacija-dentalne-medicine-15-150x150.jpg 150w\" data-sizes=\"(max-width: 600px) 100vw, 600px\" \/><div class=\"cz_grid_details\"><i class=\"fa fa-search cz_grid_icon\"><\/i><\/div><\/a><\/div><\/div><div class=\"cz_grid_item \"><div><a class=\"cz_grid_link \" href=\"https:\/\/cvoriscec.com\/wp-content\/uploads\/2021\/11\/cvoriscec-ordinacija-dentalne-medicine-16.jpg\" data-xtra-lightbox data-xtra-lightbox><img width=\"600\" height=\"600\" src=\"data:image\/svg+xml,%3Csvg%20xmlns%3D&#39;http%3A%2F%2Fwww.w3.org%2F2000%2Fsvg&#39;%20width=&#39;600&#39;%20height=&#39;600&#39;%20viewBox%3D&#39;0%200%20600%20600&#39;%2F%3E\" data-czlz data-src=\"https:\/\/cvoriscec.com\/wp-content\/uploads\/2021\/11\/cvoriscec-ordinacija-dentalne-medicine-16-600x600.jpg\" class=\"attachment-codevz_600_600\" alt=\"\" title=\"\u010cvori\u0161\u0107ec - Ordinacija dentalne medicine\" data-srcset=\"https:\/\/cvoriscec.com\/wp-content\/uploads\/2021\/11\/cvoriscec-ordinacija-dentalne-medicine-16-600x600.jpg 600w, https:\/\/cvoriscec.com\/wp-content\/uploads\/2021\/11\/cvoriscec-ordinacija-dentalne-medicine-16-150x150.jpg 150w\" data-sizes=\"(max-width: 600px) 100vw, 600px\" \/><div class=\"cz_grid_details\"><i class=\"fa fa-search cz_grid_icon\"><\/i><\/div><\/a><\/div><\/div><\/div><\/div>[\/vc_column][\/vc_row][vc_row full_width=&#8221;stretch_row&#8221; content_placement=&#8221;middle&#8221; css=&#8221;.vc_custom_1637588020716{padding-top: 80px !important;padding-bottom: 80px !important;background-color: #eaeaea !important;}&#8221;][vc_column width=&#8221;1\/2&#8243;]<div id=\"cz_17224\" class=\"cz_grid_p cz_17224\"><div class=\"cz_grid cz_grid_1 clr cz_metro_8 cz_grid_c4 cz_grid_1_no_title cz_grid_1_mid tac cz_grid_overlay_15px cz_grid_two_columns_on_mobile\"><div class=\"cz_grid_item cz_grid_first\"><\/div><div class=\"cz_grid_item \"><div><a class=\"cz_grid_link \" href=\"https:\/\/cvoriscec.com\/wp-content\/uploads\/2021\/11\/cvoriscec-ordinacija-dentalne-medicine-17.jpg\" data-xtra-lightbox data-xtra-lightbox><img width=\"600\" height=\"600\" src=\"data:image\/svg+xml,%3Csvg%20xmlns%3D&#39;http%3A%2F%2Fwww.w3.org%2F2000%2Fsvg&#39;%20width=&#39;600&#39;%20height=&#39;600&#39;%20viewBox%3D&#39;0%200%20600%20600&#39;%2F%3E\" data-czlz data-src=\"https:\/\/cvoriscec.com\/wp-content\/uploads\/2021\/11\/cvoriscec-ordinacija-dentalne-medicine-17-600x600.jpg\" class=\"attachment-codevz_600_600\" alt=\"\" title=\"\u010cvori\u0161\u0107ec - Ordinacija dentalne medicine\" data-srcset=\"https:\/\/cvoriscec.com\/wp-content\/uploads\/2021\/11\/cvoriscec-ordinacija-dentalne-medicine-17-600x600.jpg 600w, https:\/\/cvoriscec.com\/wp-content\/uploads\/2021\/11\/cvoriscec-ordinacija-dentalne-medicine-17-150x150.jpg 150w\" data-sizes=\"(max-width: 600px) 100vw, 600px\" \/><div class=\"cz_grid_details\"><i class=\"fa fa-search cz_grid_icon\"><\/i><\/div><\/a><\/div><\/div><div class=\"cz_grid_item \"><div><a class=\"cz_grid_link \" href=\"https:\/\/cvoriscec.com\/wp-content\/uploads\/2021\/11\/cvoriscec-ordinacija-dentalne-medicine-18.jpg\" data-xtra-lightbox data-xtra-lightbox><img width=\"600\" height=\"600\" src=\"data:image\/svg+xml,%3Csvg%20xmlns%3D&#39;http%3A%2F%2Fwww.w3.org%2F2000%2Fsvg&#39;%20width=&#39;600&#39;%20height=&#39;600&#39;%20viewBox%3D&#39;0%200%20600%20600&#39;%2F%3E\" data-czlz data-src=\"https:\/\/cvoriscec.com\/wp-content\/uploads\/2021\/11\/cvoriscec-ordinacija-dentalne-medicine-18-600x600.jpg\" class=\"attachment-codevz_600_600\" alt=\"\" title=\"\u010cvori\u0161\u0107ec - Ordinacija dentalne medicine\" data-srcset=\"https:\/\/cvoriscec.com\/wp-content\/uploads\/2021\/11\/cvoriscec-ordinacija-dentalne-medicine-18-600x600.jpg 600w, https:\/\/cvoriscec.com\/wp-content\/uploads\/2021\/11\/cvoriscec-ordinacija-dentalne-medicine-18-150x150.jpg 150w\" data-sizes=\"(max-width: 600px) 100vw, 600px\" \/><div class=\"cz_grid_details\"><i class=\"fa fa-search cz_grid_icon\"><\/i><\/div><\/a><\/div><\/div><div class=\"cz_grid_item \"><div><a class=\"cz_grid_link \" href=\"https:\/\/cvoriscec.com\/wp-content\/uploads\/2021\/11\/cvoriscec-ordinacija-dentalne-medicine-19.jpg\" data-xtra-lightbox data-xtra-lightbox><img width=\"600\" height=\"600\" src=\"data:image\/svg+xml,%3Csvg%20xmlns%3D&#39;http%3A%2F%2Fwww.w3.org%2F2000%2Fsvg&#39;%20width=&#39;600&#39;%20height=&#39;600&#39;%20viewBox%3D&#39;0%200%20600%20600&#39;%2F%3E\" data-czlz data-src=\"https:\/\/cvoriscec.com\/wp-content\/uploads\/2021\/11\/cvoriscec-ordinacija-dentalne-medicine-19-600x600.jpg\" class=\"attachment-codevz_600_600\" alt=\"\" title=\"\u010cvori\u0161\u0107ec - Ordinacija dentalne medicine\" data-srcset=\"https:\/\/cvoriscec.com\/wp-content\/uploads\/2021\/11\/cvoriscec-ordinacija-dentalne-medicine-19-600x600.jpg 600w, https:\/\/cvoriscec.com\/wp-content\/uploads\/2021\/11\/cvoriscec-ordinacija-dentalne-medicine-19-150x150.jpg 150w\" data-sizes=\"(max-width: 600px) 100vw, 600px\" \/><div class=\"cz_grid_details\"><i class=\"fa fa-search cz_grid_icon\"><\/i><\/div><\/a><\/div><\/div><div class=\"cz_grid_item \"><div><a class=\"cz_grid_link \" href=\"https:\/\/cvoriscec.com\/wp-content\/uploads\/2021\/11\/cvoriscec-ordinacija-dentalne-medicine-6.jpg\" data-xtra-lightbox data-xtra-lightbox><img width=\"600\" height=\"600\" src=\"data:image\/svg+xml,%3Csvg%20xmlns%3D&#39;http%3A%2F%2Fwww.w3.org%2F2000%2Fsvg&#39;%20width=&#39;600&#39;%20height=&#39;600&#39;%20viewBox%3D&#39;0%200%20600%20600&#39;%2F%3E\" data-czlz data-src=\"https:\/\/cvoriscec.com\/wp-content\/uploads\/2021\/11\/cvoriscec-ordinacija-dentalne-medicine-6-600x600.jpg\" class=\"attachment-codevz_600_600\" alt=\"\" title=\"\u010cvori\u0161\u0107ec - Ordinacija dentalne medicine\" data-srcset=\"https:\/\/cvoriscec.com\/wp-content\/uploads\/2021\/11\/cvoriscec-ordinacija-dentalne-medicine-6-600x600.jpg 600w, https:\/\/cvoriscec.com\/wp-content\/uploads\/2021\/11\/cvoriscec-ordinacija-dentalne-medicine-6-150x150.jpg 150w\" data-sizes=\"(max-width: 600px) 100vw, 600px\" \/><div class=\"cz_grid_details\"><i class=\"fa fa-search cz_grid_icon\"><\/i><\/div><\/a><\/div><\/div><div class=\"cz_grid_item \"><div><a class=\"cz_grid_link \" href=\"https:\/\/cvoriscec.com\/wp-content\/uploads\/2021\/11\/cvoriscec-ordinacija-dentalne-medicine-14.jpg\" data-xtra-lightbox data-xtra-lightbox><img width=\"600\" height=\"600\" src=\"data:image\/svg+xml,%3Csvg%20xmlns%3D&#39;http%3A%2F%2Fwww.w3.org%2F2000%2Fsvg&#39;%20width=&#39;600&#39;%20height=&#39;600&#39;%20viewBox%3D&#39;0%200%20600%20600&#39;%2F%3E\" data-czlz data-src=\"https:\/\/cvoriscec.com\/wp-content\/uploads\/2021\/11\/cvoriscec-ordinacija-dentalne-medicine-14-600x600.jpg\" class=\"attachment-codevz_600_600\" alt=\"\" title=\"\u010cvori\u0161\u0107ec - Ordinacija dentalne medicine\" data-srcset=\"https:\/\/cvoriscec.com\/wp-content\/uploads\/2021\/11\/cvoriscec-ordinacija-dentalne-medicine-14-600x600.jpg 600w, https:\/\/cvoriscec.com\/wp-content\/uploads\/2021\/11\/cvoriscec-ordinacija-dentalne-medicine-14-150x150.jpg 150w\" data-sizes=\"(max-width: 600px) 100vw, 600px\" \/><div class=\"cz_grid_details\"><i class=\"fa fa-search cz_grid_icon\"><\/i><\/div><\/a><\/div><\/div><div class=\"cz_grid_item \"><div><a class=\"cz_grid_link \" href=\"https:\/\/cvoriscec.com\/wp-content\/uploads\/2021\/11\/cvoriscec-ordinacija-dentalne-medicine-9.jpg\" data-xtra-lightbox data-xtra-lightbox><img width=\"600\" height=\"600\" src=\"data:image\/svg+xml,%3Csvg%20xmlns%3D&#39;http%3A%2F%2Fwww.w3.org%2F2000%2Fsvg&#39;%20width=&#39;600&#39;%20height=&#39;600&#39;%20viewBox%3D&#39;0%200%20600%20600&#39;%2F%3E\" data-czlz data-src=\"https:\/\/cvoriscec.com\/wp-content\/uploads\/2021\/11\/cvoriscec-ordinacija-dentalne-medicine-9-600x600.jpg\" class=\"attachment-codevz_600_600\" alt=\"\" title=\"\u010cvori\u0161\u0107ec - Ordinacija dentalne medicine\" data-srcset=\"https:\/\/cvoriscec.com\/wp-content\/uploads\/2021\/11\/cvoriscec-ordinacija-dentalne-medicine-9-600x600.jpg 600w, https:\/\/cvoriscec.com\/wp-content\/uploads\/2021\/11\/cvoriscec-ordinacija-dentalne-medicine-9-150x150.jpg 150w\" data-sizes=\"(max-width: 600px) 100vw, 600px\" \/><div class=\"cz_grid_details\"><i class=\"fa fa-search cz_grid_icon\"><\/i><\/div><\/a><\/div><\/div><\/div><\/div>[\/vc_column][vc_column width=&#8221;1\/2&#8243;][vc_column_text]Unser zahn\u00e4rztliches Team wird von Herrn Dr. SC. Zoran \u010cvori\u0161\u0107ec dr. med. dent., geboren am 21.September 1965 in Zagreb.<\/p>\n<ul>\n<li>In 1985 wurde er an die Stomatologische Fakult\u00e4t in Zagreb immatrikuliert und diplomierte in 1991 mit dem Thema \u201eKlassifizierung von parodontischen Krankheiten\u201c.<\/li>\n<li>In 1992 begann er an der Stomatologischen Poliklinik \u201eZagreb\u201c in Zagreb zu arbeiten, wo er bis 1995 blieb. Zwischen 1995 bis 1998 arbeitete er im Gesundheitszentrum \u201eCentar\u201c in Zagreb. 1998 begann er in der privaten Zahnarztpraxis dr. \u010cvori\u0161\u0107ec zu arbeiten, die in 2012 an die neue Adresse Ulica Grada Mainza 28 \u00fcbersiedelte.<\/li>\n<li>Im Jahr 2004 hat er das Aufbaustudium aus \u201eParodontologie\u201c, mit dem Thema \u201eParodontischer Status von Asthmapatienten \u201c abgeschlossen.<\/li>\n<li>Im Jahr 1999 besuchte er den theoretischen und praktischen Kurs \u00fcber neue Materiale (Targis\/Vectris Ceromer-FRC Technologie, IPS Empress2) in Schaan (Liechtenstein).<\/li>\n<li>Im Jahr 2006 hat er den Kurs aus prothetischem und chirurgischem Teil der Implantologie Astra-TECH abgeschlossen.<\/li>\n<li>In 2006 nahm er aktiv am Kongress Europerio 5 mit dem Thema \u201ePeriodontal status of asthma patients \u201cin Madrid teil.<\/li>\n<li>Er bildet sich an verschiedenen Fachkongressen und Kursen ununterbrochen weiter.<\/li>\n<li>Er ist Mitglied des Kroatischen \u00c4rztevereins, der Kroatischen parodontologischen Gesellschaft und der Kroatischen Kammer der Dentalmedizin.<\/li>\n<\/ul>\n<p>[\/vc_column_text][\/vc_column][\/vc_row]<\/p>\n","protected":false},"excerpt":{"rendered":"<p>[vc_row full_width=&#8221;stretch_row&#8221; content_placement=&#8221;middle&#8221; css=&#8221;.vc_custom_1637588011050{padding-top: 60px !important;padding-bottom: 80px !important;background-color: #ffffff !important;}&#8221;][vc_column offset=&#8221;vc_col-lg-6 &#8230; <\/p>\n","protected":false},"author":1,"featured_media":0,"parent":0,"menu_order":0,"comment_status":"closed","ping_status":"closed","template":"","meta":[],"yoast_head":"<!-- This site is optimized with the Yoast SEO plugin v17.8 - https:\/\/yoast.com\/wordpress\/plugins\/seo\/ -->\n<title>\u00dcber uns - \u010cvori\u0161\u0107ec - Ordinacija dentalne medicine<\/title>\n<meta name=\"robots\" content=\"index, follow, max-snippet:-1, max-image-preview:large, max-video-preview:-1\" \/>\n<link rel=\"canonical\" href=\"https:\/\/cvoriscec.com\/de\/ueber-uns\/\" \/>\n<meta property=\"og:locale\" content=\"de_DE\" \/>\n<meta property=\"og:type\" content=\"article\" \/>\n<meta property=\"og:title\" content=\"\u00dcber uns - \u010cvori\u0161\u0107ec - Ordinacija dentalne medicine\" \/>\n<meta property=\"og:description\" content=\"[vc_row full_width=&#8221;stretch_row&#8221; content_placement=&#8221;middle&#8221; css=&#8221;.vc_custom_1637588011050{padding-top: 60px !important;padding-bottom: 80px !important;background-color: #ffffff !important;}&#8221;][vc_column offset=&#8221;vc_col-lg-6 ...\" \/>\n<meta property=\"og:url\" content=\"https:\/\/cvoriscec.com\/de\/ueber-uns\/\" \/>\n<meta property=\"og:site_name\" content=\"\u010cvori\u0161\u0107ec - Ordinacija dentalne medicine\" \/>\n<meta property=\"article:modified_time\" content=\"2021-12-13T14:47:58+00:00\" \/>\n<meta name=\"twitter:card\" content=\"summary_large_image\" \/>\n<meta name=\"twitter:label1\" content=\"Gesch\u00e4tzte Lesezeit\" \/>\n\t<meta name=\"twitter:data1\" content=\"2\u00a0Minuten\" \/>\n<script type=\"application\/ld+json\" class=\"yoast-schema-graph\">{\"@context\":\"https:\/\/schema.org\",\"@graph\":[{\"@type\":\"WebSite\",\"@id\":\"https:\/\/cvoriscec.com\/#website\",\"url\":\"https:\/\/cvoriscec.com\/\",\"name\":\"\\u010cvori\\u0161\\u0107ec - Ordinacija dentalne medicine\",\"description\":\"\",\"potentialAction\":[{\"@type\":\"SearchAction\",\"target\":{\"@type\":\"EntryPoint\",\"urlTemplate\":\"https:\/\/cvoriscec.com\/?s={search_term_string}\"},\"query-input\":\"required name=search_term_string\"}],\"inLanguage\":\"de\"},{\"@type\":\"WebPage\",\"@id\":\"https:\/\/cvoriscec.com\/de\/ueber-uns\/#webpage\",\"url\":\"https:\/\/cvoriscec.com\/de\/ueber-uns\/\",\"name\":\"\\u00dcber uns - \\u010cvori\\u0161\\u0107ec - Ordinacija dentalne medicine\",\"isPartOf\":{\"@id\":\"https:\/\/cvoriscec.com\/#website\"},\"datePublished\":\"2021-02-23T08:52:48+00:00\",\"dateModified\":\"2021-12-13T14:47:58+00:00\",\"breadcrumb\":{\"@id\":\"https:\/\/cvoriscec.com\/de\/ueber-uns\/#breadcrumb\"},\"inLanguage\":\"de\",\"potentialAction\":[{\"@type\":\"ReadAction\",\"target\":[\"https:\/\/cvoriscec.com\/de\/ueber-uns\/\"]}]},{\"@type\":\"BreadcrumbList\",\"@id\":\"https:\/\/cvoriscec.com\/de\/ueber-uns\/#breadcrumb\",\"itemListElement\":[{\"@type\":\"ListItem\",\"position\":1,\"name\":\"Po\\u010detna stranica\",\"item\":\"https:\/\/cvoriscec.com\/de\/\"},{\"@type\":\"ListItem\",\"position\":2,\"name\":\"\\u00dcber uns\"}]}]}<\/script>\n<!-- \/ Yoast SEO plugin. -->","yoast_head_json":{"title":"\u00dcber uns - \u010cvori\u0161\u0107ec - Ordinacija dentalne medicine","robots":{"index":"index","follow":"follow","max-snippet":"max-snippet:-1","max-image-preview":"max-image-preview:large","max-video-preview":"max-video-preview:-1"},"canonical":"https:\/\/cvoriscec.com\/de\/ueber-uns\/","og_locale":"de_DE","og_type":"article","og_title":"\u00dcber uns - \u010cvori\u0161\u0107ec - Ordinacija dentalne medicine","og_description":"[vc_row full_width=&#8221;stretch_row&#8221; content_placement=&#8221;middle&#8221; css=&#8221;.vc_custom_1637588011050{padding-top: 60px !important;padding-bottom: 80px !important;background-color: #ffffff !important;}&#8221;][vc_column offset=&#8221;vc_col-lg-6 ...","og_url":"https:\/\/cvoriscec.com\/de\/ueber-uns\/","og_site_name":"\u010cvori\u0161\u0107ec - Ordinacija dentalne medicine","article_modified_time":"2021-12-13T14:47:58+00:00","twitter_card":"summary_large_image","twitter_misc":{"Gesch\u00e4tzte Lesezeit":"2\u00a0Minuten"},"schema":{"@context":"https:\/\/schema.org","@graph":[{"@type":"WebSite","@id":"https:\/\/cvoriscec.com\/#website","url":"https:\/\/cvoriscec.com\/","name":"\u010cvori\u0161\u0107ec - Ordinacija dentalne medicine","description":"","potentialAction":[{"@type":"SearchAction","target":{"@type":"EntryPoint","urlTemplate":"https:\/\/cvoriscec.com\/?s={search_term_string}"},"query-input":"required name=search_term_string"}],"inLanguage":"de"},{"@type":"WebPage","@id":"https:\/\/cvoriscec.com\/de\/ueber-uns\/#webpage","url":"https:\/\/cvoriscec.com\/de\/ueber-uns\/","name":"\u00dcber uns - \u010cvori\u0161\u0107ec - Ordinacija dentalne medicine","isPartOf":{"@id":"https:\/\/cvoriscec.com\/#website"},"datePublished":"2021-02-23T08:52:48+00:00","dateModified":"2021-12-13T14:47:58+00:00","breadcrumb":{"@id":"https:\/\/cvoriscec.com\/de\/ueber-uns\/#breadcrumb"},"inLanguage":"de","potentialAction":[{"@type":"ReadAction","target":["https:\/\/cvoriscec.com\/de\/ueber-uns\/"]}]},{"@type":"BreadcrumbList","@id":"https:\/\/cvoriscec.com\/de\/ueber-uns\/#breadcrumb","itemListElement":[{"@type":"ListItem","position":1,"name":"Po\u010detna stranica","item":"https:\/\/cvoriscec.com\/de\/"},{"@type":"ListItem","position":2,"name":"\u00dcber uns"}]}]}},"_links":{"self":[{"href":"https:\/\/cvoriscec.com\/de\/wp-json\/wp\/v2\/pages\/848"}],"collection":[{"href":"https:\/\/cvoriscec.com\/de\/wp-json\/wp\/v2\/pages"}],"about":[{"href":"https:\/\/cvoriscec.com\/de\/wp-json\/wp\/v2\/types\/page"}],"author":[{"embeddable":true,"href":"https:\/\/cvoriscec.com\/de\/wp-json\/wp\/v2\/users\/1"}],"replies":[{"embeddable":true,"href":"https:\/\/cvoriscec.com\/de\/wp-json\/wp\/v2\/comments?post=848"}],"version-history":[{"count":2,"href":"https:\/\/cvoriscec.com\/de\/wp-json\/wp\/v2\/pages\/848\/revisions"}],"predecessor-version":[{"id":850,"href":"https:\/\/cvoriscec.com\/de\/wp-json\/wp\/v2\/pages\/848\/revisions\/850"}],"wp:attachment":[{"href":"https:\/\/cvoriscec.com\/de\/wp-json\/wp\/v2\/media?parent=848"}],"curies":[{"name":"wp","href":"https:\/\/api.w.org\/{rel}","templated":true}]}}