{"id":821,"date":"2021-11-23T09:17:49","date_gmt":"2021-11-23T09:17:49","guid":{"rendered":"https:\/\/cvoriscec.com\/cjenik\/"},"modified":"2021-12-13T13:54:01","modified_gmt":"2021-12-13T13:54:01","slug":"preisliste","status":"publish","type":"page","link":"https:\/\/cvoriscec.com\/de\/preisliste\/","title":{"rendered":"Preisliste"},"content":{"rendered":"<p>[vc_row css=&#8221;.vc_custom_1637660377386{padding-bottom: 60px !important;}&#8221;][vc_column]<div id=\"cz_91985\" class=\"cz_91985 cz_title clr cz_smart_fs cz_title_ba_line cz_title_pos_inline\"><div class=\"cz_title_content\"><div class=\"cz_wpe_content\"><h3 style=\"color: #333;\"><span style=\"font-size: 34px; font-weight: 300;\">RESTAURATIVE ZAHNHEILKUNDE UND ENDODONTISCHE BEHANDLUNGEN<\/span><\/h3>\n<\/div><div class=\"cz_title_line cz_line_after_title\"><span>_<\/span><\/div><\/div><\/div><div class=\"cz_gap clr \" style=\"height: 35px\"><\/div><div id=\"cz_64468\" class=\"cz_64468 cz_wh\"><div class=\"mb10 last0 clr\"><div class=\"clr\"><span class=\"cz_wh_left\"><b>\u00c4sthetische F\u00fcllung I Klasse<\/b><\/span><span class=\"cz_wh_right\">300 HRK<\/span><\/div><div class=\"cz_wh_line\"><\/div><\/div><div class=\"mb10 last0 clr\"><div class=\"clr\"><span class=\"cz_wh_left\"><b>\u00c4sthetische F\u00fcllung (MO)<\/b><\/span><span class=\"cz_wh_right\">350 HRK<\/span><\/div><div class=\"cz_wh_line\"><\/div><\/div><div class=\"mb10 last0 clr\"><div class=\"clr\"><span class=\"cz_wh_left\"><b>\u00c4sthetisch (MOD)<\/b><\/span><span class=\"cz_wh_right\">400 HRK<\/span><\/div><div class=\"cz_wh_line\"><\/div><\/div><div class=\"mb10 last0 clr\"><div class=\"clr\"><span class=\"cz_wh_left\"><b>F\u00fcllung von Milchz\u00e4hnen<\/b><\/span><span class=\"cz_wh_right\">200 HRK<\/span><\/div><div class=\"cz_wh_line\"><\/div><\/div><div class=\"mb10 last0 clr\"><div class=\"clr\"><span class=\"cz_wh_left\"><b>Glasionomere Unterlage<\/b><\/span><span class=\"cz_wh_right\">100 HRK<\/span><\/div><div class=\"cz_wh_line\"><\/div><\/div><div class=\"mb10 last0 clr\"><div class=\"clr\"><span class=\"cz_wh_left\"><b>\u00dcberdeckung der Pulpa<\/b><\/span><span class=\"cz_wh_right\">100 HRK<\/span><\/div><div class=\"cz_wh_line\"><\/div><\/div><div class=\"mb10 last0 clr\"><div class=\"clr\"><span class=\"cz_wh_left\"><b>Medikamenteinlage<\/b><\/span><span class=\"cz_wh_right\">100 HRK<\/span><\/div><div class=\"cz_wh_line\"><\/div><\/div><div class=\"mb10 last0 clr\"><div class=\"clr\"><span class=\"cz_wh_left\"><b>Devitalisation mit Paste<\/b><\/span><span class=\"cz_wh_right\">100 HRK<\/span><\/div><div class=\"cz_wh_line\"><\/div><\/div><div class=\"mb10 last0 clr\"><div class=\"clr\"><span class=\"cz_wh_left\"><b>Endodontische Zahntherapie (pro Kanal)<\/b><\/span><span class=\"cz_wh_right\">300 HRK<\/span><\/div><div class=\"cz_wh_line\"><\/div><\/div><div class=\"mb10 last0 clr\"><div class=\"clr\"><span class=\"cz_wh_left\"><b>Revision der Kanalf\u00fcllung (pro Kanal)<\/b><\/span><span class=\"cz_wh_right\">400 HRK<\/span><\/div><div class=\"cz_wh_line\"><\/div><\/div><div class=\"mb10 last0 clr\"><div class=\"clr\"><span class=\"cz_wh_left\"><b>\u00c4sthetischer Aufbau<\/b><\/span><span class=\"cz_wh_right\">450 HRK<\/span><\/div><div class=\"cz_wh_line\"><\/div><\/div><div class=\"mb10 last0 clr\"><div class=\"clr\"><span class=\"cz_wh_left\"><b>Z\u00e4hnebleichen in der Praxis (UV Lampe)<\/b><\/span><span class=\"cz_wh_right\">2500 HRK<\/span><\/div><div class=\"cz_wh_line\"><\/div><\/div><div class=\"mb10 last0 clr\"><div class=\"clr\"><span class=\"cz_wh_left\"><b>Z\u00e4hnebleichen mit Hilfe von Schienen<\/b><\/span><span class=\"cz_wh_right\">1800 HRK<\/span><\/div><div class=\"cz_wh_line\"><\/div><\/div><div class=\"mb10 last0 clr\"><div class=\"clr\"><span class=\"cz_wh_left\"><b>Z\u00e4hnebleichen des avitalen Zahns<\/b><\/span><span class=\"cz_wh_right\">700 HRK<\/span><\/div><div class=\"cz_wh_line\"><\/div><\/div><div class=\"mb10 last0 clr\"><div class=\"clr\"><span class=\"cz_wh_left\"><b>Entfernen von Zahnstein und Polieren von Z\u00e4hnen<\/b><\/span><span class=\"cz_wh_right\">400 HRK<\/span><\/div><div class=\"cz_wh_line\"><\/div><\/div><div class=\"mb10 last0 clr\"><div class=\"clr\"><span class=\"cz_wh_left\"><b>Sandstrahlen der Z\u00e4hne<\/b><\/span><span class=\"cz_wh_right\">300 HRK<\/span><\/div><div class=\"cz_wh_line\"><\/div><\/div><div class=\"mb10 last0 clr\"><div class=\"clr\"><span class=\"cz_wh_left\"><b>Zahnfluoridierung<\/b><\/span><span class=\"cz_wh_right\">100 HRK<\/span><\/div><div class=\"cz_wh_line\"><\/div><\/div><\/div>[\/vc_column][\/vc_row][vc_row full_width=&#8221;stretch_row&#8221; css=&#8221;.vc_custom_1637660366360{padding-top: 60px !important;padding-bottom: 60px !important;background-color: #eaeaea !important;}&#8221;][vc_column]<div id=\"cz_72345\" class=\"cz_72345 cz_title clr cz_smart_fs cz_title_ba_line cz_title_pos_inline\"><div class=\"cz_title_content\"><div class=\"cz_wpe_content\"><h3 style=\"color: #333;\"><span style=\"font-size: 34px; font-weight: 300;\">ORALE CHIRURGIE<\/span><\/h3>\n<\/div><div class=\"cz_title_line cz_line_after_title\"><span>_<\/span><\/div><\/div><\/div><div class=\"cz_gap clr \" style=\"height: 35px\"><\/div><div id=\"cz_87053\" class=\"cz_87053 cz_wh\"><div class=\"mb10 last0 clr\"><div class=\"clr\"><span class=\"cz_wh_left\"><b>Zahnextraktion<\/b><\/span><span class=\"cz_wh_right\">400 HRK<\/span><\/div><div class=\"cz_wh_line\"><\/div><\/div><div class=\"mb10 last0 clr\"><div class=\"clr\"><span class=\"cz_wh_left\"><b>Komplizierte Zahnextraktion<\/b><\/span><span class=\"cz_wh_right\">600 HRK<\/span><\/div><div class=\"cz_wh_line\"><\/div><\/div><div class=\"mb10 last0 clr\"><div class=\"clr\"><span class=\"cz_wh_left\"><b>Operative Herausnahme des Zahns oder der Wurzel (Alveotomie)<\/b><\/span><span class=\"cz_wh_right\">1000 HRK<\/span><\/div><div class=\"cz_wh_line\"><\/div><\/div><div class=\"mb10 last0 clr\"><div class=\"clr\"><span class=\"cz_wh_left\"><b>Terapie dolor post ex<\/b><\/span><span class=\"cz_wh_right\">150 HRK<\/span><\/div><div class=\"cz_wh_line\"><\/div><\/div><div class=\"mb10 last0 clr\"><div class=\"clr\"><span class=\"cz_wh_left\"><b>Gingivektomie pro Quadrant<\/b><\/span><span class=\"cz_wh_right\">1500 HRK<\/span><\/div><div class=\"cz_wh_line\"><\/div><\/div><\/div>[\/vc_column][\/vc_row][vc_row css=&#8221;.vc_custom_1637660518615{padding-top: 60px !important;padding-bottom: 60px !important;}&#8221;][vc_column]<div id=\"cz_15291\" class=\"cz_15291 cz_title clr cz_smart_fs cz_title_ba_line cz_title_pos_inline\"><div class=\"cz_title_content\"><div class=\"cz_wpe_content\"><h3 style=\"color: #333;\"><span style=\"font-size: 34px; font-weight: 300;\">IMPLANTOLOGIE<\/span><\/h3>\n<\/div><div class=\"cz_title_line cz_line_after_title\"><span>_<\/span><\/div><\/div><\/div><div class=\"cz_gap clr \" style=\"height: 35px\"><\/div><div id=\"cz_16313\" class=\"cz_16313 cz_wh\"><div class=\"mb10 last0 clr\"><div class=\"clr\"><span class=\"cz_wh_left\"><b>Einbau vom Implantat<\/b><\/span><span class=\"cz_wh_right\">5500 HRK<\/span><\/div><div class=\"cz_wh_line\"><\/div><\/div><div class=\"mb10 last0 clr\"><div class=\"clr\"><span class=\"cz_wh_left\"><b>Metall-keramische Krone auf dem Implantat<\/b><\/span><span class=\"cz_wh_right\">3000 HRK<\/span><\/div><div class=\"cz_wh_line\"><\/div><\/div><div class=\"mb10 last0 clr\"><div class=\"clr\"><span class=\"cz_wh_left\"><b>Provisorische Krone auf dem Implantat<\/b><\/span><span class=\"cz_wh_right\">1000 HRK<\/span><\/div><div class=\"cz_wh_line\"><\/div><\/div><div class=\"mb10 last0 clr\"><div class=\"clr\"><span class=\"cz_wh_left\"><b>Zirkonkrone auf dem Implantat (Titan-Abutments)<\/b><\/span><span class=\"cz_wh_right\">3800 HRK<\/span><\/div><div class=\"cz_wh_line\"><\/div><\/div><div class=\"mb10 last0 clr\"><div class=\"clr\"><span class=\"cz_wh_left\"><b>vorimplantologische Vorbereitung und Knochenersatz werden separat bezahlt <\/b><\/span><\/div><div class=\"cz_wh_line\"><\/div><\/div><\/div>[\/vc_column][\/vc_row][vc_row full_width=&#8221;stretch_row&#8221; css=&#8221;.vc_custom_1637660366360{padding-top: 60px !important;padding-bottom: 60px !important;background-color: #eaeaea !important;}&#8221;][vc_column]<div id=\"cz_18811\" class=\"cz_18811 cz_title clr cz_smart_fs cz_title_ba_line cz_title_pos_inline\"><div class=\"cz_title_content\"><div class=\"cz_wpe_content\"><h3 style=\"color: #333;\"><span style=\"font-size: 34px; font-weight: 300;\">DENTALPROTETIK<\/span><\/h3>\n<\/div><div class=\"cz_title_line cz_line_after_title\"><span>_<\/span><\/div><\/div><\/div><div class=\"cz_gap clr \" style=\"height: 35px\"><\/div><div id=\"cz_24179\" class=\"cz_24179 cz_wh\"><div class=\"mb10 last0 clr\"><div class=\"clr\"><span class=\"cz_wh_left\"><b>Provisorische Krone (Erstellung in der Praxis)<\/b><\/span><span class=\"cz_wh_right\">200 HRK<\/span><\/div><div class=\"cz_wh_line\"><\/div><\/div><div class=\"mb10 last0 clr\"><div class=\"clr\"><span class=\"cz_wh_left\"><b>Akrilatkrone (Erstellung im Labor)<\/b><\/span><span class=\"cz_wh_right\">300 HRK<\/span><\/div><div class=\"cz_wh_line\"><\/div><\/div><div class=\"mb10 last0 clr\"><div class=\"clr\"><span class=\"cz_wh_left\"><b>Fasetierte Krone (Ivocron)<\/b><\/span><span class=\"cz_wh_right\">760 HRK<\/span><\/div><div class=\"cz_wh_line\"><\/div><\/div><div class=\"mb10 last0 clr\"><div class=\"clr\"><span class=\"cz_wh_left\"><b>Keramische Krone (Metal)<\/b><\/span><span class=\"cz_wh_right\">1400 HRK<\/span><\/div><div class=\"cz_wh_line\"><\/div><\/div><div class=\"mb10 last0 clr\"><div class=\"clr\"><span class=\"cz_wh_left\"><b>Keramische Krone (Zirkon)<\/b><\/span><span class=\"cz_wh_right\">2800 HRK<\/span><\/div><div class=\"cz_wh_line\"><\/div><\/div><div class=\"mb10 last0 clr\"><div class=\"clr\"><span class=\"cz_wh_left\"><b>Ganzkeramische Krone (Empress)<\/b><\/span><span class=\"cz_wh_right\">2800 HRK<\/span><\/div><div class=\"cz_wh_line\"><\/div><\/div><div class=\"mb10 last0 clr\"><div class=\"clr\"><span class=\"cz_wh_left\"><b>Veneers<\/b><\/span><span class=\"cz_wh_right\">2200 HRK<\/span><\/div><div class=\"cz_wh_line\"><\/div><\/div><div class=\"mb10 last0 clr\"><div class=\"clr\"><span class=\"cz_wh_left\"><b>Gegossener Aufbau<\/b><\/span><span class=\"cz_wh_right\">650 HRK<\/span><\/div><div class=\"cz_wh_line\"><\/div><\/div><div class=\"mb10 last0 clr\"><div class=\"clr\"><span class=\"cz_wh_left\"><b>Gegossene Metallprothese (Wironit)<\/b><\/span><span class=\"cz_wh_right\">4000 HRK<\/span><\/div><div class=\"cz_wh_line\"><\/div><\/div><div class=\"mb10 last0 clr\"><div class=\"clr\"><span class=\"cz_wh_left\"><b>Akrilatprothese<\/b><\/span><span class=\"cz_wh_right\">2800 HRK<\/span><\/div><div class=\"cz_wh_line\"><\/div><\/div><div class=\"mb10 last0 clr\"><div class=\"clr\"><span class=\"cz_wh_left\"><b>Reparatur der Prothese<\/b><\/span><span class=\"cz_wh_right\">400 HRK<\/span><\/div><div class=\"cz_wh_line\"><\/div><\/div><div class=\"mb10 last0 clr\"><div class=\"clr\"><span class=\"cz_wh_left\"><b>Prothesenunterf\u00fctterung<\/b><\/span><span class=\"cz_wh_right\">450 HRK<\/span><\/div><div class=\"cz_wh_line\"><\/div><\/div><div class=\"mb10 last0 clr\"><div class=\"clr\"><span class=\"cz_wh_left\"><b>Gelenkverbindung pro St\u00fcck<\/b><\/span><span class=\"cz_wh_right\">1000 HRK<\/span><\/div><div class=\"cz_wh_line\"><\/div><\/div><\/div>[\/vc_column][\/vc_row][vc_row css=&#8221;.vc_custom_1637660518615{padding-top: 60px !important;padding-bottom: 60px !important;}&#8221;][vc_column]<div id=\"cz_48902\" class=\"cz_48902 cz_title clr cz_smart_fs cz_title_ba_line cz_title_pos_inline\"><div class=\"cz_title_content\"><div class=\"cz_wpe_content\"><h3 style=\"color: #333;\"><span style=\"font-size: 34px; font-weight: 300;\">SCHIENEN<\/span><\/h3>\n<\/div><div class=\"cz_title_line cz_line_after_title\"><span>_<\/span><\/div><\/div><\/div><div class=\"cz_gap clr \" style=\"height: 35px\"><\/div><div id=\"cz_18398\" class=\"cz_18398 cz_wh\"><div class=\"mb10 last0 clr\"><div class=\"clr\"><span class=\"cz_wh_left\"><b>Schiene<\/b><\/span><span class=\"cz_wh_right\">500 HRK<\/span><\/div><div class=\"cz_wh_line\"><\/div><\/div><\/div>[\/vc_column][\/vc_row][vc_row full_width=&#8221;stretch_row&#8221; css=&#8221;.vc_custom_1637660366360{padding-top: 60px !important;padding-bottom: 60px !important;background-color: #eaeaea !important;}&#8221;][vc_column][vc_column_text]5% Rabatt bei Barzahlung[\/vc_column_text][\/vc_column][\/vc_row]<\/p>\n","protected":false},"excerpt":{"rendered":"<p>[vc_row css=&#8221;.vc_custom_1637660377386{padding-bottom: 60px !important;}&#8221;][vc_column][\/vc_column][\/vc_row][vc_row full_width=&#8221;stretch_row&#8221; css=&#8221;.vc_custom_1637660366360{padding-top: 60px !important;padding-bottom: 60px !important;background-color: #eaeaea &#8230; <\/p>\n","protected":false},"author":1,"featured_media":0,"parent":0,"menu_order":0,"comment_status":"closed","ping_status":"closed","template":"","meta":[],"yoast_head":"<!-- This site is optimized with the Yoast SEO plugin v17.8 - https:\/\/yoast.com\/wordpress\/plugins\/seo\/ -->\n<title>Preisliste - \u010cvori\u0161\u0107ec - Ordinacija dentalne medicine<\/title>\n<meta name=\"robots\" content=\"index, follow, max-snippet:-1, max-image-preview:large, max-video-preview:-1\" \/>\n<link rel=\"canonical\" href=\"https:\/\/cvoriscec.com\/de\/preisliste\/\" \/>\n<meta property=\"og:locale\" content=\"de_DE\" \/>\n<meta property=\"og:type\" content=\"article\" \/>\n<meta property=\"og:title\" content=\"Preisliste - \u010cvori\u0161\u0107ec - Ordinacija dentalne medicine\" \/>\n<meta property=\"og:description\" content=\"[vc_row css=&#8221;.vc_custom_1637660377386{padding-bottom: 60px !important;}&#8221;][vc_column][\/vc_column][\/vc_row][vc_row full_width=&#8221;stretch_row&#8221; css=&#8221;.vc_custom_1637660366360{padding-top: 60px !important;padding-bottom: 60px !important;background-color: #eaeaea ...\" \/>\n<meta property=\"og:url\" content=\"https:\/\/cvoriscec.com\/de\/preisliste\/\" \/>\n<meta property=\"og:site_name\" content=\"\u010cvori\u0161\u0107ec - Ordinacija dentalne medicine\" \/>\n<meta property=\"article:modified_time\" content=\"2021-12-13T13:54:01+00:00\" \/>\n<meta name=\"twitter:card\" content=\"summary_large_image\" \/>\n<meta name=\"twitter:label1\" content=\"Gesch\u00e4tzte Lesezeit\" \/>\n\t<meta name=\"twitter:data1\" content=\"5\u00a0Minuten\" \/>\n<script type=\"application\/ld+json\" class=\"yoast-schema-graph\">{\"@context\":\"https:\/\/schema.org\",\"@graph\":[{\"@type\":\"WebSite\",\"@id\":\"https:\/\/cvoriscec.com\/#website\",\"url\":\"https:\/\/cvoriscec.com\/\",\"name\":\"\\u010cvori\\u0161\\u0107ec - Ordinacija dentalne medicine\",\"description\":\"\",\"potentialAction\":[{\"@type\":\"SearchAction\",\"target\":{\"@type\":\"EntryPoint\",\"urlTemplate\":\"https:\/\/cvoriscec.com\/?s={search_term_string}\"},\"query-input\":\"required name=search_term_string\"}],\"inLanguage\":\"de\"},{\"@type\":\"WebPage\",\"@id\":\"https:\/\/cvoriscec.com\/de\/preisliste\/#webpage\",\"url\":\"https:\/\/cvoriscec.com\/de\/preisliste\/\",\"name\":\"Preisliste - \\u010cvori\\u0161\\u0107ec - Ordinacija dentalne medicine\",\"isPartOf\":{\"@id\":\"https:\/\/cvoriscec.com\/#website\"},\"datePublished\":\"2021-11-23T09:17:49+00:00\",\"dateModified\":\"2021-12-13T13:54:01+00:00\",\"breadcrumb\":{\"@id\":\"https:\/\/cvoriscec.com\/de\/preisliste\/#breadcrumb\"},\"inLanguage\":\"de\",\"potentialAction\":[{\"@type\":\"ReadAction\",\"target\":[\"https:\/\/cvoriscec.com\/de\/preisliste\/\"]}]},{\"@type\":\"BreadcrumbList\",\"@id\":\"https:\/\/cvoriscec.com\/de\/preisliste\/#breadcrumb\",\"itemListElement\":[{\"@type\":\"ListItem\",\"position\":1,\"name\":\"Po\\u010detna stranica\",\"item\":\"https:\/\/cvoriscec.com\/de\/\"},{\"@type\":\"ListItem\",\"position\":2,\"name\":\"Preisliste\"}]}]}<\/script>\n<!-- \/ Yoast SEO plugin. -->","yoast_head_json":{"title":"Preisliste - \u010cvori\u0161\u0107ec - Ordinacija dentalne medicine","robots":{"index":"index","follow":"follow","max-snippet":"max-snippet:-1","max-image-preview":"max-image-preview:large","max-video-preview":"max-video-preview:-1"},"canonical":"https:\/\/cvoriscec.com\/de\/preisliste\/","og_locale":"de_DE","og_type":"article","og_title":"Preisliste - \u010cvori\u0161\u0107ec - Ordinacija dentalne medicine","og_description":"[vc_row css=&#8221;.vc_custom_1637660377386{padding-bottom: 60px !important;}&#8221;][vc_column][\/vc_column][\/vc_row][vc_row full_width=&#8221;stretch_row&#8221; css=&#8221;.vc_custom_1637660366360{padding-top: 60px !important;padding-bottom: 60px !important;background-color: #eaeaea ...","og_url":"https:\/\/cvoriscec.com\/de\/preisliste\/","og_site_name":"\u010cvori\u0161\u0107ec - Ordinacija dentalne medicine","article_modified_time":"2021-12-13T13:54:01+00:00","twitter_card":"summary_large_image","twitter_misc":{"Gesch\u00e4tzte Lesezeit":"5\u00a0Minuten"},"schema":{"@context":"https:\/\/schema.org","@graph":[{"@type":"WebSite","@id":"https:\/\/cvoriscec.com\/#website","url":"https:\/\/cvoriscec.com\/","name":"\u010cvori\u0161\u0107ec - Ordinacija dentalne medicine","description":"","potentialAction":[{"@type":"SearchAction","target":{"@type":"EntryPoint","urlTemplate":"https:\/\/cvoriscec.com\/?s={search_term_string}"},"query-input":"required name=search_term_string"}],"inLanguage":"de"},{"@type":"WebPage","@id":"https:\/\/cvoriscec.com\/de\/preisliste\/#webpage","url":"https:\/\/cvoriscec.com\/de\/preisliste\/","name":"Preisliste - \u010cvori\u0161\u0107ec - Ordinacija dentalne medicine","isPartOf":{"@id":"https:\/\/cvoriscec.com\/#website"},"datePublished":"2021-11-23T09:17:49+00:00","dateModified":"2021-12-13T13:54:01+00:00","breadcrumb":{"@id":"https:\/\/cvoriscec.com\/de\/preisliste\/#breadcrumb"},"inLanguage":"de","potentialAction":[{"@type":"ReadAction","target":["https:\/\/cvoriscec.com\/de\/preisliste\/"]}]},{"@type":"BreadcrumbList","@id":"https:\/\/cvoriscec.com\/de\/preisliste\/#breadcrumb","itemListElement":[{"@type":"ListItem","position":1,"name":"Po\u010detna stranica","item":"https:\/\/cvoriscec.com\/de\/"},{"@type":"ListItem","position":2,"name":"Preisliste"}]}]}},"_links":{"self":[{"href":"https:\/\/cvoriscec.com\/de\/wp-json\/wp\/v2\/pages\/821"}],"collection":[{"href":"https:\/\/cvoriscec.com\/de\/wp-json\/wp\/v2\/pages"}],"about":[{"href":"https:\/\/cvoriscec.com\/de\/wp-json\/wp\/v2\/types\/page"}],"author":[{"embeddable":true,"href":"https:\/\/cvoriscec.com\/de\/wp-json\/wp\/v2\/users\/1"}],"replies":[{"embeddable":true,"href":"https:\/\/cvoriscec.com\/de\/wp-json\/wp\/v2\/comments?post=821"}],"version-history":[{"count":7,"href":"https:\/\/cvoriscec.com\/de\/wp-json\/wp\/v2\/pages\/821\/revisions"}],"predecessor-version":[{"id":828,"href":"https:\/\/cvoriscec.com\/de\/wp-json\/wp\/v2\/pages\/821\/revisions\/828"}],"wp:attachment":[{"href":"https:\/\/cvoriscec.com\/de\/wp-json\/wp\/v2\/media?parent=821"}],"curies":[{"name":"wp","href":"https:\/\/api.w.org\/{rel}","templated":true}]}}